{"id":24307,"date":"2024-06-08T13:19:28","date_gmt":"2024-06-08T11:19:28","guid":{"rendered":"https:\/\/test.studiodrzwi.com\/?post_type=product&#038;p=24307"},"modified":"2026-03-26T13:05:19","modified_gmt":"2026-03-26T12:05:19","slug":"lumio-dre","status":"publish","type":"product","link":"https:\/\/studiodrzwi.com\/en\/lumio-dre\/","title":{"rendered":"Lumio DRE"},"content":{"rendered":"<p>OPCJE BEZ DOP\u0141ATY:<\/p>\n<ul>\n<li>szyby DECORMAT BR\u0104Z, DECORMAT GRAFIT i szyba prze\u017aroczysta<\/li>\n<li>otwory pod tuleje wentylacyjne<\/li>\n<li>P\u0142ycina p\u0142aska HDF 4mm czarna lakierowana po\u0142ysk w modelach<br \/>\nLUMIO 1, 7, 9 &#8211; zamiast szyby<\/li>\n<\/ul>\n<p>SKRZYD\u0141O PRZYLGOWE<\/p>\n<ul>\n<li>Prosta kraw\u0119d\u017a (rys. Drzwi DRE Lumio &#8211; rodzaje skrzyde\u0142 &#8211; patrz ni\u017cej)<\/li>\n<li>Trzy srebrne zawiasy wkr\u0119cane<\/li>\n<li>Zamek zasuwkowy na klucz zwyk\u0142y, blokad\u0119 \u0142azienkow\u0105, wk\u0142adk\u0119 patentow\u0105 lub zamek oszcz\u0119dno\u015bciowy<\/li>\n<\/ul>\n<p><span style=\"font-family: var(--global-body-font-family);\">UWAGA: Do skrzyde\u0142 przylgowych LUMIO nale\u017cy stosowa\u0107 o\u015bcie\u017cnice z 3 zawiasami.<\/span><\/p>\n<p><span style=\"font-family: var(--global-body-font-family);\"><img decoding=\"async\" class=\"size-full wp-image-24322 aligncenter\" src=\"https:\/\/studiodrzwi.com\/wp-content\/uploads\/2024\/06\/Krawedz-prosta-rys.webp\" alt=\"\" width=\"103\" height=\"128\" \/><\/span><\/p>\n<p style=\"text-align: center;\">Rys. Drzwi Dre Lumio<\/p>\n<figure id=\"attachment_24337\" aria-describedby=\"caption-attachment-24337\" style=\"width: 1200px\" class=\"wp-caption aligncenter\"><img fetchpriority=\"high\" decoding=\"async\" class=\"size-full wp-image-24337\" src=\"https:\/\/studiodrzwi.com\/wp-content\/uploads\/2024\/06\/Drzwi-DRE-Lumio-1-biel-alpejska-aranzacja.jpg\" alt=\"Drzwi DRE LUMIO 1 biel alpejska aran\u017cacja\" width=\"1200\" height=\"862\" \/><figcaption id=\"caption-attachment-24337\" class=\"wp-caption-text\">Drzwi DRE Lumio 1 biel alpejska<\/figcaption><\/figure>","protected":false},"excerpt":{"rendered":"<p>Drzwi Lumio Dre to skrzyd\u0142a drzwiowe, kt\u00f3re mog\u0105 by\u0107 przylgowe, przeznaczone do stosowania wewn\u0105trz pomieszcze\u0144. Model Lumio to drzwi ramowe.<\/p>\n<p>Prezentowane zdj\u0119cia r\u00f3\u017cnych wersji dotycz\u0105 okleiny w kolorze: <strong>d\u0105b rustikal<\/strong>. Pozosta\u0142e dost\u0119pne kolory okleiny dost\u0119pne w sekcji wyboru koloru okleiny.<\/p>\n<div class=\"flex-1 overflow-hidden\">\n<div class=\"react-scroll-to-bottom--css-ihtbu-79elbk h-full\">\n<div class=\"react-scroll-to-bottom--css-ihtbu-1n7m0yu\">\n<div class=\"flex flex-col text-sm pb-9\">\n<div class=\"w-full text-token-text-primary\" dir=\"auto\" data-testid=\"conversation-turn-5\">\n<div class=\"px-4 py-2 justify-center text-base md:gap-6 m-auto\">\n<div class=\"flex flex-1 text-base mx-auto gap-3 juice:gap-4 juice:md:gap-6 md:px-5 lg:px-1 xl:px-5 md:max-w-3xl lg:max-w-[40rem] xl:max-w-[48rem]\">\n<div class=\"relative flex w-full min-w-0 flex-col agent-turn\">\n<div class=\"flex-col gap-1 md:gap-3\">\n<div class=\"flex flex-grow flex-col max-w-full\">\n<div class=\"min-h-[20px] text-message flex flex-col items-start gap-3 whitespace-pre-wrap break-words [.text-message+&amp;]:mt-5 overflow-x-auto\" dir=\"auto\" data-message-author-role=\"assistant\" data-message-id=\"c0819095-5a13-495c-9d40-5676f9ce0abb\">\n<div class=\"markdown prose w-full break-words dark:prose-invert light\">\n<p>W standardzie:<\/p>\n<ul>\n<li>Ramiaki z p\u0142yt drewnopochodnych<\/li>\n<li>Szyba MAT DRE gr. 4 mm<\/li>\n<li>Wstawki p\u0142askie (LUMIO 7-9)<\/li>\n<\/ul>\n<p><a title=\"DOPASUJ O\u015aCIE\u017bNICE DO TYCH DRZWI\" href=\"https:\/\/studiodrzwi.com\/wszystkie-akcesoria\/?btsf-filter=1&amp;filter_producent=dre&amp;query_type_producent=and\">DOPASUJ O\u015aCIE\u017bNICE DO TYCH DRZWI<\/a><\/p>\n<p>Klamka nie jest zawarta w komplecie z drzwiami.<\/p>\n<p><a title=\"DOPASUJ KLAMK\u0118 DO TYCH DRZWI\" href=\"https:\/\/studiodrzwi.com\/wszystkie-akcesoria\/?btsf-filter=1&amp;product_cat=wszystkie-akcesoria%2Cklamki-drzwi&amp;query_type_product_cat=and\" rel=\"nofollow\">DOPASUJ KLAMK\u0118 DO TYCH DRZWI<\/a><\/p>\n<\/div>\n<\/div>\n<\/div>\n<\/div>\n<\/div>\n<\/div>\n<\/div>\n<\/div>\n<\/div>\n<\/div>\n<\/div>\n<\/div>\n","protected":false},"featured_media":36483,"template":"","meta":[],"product_brand":[],"product_cat":[43,44],"product_tag":[],"class_list":{"0":"post-24307","1":"product","2":"type-product","3":"status-publish","4":"has-post-thumbnail","6":"product_cat-wszystkie-drzwi","7":"product_cat-drzwi-wewnetrzne","8":"product_shipping_class-drzwi","10":"first","11":"instock","12":"taxable","13":"shipping-taxable","14":"purchasable","15":"product-type-simple"},"blog_post_layout_featured_media_urls":{"thumbnail":["https:\/\/studiodrzwi.com\/wp-content\/uploads\/2026\/03\/lumio-1--150x150.jpg",150,150,true],"full":["https:\/\/studiodrzwi.com\/wp-content\/uploads\/2026\/03\/lumio-1-.jpg",650,1024,false]},"categories":null,"categories_names":null,"comments_number":"0","_links":{"self":[{"href":"https:\/\/studiodrzwi.com\/en\/wp-json\/wp\/v2\/product\/24307","targetHints":{"allow":["GET"]}}],"collection":[{"href":"https:\/\/studiodrzwi.com\/en\/wp-json\/wp\/v2\/product"}],"about":[{"href":"https:\/\/studiodrzwi.com\/en\/wp-json\/wp\/v2\/types\/product"}],"wp:featuredmedia":[{"embeddable":true,"href":"https:\/\/studiodrzwi.com\/en\/wp-json\/wp\/v2\/media\/36483"}],"wp:attachment":[{"href":"https:\/\/studiodrzwi.com\/en\/wp-json\/wp\/v2\/media?parent=24307"}],"wp:term":[{"taxonomy":"product_brand","embeddable":true,"href":"https:\/\/studiodrzwi.com\/en\/wp-json\/wp\/v2\/product_brand?post=24307"},{"taxonomy":"product_cat","embeddable":true,"href":"https:\/\/studiodrzwi.com\/en\/wp-json\/wp\/v2\/product_cat?post=24307"},{"taxonomy":"product_tag","embeddable":true,"href":"https:\/\/studiodrzwi.com\/en\/wp-json\/wp\/v2\/product_tag?post=24307"}],"curies":[{"name":"wp","href":"https:\/\/api.w.org\/{rel}","templated":true}]}}