{"id":24271,"date":"2024-06-08T14:47:11","date_gmt":"2024-06-08T12:47:11","guid":{"rendered":"https:\/\/test.studiodrzwi.com\/?post_type=product&#038;p=24271"},"modified":"2026-04-15T18:52:13","modified_gmt":"2026-04-15T16:52:13","slug":"oscieznica-regulowana-bezprzylgowa-dre","status":"publish","type":"product","link":"https:\/\/studiodrzwi.com\/en\/oscieznica-regulowana-bezprzylgowa-dre\/","title":{"rendered":"O\u015bcie\u017cnica regulowana bezprzylgowa DRE"},"content":{"rendered":"<p>Ceny zawieraj\u0105 2 zawiasy z p\u0142ytkami mocuj\u0105cymi.<\/p>\n<p>Aby zapewni\u0107 wysok\u0105 jako\u015b\u0107 o\u015bcie\u017cnic malowanych i lakierowanych, przed procesem lakierowania lub malowania s\u0105 one pokrywane specjalnym materia\u0142em, kt\u00f3ry tworzy jednolity podk\u0142ad.<\/p>\n<p>O\u015bcie\u017cnica regulowana bezprzylgowa jest wykonana z wysokiej jako\u015bci p\u0142yty drewnopochodnej. Strona ekspozycyjna pokryta jest w ca\u0142o\u015bci foli\u0105 dekoracyjn\u0105 DRE-Cell Decor, foli\u0105 3D, laminatem CPL lub jest malowana. Konstrukcja jest dostosowana do skrzyde\u0142 o grubo\u015bci 40 mm i mo\u017ce by\u0107 stosowana do \u015bcian o grubo\u015bci od 75 do 320 mm. Dost\u0119pna jest w kolorach: bia\u0142y mat, czarny mat, bia\u0142y malowany akrylowy UV, sosna bia\u0142a, d\u0105b piaskowy, d\u0105b polski 3D, bia\u0142y lakierowany, czarny lakierowany oraz dekory z kolekcji LUX i WOOD. Istnieje mo\u017cliwo\u015b\u0107 wyboru k\u0105ta \u0142\u0105czenia belek 90\u00b0 z k\u0105townikiem T80.<\/p>\n<p>Zawarto\u015b\u0107 zestawu:<\/p>\n<p>Belka g\u0142\u00f3wna (pozioma i dwie pionowe) wraz z szerokim k\u0105townikiem (80 mm) o ma\u0142ych promieniach zaokr\u0105glenia profilu przekroju (R2), uszczelka drzwiowa, zestaw zawias\u00f3w oraz komplet element\u00f3w potrzebnych do z\u0142o\u017cenia o\u015bcie\u017cnicy zgodnie z za\u0142\u0105czon\u0105 instrukcj\u0105.<\/p>\n<p>O\u015bcie\u017cnice s\u0105 pakowane w kartonowe opakowania.<\/p>\n<p><strong>WA\u017bNA INFORMACJA:<\/strong><\/p>\n<p>Drogi kliencie, je\u015bli nie jeste\u015b pewny co do wyboru odpowiedniego zakresu regulacji o\u015bcie\u017cnicy, podaj nam grubo\u015b\u0107 muru w miejscu na &#8222;komentarz&#8221; przy finalizacji zam\u00f3wienia.<\/p>\n<p>&nbsp;<\/p>\n<figure id=\"attachment_24324\" aria-describedby=\"caption-attachment-24324\" style=\"width: 1024px\" class=\"wp-caption aligncenter\"><img fetchpriority=\"high\" decoding=\"async\" class=\"wp-image-24324 size-large\" title=\"O\u015bcie\u017cnica regulowana bezprzylgowa DRE - wymiary techniczne\" src=\"https:\/\/studiodrzwi.com\/wp-content\/uploads\/2024\/06\/Oscieznica-regulowana-bezprzylgowa-DRE-wymiary-techniczne-1024x639.webp\" alt=\"O\u015bcie\u017cnica regulowana bezprzylgowa DRE - wymiary techniczne - rysunek\" width=\"1024\" height=\"639\" \/><figcaption id=\"caption-attachment-24324\" class=\"wp-caption-text\">O\u015bcie\u017cnica regulowana bezprzylgowa DRE &#8211; wymiary techniczne<\/figcaption><\/figure>","protected":false},"excerpt":{"rendered":"<p>O\u015bcie\u017cnica, to inaczej rama dla drzwi, zamiennie stosuje si\u0119 okre\u015blenia takie jak: framuga, futryna drzwi.<\/p>\n<p>O\u015bcie\u017cnica regulowana bezprzylgowa DRE <strong>z k\u0105townikiem T80 lub T63.<\/strong><\/p>","protected":false},"featured_media":21860,"template":"","meta":[],"product_brand":[],"product_cat":[120,225,47],"product_tag":[],"class_list":{"0":"post-24271","1":"product","2":"type-product","3":"status-publish","4":"has-post-thumbnail","6":"product_cat-wszystkie-akcesoria","7":"product_cat-oscieznice","8":"product_cat-oscieznice-regulowane","9":"product_shipping_class-drzwi","11":"first","12":"instock","13":"taxable","14":"shipping-taxable","15":"purchasable","16":"product-type-simple"},"blog_post_layout_featured_media_urls":{"thumbnail":["https:\/\/studiodrzwi.com\/wp-content\/uploads\/2023\/11\/oscieznica-regulowana-przylgowa-windoor-150x150.webp",150,150,true],"full":["https:\/\/studiodrzwi.com\/wp-content\/uploads\/2023\/11\/oscieznica-regulowana-przylgowa-windoor.webp",650,1024,false]},"categories":null,"categories_names":null,"comments_number":"0","_links":{"self":[{"href":"https:\/\/studiodrzwi.com\/en\/wp-json\/wp\/v2\/product\/24271","targetHints":{"allow":["GET"]}}],"collection":[{"href":"https:\/\/studiodrzwi.com\/en\/wp-json\/wp\/v2\/product"}],"about":[{"href":"https:\/\/studiodrzwi.com\/en\/wp-json\/wp\/v2\/types\/product"}],"wp:featuredmedia":[{"embeddable":true,"href":"https:\/\/studiodrzwi.com\/en\/wp-json\/wp\/v2\/media\/21860"}],"wp:attachment":[{"href":"https:\/\/studiodrzwi.com\/en\/wp-json\/wp\/v2\/media?parent=24271"}],"wp:term":[{"taxonomy":"product_brand","embeddable":true,"href":"https:\/\/studiodrzwi.com\/en\/wp-json\/wp\/v2\/product_brand?post=24271"},{"taxonomy":"product_cat","embeddable":true,"href":"https:\/\/studiodrzwi.com\/en\/wp-json\/wp\/v2\/product_cat?post=24271"},{"taxonomy":"product_tag","embeddable":true,"href":"https:\/\/studiodrzwi.com\/en\/wp-json\/wp\/v2\/product_tag?post=24271"}],"curies":[{"name":"wp","href":"https:\/\/api.w.org\/{rel}","templated":true}]}}