{"id":24203,"date":"2024-05-24T16:03:19","date_gmt":"2024-05-24T14:03:19","guid":{"rendered":"https:\/\/test.studiodrzwi.com\/?post_type=product&#038;p=24203"},"modified":"2026-04-16T11:31:21","modified_gmt":"2026-04-16T09:31:21","slug":"drzwi-auri-dre","status":"publish","type":"product","link":"https:\/\/studiodrzwi.com\/en\/drzwi-auri-dre\/","title":{"rendered":"Auri DRE"},"content":{"rendered":"<p>OPCJE BEZ DOP\u0141ATY:<\/p>\n<ul>\n<li>szyby DECORMAT BR\u0104Z, DECORMAT GRAFIT i szyba prze\u017aroczysta<\/li>\n<li>otwory pod tuleje wentylacyjne<\/li>\n<\/ul>\n<p>SKRZYD\u0141O PRZYLGOWE<\/p>\n<ul>\n<li>Prosta kraw\u0119d\u017a (rys. Drzwi DRE Auri &#8211; rodzaje skrzyde\u0142 &#8211; patrz ni\u017cej)<\/li>\n<li>Trzy srebrne zawiasy wkr\u0119cane<\/li>\n<li>Zamek zasuwkowy na klucz zwyk\u0142y, blokad\u0119 \u0142azienkow\u0105, wk\u0142adk\u0119 patentow\u0105 lub zamek oszcz\u0119dno\u015bciowy<\/li>\n<\/ul>\n<p><span style=\"font-family: var(--global-body-font-family);\">UWAGA: Mo\u017cliwo\u015b\u0107 wykonania dostawek przylgowych \u201e40\u201d do skrzyde\u0142 przylgowych AURI nale\u017cy stosowa\u0107 o\u015bcie\u017cnice z 3 zawiasami.<\/span><\/p>\n<p>SKRZYD\u0141O BEZPRZYLGOWE ROZWIERNE<\/p>\n<ul>\n<li>Kraw\u0119d\u017a bez przylgi (rys. Drzwi DRE Auri &#8211; rodzaje skrzyde\u0142 &#8211; patrz ni\u017cej)<\/li>\n<li>Gniazda pod dwa zawiasy wpuszczane Estetic 80 (zawiasy w zestawie z o\u015bcie\u017cnic\u0105)<\/li>\n<li>Zamek magnetyczny na klucz zwyk\u0142y, zamek oszcz\u0119dno\u015bciowy blokad\u0119 \u0142azienkow\u0105 lub wk\u0142adk\u0119 patentow\u0105.<\/li>\n<\/ul>\n<p>SKRZYD\u0141O PRZESUWNE<\/p>\n<ul>\n<li>Kraw\u0119d\u017a bez przylgi (rys. Drzwi DRE Auri &#8211; rodzaje skrzyde\u0142 &#8211; patrz ni\u017cej)<\/li>\n<li>Gniazdo pod zamek hakowy i\/lub uchwyty<\/li>\n<\/ul>\n<p><img fetchpriority=\"high\" decoding=\"async\" class=\"wp-image-24124 size-full\" title=\"Drzwi DRE Fargo - rodzaje skrzyde\u0142\" src=\"https:\/\/studiodrzwi.com\/wp-content\/uploads\/2024\/05\/Drzwi-DRE-Fargo-rodzaje-skrzydel-1-e1716383554780.jpg\" alt=\"Drzwi DRE Fargo - rodzaje skrzyde\u0142 - rysunek\" width=\"576\" height=\"225\" \/><\/p>\n<p>&nbsp;<\/p>\n<figure id=\"attachment_24270\" aria-describedby=\"caption-attachment-24270\" style=\"width: 800px\" class=\"wp-caption aligncenter\"><img decoding=\"async\" class=\"wp-image-24270 size-full\" title=\"Drzwi DRE AURI orzech ameryka\u0144ski aran\u017cacja\" src=\"https:\/\/studiodrzwi.com\/wp-content\/uploads\/2024\/05\/Drzwi-DRE-AURI-orzech-amerykanski-aranzacja.jpg\" alt=\"Drzwi DRE AURI orzech ameryka\u0144ski aran\u017cacja (\u0142azienka)\" width=\"800\" height=\"573\" \/><figcaption id=\"caption-attachment-24270\" class=\"wp-caption-text\">Drzwi DRE AURI orzech ameryka\u0144ski aran\u017cacja<\/figcaption><\/figure>","protected":false},"excerpt":{"rendered":"<p>Drzwi AURI Dre to skrzyd\u0142a drzwiowe, kt\u00f3re mog\u0105 by\u0107 przylgowe, bezprzylgowe lub przesuwne, przeznaczone do stosowania wewn\u0105trz pomieszcze\u0144. Model AURI to drzwi ramowe.<\/p>\n<p>Prezentowane zdj\u0119cia r\u00f3\u017cnych wersji dotycz\u0105 okleiny w kolorze: <strong>orzech ameryka\u0144ski (AURI 0) oraz wi\u0105z antracyt (AURI 1-8)<\/strong>. Pozosta\u0142e dost\u0119pne kolory okleiny dost\u0119pne w sekcji wyboru koloru okleiny.<\/p>\n<div class=\"flex-1 overflow-hidden\">\n<div class=\"react-scroll-to-bottom--css-ihtbu-79elbk h-full\">\n<div class=\"react-scroll-to-bottom--css-ihtbu-1n7m0yu\">\n<div class=\"flex flex-col text-sm pb-9\">\n<div class=\"w-full text-token-text-primary\" dir=\"auto\" data-testid=\"conversation-turn-5\">\n<div class=\"px-4 py-2 justify-center text-base md:gap-6 m-auto\">\n<div class=\"flex flex-1 text-base mx-auto gap-3 juice:gap-4 juice:md:gap-6 md:px-5 lg:px-1 xl:px-5 md:max-w-3xl lg:max-w-[40rem] xl:max-w-[48rem]\">\n<div class=\"relative flex w-full min-w-0 flex-col agent-turn\">\n<div class=\"flex-col gap-1 md:gap-3\">\n<div class=\"flex flex-grow flex-col max-w-full\">\n<div class=\"min-h-[20px] text-message flex flex-col items-start gap-3 whitespace-pre-wrap break-words [.text-message+&amp;]:mt-5 overflow-x-auto\" dir=\"auto\" data-message-author-role=\"assistant\" data-message-id=\"c0819095-5a13-495c-9d40-5676f9ce0abb\">\n<div class=\"markdown prose w-full break-words dark:prose-invert light\">\n<p>W standardzie:<\/p>\n<ul>\n<li>Ramiaki z p\u0142yt drewnopochodnych<\/li>\n<li>Szyba MAT DRE gr. 4 mm<\/li>\n<li>Wstawki p\u0142askie (AURI 6-8)<\/li>\n<\/ul>\n<\/div>\n<p><a title=\"DOPASUJ O\u015aCIE\u017bNICE DO TYCH DRZWI\" href=\"https:\/\/studiodrzwi.com\/wszystkie-akcesoria\/?btsf-filter=1&amp;filter_producent=dre&amp;query_type_producent=and&amp;product_cat=wszystkie-akcesoria&amp;query_type_product_cat=and\">DOPASUJ O\u015aCIE\u017bNICE DO TYCH DRZWI<\/a><\/p>\n<p>Klamka nie jest zawarta w komplecie z drzwiami.<\/p>\n<p><a title=\"DOPASUJ KLAMK\u0118 DO TYCH DRZWI\" href=\"https:\/\/studiodrzwi.com\/wszystkie-akcesoria\/?btsf-filter=1&amp;product_cat=wszystkie-akcesoria%2Cklamki-drzwi&amp;query_type_product_cat=and\">DOPASUJ KLAMK\u0118 DO TYCH DRZWI<\/a><\/p>\n<\/div>\n<\/div>\n<\/div>\n<\/div>\n<\/div>\n<\/div>\n<\/div>\n<\/div>\n<\/div>\n<\/div>\n<\/div>\n","protected":false},"featured_media":36485,"template":"","meta":[],"product_brand":[],"product_cat":[43,229,44],"product_tag":[],"class_list":{"0":"post-24203","1":"product","2":"type-product","3":"status-publish","4":"has-post-thumbnail","6":"product_cat-wszystkie-drzwi","7":"product_cat-lazienka","8":"product_cat-drzwi-wewnetrzne","9":"product_shipping_class-drzwi","11":"first","12":"instock","13":"taxable","14":"shipping-taxable","15":"purchasable","16":"product-type-simple"},"blog_post_layout_featured_media_urls":{"thumbnail":["https:\/\/studiodrzwi.com\/wp-content\/uploads\/2026\/03\/Auri-0-dab-evoke-150x150.jpg",150,150,true],"full":["https:\/\/studiodrzwi.com\/wp-content\/uploads\/2026\/03\/Auri-0-dab-evoke.jpg",650,1024,false]},"categories":null,"categories_names":null,"comments_number":"0","_links":{"self":[{"href":"https:\/\/studiodrzwi.com\/en\/wp-json\/wp\/v2\/product\/24203","targetHints":{"allow":["GET"]}}],"collection":[{"href":"https:\/\/studiodrzwi.com\/en\/wp-json\/wp\/v2\/product"}],"about":[{"href":"https:\/\/studiodrzwi.com\/en\/wp-json\/wp\/v2\/types\/product"}],"wp:featuredmedia":[{"embeddable":true,"href":"https:\/\/studiodrzwi.com\/en\/wp-json\/wp\/v2\/media\/36485"}],"wp:attachment":[{"href":"https:\/\/studiodrzwi.com\/en\/wp-json\/wp\/v2\/media?parent=24203"}],"wp:term":[{"taxonomy":"product_brand","embeddable":true,"href":"https:\/\/studiodrzwi.com\/en\/wp-json\/wp\/v2\/product_brand?post=24203"},{"taxonomy":"product_cat","embeddable":true,"href":"https:\/\/studiodrzwi.com\/en\/wp-json\/wp\/v2\/product_cat?post=24203"},{"taxonomy":"product_tag","embeddable":true,"href":"https:\/\/studiodrzwi.com\/en\/wp-json\/wp\/v2\/product_tag?post=24203"}],"curies":[{"name":"wp","href":"https:\/\/api.w.org\/{rel}","templated":true}]}}