{"id":24175,"date":"2024-05-22T19:59:25","date_gmt":"2024-05-22T17:59:25","guid":{"rendered":"https:\/\/test.studiodrzwi.com\/?post_type=product&#038;p=24175"},"modified":"2026-04-18T15:55:58","modified_gmt":"2026-04-18T13:55:58","slug":"drzwi-nestor-dre","status":"publish","type":"product","link":"https:\/\/studiodrzwi.com\/en\/drzwi-nestor-dre\/","title":{"rendered":"Nestor DRE"},"content":{"rendered":"<p>OPCJE BEZ DOP\u0141ATY:<\/p>\n<ul>\n<li>szyby DECORMAT BR\u0104Z, DECORMAT GRAFIT i szyba prze\u017aroczysta<\/li>\n<li>otwory pod tuleje wentylacyjne<\/li>\n<\/ul>\n<p>SKRZYD\u0141O PRZYLGOWE<\/p>\n<ul>\n<li>Prosta kraw\u0119d\u017a (rys. Drzwi DRE Nestor &#8211; rodzaje skrzyde\u0142 &#8211; patrz ni\u017cej)<\/li>\n<li>Trzy srebrne zawiasy wkr\u0119cane<\/li>\n<li>Zamek zasuwkowy na klucz zwyk\u0142y, blokad\u0119 \u0142azienkow\u0105, wk\u0142adk\u0119 patentow\u0105 lub zamek oszcz\u0119dno\u015bciowy<\/li>\n<\/ul>\n<p>UWAGA: Do skrzyde\u0142 przylgowych NESTOR nale\u017cy stosowa\u0107 o\u015bcie\u017cnice z trzema zawiasami.<\/p>\n<p>SKRZYD\u0141O BEZPRZYLGOWE ROZWIERNE<\/p>\n<ul>\n<li>Kraw\u0119d\u017a bez przylgi (rys. Drzwi DRE Nestor &#8211; rodzaje skrzyde\u0142 &#8211; patrz ni\u017cej)<\/li>\n<li>Gniazda pod dwa zawiasy wpuszczane Estetic 80 (zawiasy w zestawie z o\u015bcie\u017cnic\u0105)<\/li>\n<li>Zamek magnetyczny na klucz zwyk\u0142y, blokad\u0119 \u0142azienkow\u0105, wk\u0142adk\u0119 patentow\u0105 lub zamek oszcz\u0119dno\u015bciowy w kolorze stalowym, czarnym lub bia\u0142ym<\/li>\n<\/ul>\n<p>SKRZYD\u0141O PRZESUWNE<\/p>\n<ul>\n<li>Kraw\u0119d\u017a bez przylgi (rys. Drzwi DRE Nestor &#8211; rodzaje skrzyde\u0142 &#8211; patrz ni\u017cej)<\/li>\n<li>Gniazdo pod zamek hakowy i\/lub uchwyty<\/li>\n<\/ul>\n<p>SKRZYD\u0141O Z ODWR\u00d3CON\u0104 PRZYLG\u0104<\/p>\n<ul>\n<li>Jednoskrzyd\u0142owe, rozwierne skrzyd\u0142o czynne<\/li>\n<li>Prosta kraw\u0119d\u017a (rys. Drzwi DRE Nestor &#8211; rodzaje skrzyde\u0142 &#8211; patrz ni\u017cej)<\/li>\n<li>Gniazda pod dwa zawiasy wpuszczane Estetic 1821 (zawiasy w zestawie z o\u015bcie\u017cnic\u0105)<\/li>\n<li>Zamek magnetyczny na klucz zwyk\u0142y, blokad\u0119 \u0142azienkow\u0105, wk\u0142adk\u0119 patentow\u0105 lub zamek oszcz\u0119dno\u015bciowy<\/li>\n<\/ul>\n<p>UWAGA: Opcja dost\u0119pna wy\u0142\u0105cznie dla dekor\u00f3w folii matowych.<\/p>\n<figure id=\"attachment_24124\" aria-describedby=\"caption-attachment-24124\" style=\"width: 300px\" class=\"wp-caption aligncenter\"><img fetchpriority=\"high\" decoding=\"async\" class=\"wp-image-24124 size-medium\" title=\"Drzwi DRE Fargo - rodzaje skrzyde\u0142\" src=\"https:\/\/studiodrzwi.com\/wp-content\/uploads\/2024\/05\/Drzwi-DRE-Fargo-rodzaje-skrzydel-1-300x300.jpg\" alt=\"Drzwi DRE Fargo - rodzaje skrzyde\u0142 - rysunek\" width=\"300\" height=\"300\" \/><figcaption id=\"caption-attachment-24124\" class=\"wp-caption-text\">rodzaje skrzyde\u0142<\/figcaption><\/figure>\n<p>&nbsp;<\/p>\n<figure id=\"attachment_24304\" aria-describedby=\"caption-attachment-24304\" style=\"width: 1024px\" class=\"wp-caption aligncenter\"><img decoding=\"async\" class=\"wp-image-24304 size-large\" title=\"Drzwi DRE Nestor 1 czarna mat 2\" src=\"https:\/\/studiodrzwi.com\/wp-content\/uploads\/2024\/05\/Drzwi-DRE-Nestor-1-czarna-mat-2-aranzacja-1024x737.webp\" alt=\"Drzwi DRE Nestor 1 czarna mat 2 aran\u017cacja\" width=\"1024\" height=\"737\" \/><figcaption id=\"caption-attachment-24304\" class=\"wp-caption-text\">Drzwi DRE Nestor 1 czarna mat 2<\/figcaption><\/figure>\n<p>&nbsp;<\/p>","protected":false},"excerpt":{"rendered":"<p><strong>Drzwi NESTOR Dre<\/strong> to skrzyd\u0142a drzwiowe, kt\u00f3re mog\u0105 by\u0107 przylgowe, bezprzylgowe, przesuwne lub malowane z odwr\u00f3con\u0105 przylg\u0105, przeznaczone do stosowania wewn\u0105trz pomieszcze\u0144.<\/p>\n<p>Prezentowane zdj\u0119cia r\u00f3\u017cnych wersji dotycz\u0105 okleiny w kolorze: <strong>d\u0105b polski<\/strong>. Zobacz pozosta\u0142e dost\u0119pne kolory okleiny dost\u0119pne w sekcji wyboru koloru okleiny.<\/p>\n<p>W standardzie:<\/p>\n<div class=\"flex-1 overflow-hidden\">\n<div class=\"react-scroll-to-bottom--css-ihtbu-79elbk h-full\">\n<div class=\"react-scroll-to-bottom--css-ihtbu-1n7m0yu\">\n<div class=\"flex flex-col text-sm pb-9\">\n<div class=\"w-full text-token-text-primary\" dir=\"auto\" data-testid=\"conversation-turn-5\">\n<div class=\"px-4 py-2 justify-center text-base md:gap-6 m-auto\">\n<div class=\"flex flex-1 text-base mx-auto gap-3 juice:gap-4 juice:md:gap-6 md:px-5 lg:px-1 xl:px-5 md:max-w-3xl lg:max-w-[40rem] xl:max-w-[48rem]\">\n<div class=\"relative flex w-full min-w-0 flex-col agent-turn\">\n<div class=\"flex-col gap-1 md:gap-3\">\n<div class=\"flex flex-grow flex-col max-w-full\">\n<div class=\"min-h-[20px] text-message flex flex-col items-start gap-3 whitespace-pre-wrap break-words [.text-message+&amp;]:mt-5 overflow-x-auto\" dir=\"auto\" data-message-author-role=\"assistant\" data-message-id=\"c0819095-5a13-495c-9d40-5676f9ce0abb\">\n<div class=\"markdown prose w-full break-words dark:prose-invert light\">\n<ul>\n<li>Ramiaki z p\u0142yt drewnopochodnych.<\/li>\n<li>Szyba MAT DRE gr. 4 mm.<\/li>\n<li>P\u0142yciny profilowane MDF gr. 19 mm.<\/li>\n<\/ul>\n<\/div>\n<p><a title=\"DOPASUJ O\u015aCIE\u017bNICE DO TYCH DRZWI\" href=\"https:\/\/studiodrzwi.com\/wszystkie-akcesoria\/?btsf-filter=1&amp;filter_producent=dre&amp;query_type_producent=and&amp;product_cat=wszystkie-akcesoria&amp;query_type_product_cat=and\">DOPASUJ O\u015aCIE\u017bNICE DO TYCH DRZWI<\/a><\/p>\n<p>Klamka nie jest zawarta w komplecie z drzwiami.<\/p>\n<p><a title=\"DOPASUJ KLAMK\u0118 DO TYCH DRZWI\" href=\"https:\/\/studiodrzwi.com\/wszystkie-akcesoria\/?btsf-filter=1&amp;product_cat=wszystkie-akcesoria%2Cklamki-drzwi&amp;query_type_product_cat=and\">DOPASUJ KLAMK\u0118 DO TYCH DRZWI<\/a><\/p>\n<\/div>\n<\/div>\n<\/div>\n<\/div>\n<\/div>\n<\/div>\n<\/div>\n<\/div>\n<\/div>\n<\/div>\n<\/div>\n","protected":false},"featured_media":36488,"template":"","meta":[],"product_brand":[],"product_cat":[43,226,44],"product_tag":[],"class_list":{"0":"post-24175","1":"product","2":"type-product","3":"status-publish","4":"has-post-thumbnail","6":"product_cat-wszystkie-drzwi","7":"product_cat-pokojowe","8":"product_cat-drzwi-wewnetrzne","9":"product_shipping_class-drzwi","11":"first","12":"instock","13":"taxable","14":"shipping-taxable","15":"purchasable","16":"product-type-simple"},"blog_post_layout_featured_media_urls":{"thumbnail":["https:\/\/studiodrzwi.com\/wp-content\/uploads\/2026\/03\/nestor-1-150x150.jpg",150,150,true],"full":["https:\/\/studiodrzwi.com\/wp-content\/uploads\/2026\/03\/nestor-1.jpg",650,1024,false]},"categories":null,"categories_names":null,"comments_number":"0","_links":{"self":[{"href":"https:\/\/studiodrzwi.com\/en\/wp-json\/wp\/v2\/product\/24175","targetHints":{"allow":["GET"]}}],"collection":[{"href":"https:\/\/studiodrzwi.com\/en\/wp-json\/wp\/v2\/product"}],"about":[{"href":"https:\/\/studiodrzwi.com\/en\/wp-json\/wp\/v2\/types\/product"}],"wp:featuredmedia":[{"embeddable":true,"href":"https:\/\/studiodrzwi.com\/en\/wp-json\/wp\/v2\/media\/36488"}],"wp:attachment":[{"href":"https:\/\/studiodrzwi.com\/en\/wp-json\/wp\/v2\/media?parent=24175"}],"wp:term":[{"taxonomy":"product_brand","embeddable":true,"href":"https:\/\/studiodrzwi.com\/en\/wp-json\/wp\/v2\/product_brand?post=24175"},{"taxonomy":"product_cat","embeddable":true,"href":"https:\/\/studiodrzwi.com\/en\/wp-json\/wp\/v2\/product_cat?post=24175"},{"taxonomy":"product_tag","embeddable":true,"href":"https:\/\/studiodrzwi.com\/en\/wp-json\/wp\/v2\/product_tag?post=24175"}],"curies":[{"name":"wp","href":"https:\/\/api.w.org\/{rel}","templated":true}]}}