{"id":24122,"date":"2024-05-16T22:53:20","date_gmt":"2024-05-16T20:53:20","guid":{"rendered":"https:\/\/test.studiodrzwi.com\/?post_type=product&#038;p=24122"},"modified":"2026-04-16T12:15:34","modified_gmt":"2026-04-16T10:15:34","slug":"drzwi-uni-10-dre","status":"publish","type":"product","link":"https:\/\/studiodrzwi.com\/en\/drzwi-uni-10-dre\/","title":{"rendered":"Uni 10 DRE"},"content":{"rendered":"<p><img fetchpriority=\"high\" decoding=\"async\" class=\"alignnone size-medium wp-image-36487\" src=\"https:\/\/studiodrzwi.com\/wp-content\/uploads\/2026\/03\/UNI-10-wizualizacja-popielaty-300x212.png\" alt=\"\" width=\"300\" height=\"212\" srcset=\"https:\/\/studiodrzwi.com\/wp-content\/uploads\/2026\/03\/UNI-10-wizualizacja-popielaty-300x212.png 300w, https:\/\/studiodrzwi.com\/wp-content\/uploads\/2026\/03\/UNI-10-wizualizacja-popielaty-205x145.png 205w, https:\/\/studiodrzwi.com\/wp-content\/uploads\/2026\/03\/UNI-10-wizualizacja-popielaty-768x543.png 768w, https:\/\/studiodrzwi.com\/wp-content\/uploads\/2026\/03\/UNI-10-wizualizacja-popielaty-575x406.png 575w, https:\/\/studiodrzwi.com\/wp-content\/uploads\/2026\/03\/UNI-10-wizualizacja-popielaty-380x268.png 380w, https:\/\/studiodrzwi.com\/wp-content\/uploads\/2026\/03\/UNI-10-wizualizacja-popielaty.png 906w\" sizes=\"(max-width: 300px) 100vw, 300px\" \/><\/p>\n<p>OPCJE BEZ DOP\u0141ATY:<\/p>\n<ul>\n<li>tuleje wentylacyjne<\/li>\n<li>trzeci zawias do skrzyd\u0142a przylgowego<\/li>\n<\/ul>\n<p>UWAGA: Dla zapewnienia wysokiej jako\u015bci produkt\u00f3w malowanych, przed lakierowaniem zar\u00f3wno skrzyd\u0142a drzwiowe, jak i o\u015bcie\u017cnice oklejone s\u0105 specjalnym materia\u0142em stanowi\u0105cym jednolity podk\u0142ad.<\/p>\n<p>SKRZYD\u0141O PRZYLGOWE<\/p>\n<ul>\n<li>Prosta kraw\u0119d\u017a (rys. Drzwi DRE Uni \u2013 rodzaje skrzyde\u0142 \u2013 patrz ni\u017cej)<\/li>\n<li>Dwa srebrne zawiasy wkr\u0119cane<\/li>\n<li>Zamek zasuwkowy na klucz zwyk\u0142y, blokad\u0119 \u0142azienkow\u0105, wk\u0142adk\u0119 patentow\u0105 lub zamek oszcz\u0119dno\u015bciowy<\/li>\n<\/ul>\n<p>SKRZYD\u0141O BEZPRZYLGOWE ROZWIERNE<\/p>\n<ul>\n<li>Kraw\u0119d\u017a bez przylgi (rys. Drzwi DRE Uni \u2013 rodzaje skrzyde\u0142 \u2013 patrz ni\u017cej)<\/li>\n<li>Gniazda pod dwa zawiasy wpuszczane Estetic 80 (zawiasy w zestawie z o\u015bcie\u017cnic\u0105)<\/li>\n<li>Zamek magnetyczny na klucz zwyk\u0142y, blokad\u0119 \u0142azienkow\u0105, wk\u0142adk\u0119 patentow\u0105 lub zamek oszcz\u0119dno\u015bciowy w kolorze stalowym, czarnym lub bia\u0142ym<\/li>\n<\/ul>\n<p>SKRZYD\u0141O PRZESUWNE<\/p>\n<ul>\n<li>Kraw\u0119d\u017a bez przylgi (rys. Drzwi DRE Uni \u2013 rodzaje skrzyde\u0142 \u2013 patrz ni\u017cej)<\/li>\n<li>Gniazdo pod zamek hakowy i\/lub uchwyty<\/li>\n<\/ul>\n<p>UWAGA: ze stan\u00f3w magazynowych dost\u0119pne s\u0105 wybrane konfiguracje modelu UNI 10 przylgowe w kolorze bia\u0142y.<\/p>\n<p>UWAGA: pakiet Silent dotyczy skrzyde\u0142 przylgowych i bezprzylgowych jednoskrzyd\u0142owych.<\/p>\n<p>SKRZYD\u0141O Z ODWR\u00d3CON\u0104 PRZYLG\u0104<\/p>\n<ul>\n<li>Jednoskrzyd\u0142owe, rozwierne skrzyd\u0142o czynne<\/li>\n<li>Prosta kraw\u0119d\u017a (rys. Drzwi DRE Uni \u2013 rodzaje skrzyde\u0142 \u2013 patrz ni\u017cej)<\/li>\n<li>Gniazda pod dwa zawiasy wpuszczane Estetic 1821 (zawiasy w zestawie z o\u015bcie\u017cnic\u0105)<\/li>\n<li>Zamek magnetyczny na klucz zwyk\u0142y, blokad\u0119 \u0142azienkow\u0105, wk\u0142adk\u0119 patentow\u0105 lub zamek oszcz\u0119dno\u015bciowy<\/li>\n<\/ul>\n<figure id=\"attachment_24124\" class=\"wp-caption aligncenter\" aria-describedby=\"caption-attachment-24124\"><img decoding=\"async\" class=\"wp-image-24124 size-medium\" title=\"Drzwi DRE Fargo - rodzaje skrzyde\u0142\" src=\"https:\/\/studiodrzwi.com\/wp-content\/uploads\/2024\/05\/Drzwi-DRE-Fargo-rodzaje-skrzydel-1-300x300.jpg\" sizes=\"(max-width: 300px) 100vw, 300px\" srcset=\"https:\/\/studiodrzwi.com\/wp-content\/uploads\/2024\/05\/Drzwi-DRE-Fargo-rodzaje-skrzydel-1-300x300.jpg 300w, https:\/\/studiodrzwi.com\/wp-content\/uploads\/2024\/05\/Drzwi-DRE-Fargo-rodzaje-skrzydel-1-150x150.jpg 150w, https:\/\/studiodrzwi.com\/wp-content\/uploads\/2024\/05\/Drzwi-DRE-Fargo-rodzaje-skrzydel-1-100x100.jpg 100w, https:\/\/studiodrzwi.com\/wp-content\/uploads\/2024\/05\/Drzwi-DRE-Fargo-rodzaje-skrzydel-1.jpg 600w\" alt=\"Drzwi DRE Fargo - rodzaje skrzyde\u0142 - rysunek\" width=\"300\" height=\"300\" \/><\/figure>","protected":false},"excerpt":{"rendered":"<p>Drzwi UNI Dre to skrzyd\u0142a drzwiowe, kt\u00f3re mog\u0105 by\u0107 przylgowe, bezprzylgowe, przesuwne lub malowane z odwr\u00f3con\u0105 przylg\u0105, przeznaczone do stosowania wewn\u0105trz pomieszcze\u0144.<\/p>\n<p>Prezentowane zdj\u0119cia r\u00f3\u017cnych wersji dotycz\u0105 okleiny w kolorze: <strong>BIA\u0141Y<\/strong>. Pozosta\u0142e dost\u0119pne kolory okleiny to: popielaty, ecru i latte.<\/p>\n<p>Drzwi DRE UNI 10 <strong>w kolorze bia\u0142ym<\/strong> maj\u0105 <strong>skr\u00f3cony czas oczekiwania<\/strong> &#8211; mo\u017cesz je zam\u00f3wi\u0107 &#8222;od r\u0119ki&#8221;, tj. czas oczekiwania wynosi 3-6 dni robocze (dotyczy tylko drzwi przylgowych pe\u0142nych z zamkiem na klucz oraz drzwi z podci\u0119ciem wentylacyjnym i zamkiem WC, wype\u0142nienie &#8222;plaster miodu&#8221;).<\/p>\n<div class=\"flex-1 overflow-hidden\">\n<div class=\"react-scroll-to-bottom--css-ihtbu-79elbk h-full\">\n<div class=\"react-scroll-to-bottom--css-ihtbu-1n7m0yu\">\n<div class=\"flex flex-col text-sm pb-9\">\n<div class=\"w-full text-token-text-primary\" dir=\"auto\" data-testid=\"conversation-turn-5\">\n<div class=\"px-4 py-2 justify-center text-base md:gap-6 m-auto\">\n<div class=\"flex flex-1 text-base mx-auto gap-3 juice:gap-4 juice:md:gap-6 md:px-5 lg:px-1 xl:px-5 md:max-w-3xl lg:max-w-[40rem] xl:max-w-[48rem]\">\n<div class=\"relative flex w-full min-w-0 flex-col agent-turn\">\n<div class=\"flex-col gap-1 md:gap-3\">\n<div class=\"flex flex-grow flex-col max-w-full\">\n<div class=\"min-h-[20px] text-message flex flex-col items-start gap-3 whitespace-pre-wrap break-words [.text-message+&amp;]:mt-5 overflow-x-auto\" dir=\"auto\" data-message-author-role=\"assistant\" data-message-id=\"c0819095-5a13-495c-9d40-5676f9ce0abb\">\n<div class=\"markdown prose w-full break-words dark:prose-invert light\">\n<p>W standardzie:<\/p>\n<ul>\n<li>Skrzyd\u0142o pokryte lakierem akrylowym UV.<\/li>\n<li>Rama wykonana z p\u0142yty MDF.<\/li>\n<li>Wype\u0142nienie z &#8222;plastr\u00f3w miodu&#8221;<\/li>\n<\/ul>\n<p><strong>DOPASUJ O\u015aCIE\u017bNIC\u0118 DO TYCH DRZWI:<\/strong><\/p>\n<\/div>\n<p><a title=\"O\u015aCIE\u017bNICA PROSTA PRZYLGOWA\" href=\"https:\/\/studiodrzwi.com\/oscieznica-prosta-przylgowa-dre\/\">O\u015aCIE\u017bNICA PROSTA PRZYLGOWA<\/a><\/p>\n<p><a title=\"O\u015aCIE\u017bNICA REGULOWANA PRZYLGOWA\" href=\"https:\/\/studiodrzwi.com\/oscieznica-regulowana-przylgowa-dre\/\">O\u015aCIE\u017bNICA REGULOWANA PRZYLGOWA<\/a><\/p>\n<p><a title=\"O\u015aCIE\u017bNICA REGULOWANA BEZPRZYLGOWA\" href=\"https:\/\/studiodrzwi.com\/oscieznica-regulowana-bezprzylgowa-dre\/\">O\u015aCIE\u017bNICA REGULOWANA BEZPRZYLGOWA<\/a><\/p>\n<p><a title=\"O\u015aCIE\u017bNICA PROSTA BEZPRZYLGOWA\" href=\"https:\/\/studiodrzwi.com\/oscieznica-prosta-bezprzylgowa-dre\/\">O\u015aCIE\u017bNICA PROSTA BEZPRZYLGOWA<\/a><\/p>\n<p><a title=\"O\u015aCIE\u017bNICA REGULOWANA Z ODWR\u00d3CON\u0104 PRZYLG\u0104\" href=\"https:\/\/studiodrzwi.com\/oscieznica-regulowana-odwrotna-przylga-dre\/\">O\u015aCIE\u017bNICA REGULOWANA Z ODWR\u00d3CON\u0104 PRZYLG\u0104<\/a><\/p>\n<p>Klamka nie jest zawarta w komplecie z drzwiami.<\/p>\n<p><a title=\"DOPASUJ KLAMK\u0118 DO TYCH DRZWI\" href=\"https:\/\/studiodrzwi.com\/wszystkie-akcesoria\/?btsf-filter=1&amp;product_cat=wszystkie-akcesoria%2Cklamki-drzwi&amp;query_type_product_cat=and\">DOPASUJ KLAMK\u0118 DO TYCH DRZWI<\/a><\/p>\n<\/div>\n<\/div>\n<\/div>\n<\/div>\n<\/div>\n<\/div>\n<\/div>\n<\/div>\n<\/div>\n<\/div>\n<\/div>\n","protected":false},"featured_media":36445,"template":"","meta":[],"product_brand":[187,209],"product_cat":[43,227,44],"product_tag":[54],"class_list":{"0":"post-24122","1":"product","2":"type-product","3":"status-publish","4":"has-post-thumbnail","6":"product_brand-dre","7":"product_brand-magazyn-gotowych-produktow","8":"product_cat-wszystkie-drzwi","9":"product_cat-szklane","10":"product_cat-drzwi-wewnetrzne","11":"product_tag-od-reki","12":"product_shipping_class-drzwi","14":"first","15":"instock","16":"taxable","17":"shipping-taxable","18":"purchasable","19":"product-type-simple"},"blog_post_layout_featured_media_urls":{"thumbnail":["https:\/\/studiodrzwi.com\/wp-content\/uploads\/2026\/03\/UNI-10-150x150.jpg",150,150,true],"full":["https:\/\/studiodrzwi.com\/wp-content\/uploads\/2026\/03\/UNI-10.jpg",650,1024,false]},"categories":["187","209"],"categories_names":{"187":{"name":"DRE","link":"https:\/\/studiodrzwi.com\/en\/brand\/dre\/"},"209":{"name":"MAGAZYN GOTOWYCH PRODUKT\u00d3W","link":"https:\/\/studiodrzwi.com\/en\/brand\/magazyn-gotowych-produktow\/"}},"comments_number":"0","_links":{"self":[{"href":"https:\/\/studiodrzwi.com\/en\/wp-json\/wp\/v2\/product\/24122","targetHints":{"allow":["GET"]}}],"collection":[{"href":"https:\/\/studiodrzwi.com\/en\/wp-json\/wp\/v2\/product"}],"about":[{"href":"https:\/\/studiodrzwi.com\/en\/wp-json\/wp\/v2\/types\/product"}],"wp:featuredmedia":[{"embeddable":true,"href":"https:\/\/studiodrzwi.com\/en\/wp-json\/wp\/v2\/media\/36445"}],"wp:attachment":[{"href":"https:\/\/studiodrzwi.com\/en\/wp-json\/wp\/v2\/media?parent=24122"}],"wp:term":[{"taxonomy":"product_brand","embeddable":true,"href":"https:\/\/studiodrzwi.com\/en\/wp-json\/wp\/v2\/product_brand?post=24122"},{"taxonomy":"product_cat","embeddable":true,"href":"https:\/\/studiodrzwi.com\/en\/wp-json\/wp\/v2\/product_cat?post=24122"},{"taxonomy":"product_tag","embeddable":true,"href":"https:\/\/studiodrzwi.com\/en\/wp-json\/wp\/v2\/product_tag?post=24122"}],"curies":[{"name":"wp","href":"https:\/\/api.w.org\/{rel}","templated":true}]}}