{"id":24101,"date":"2024-05-13T23:30:07","date_gmt":"2024-05-13T21:30:07","guid":{"rendered":"https:\/\/test.studiodrzwi.com\/?post_type=product&#038;p=24101"},"modified":"2026-04-15T18:52:14","modified_gmt":"2026-04-15T16:52:14","slug":"oscieznica-regulowana-przylgowa-dre","status":"publish","type":"product","link":"https:\/\/studiodrzwi.com\/en\/oscieznica-regulowana-przylgowa-dre\/","title":{"rendered":"O\u015bcie\u017cnica regulowana przylgowa DRE"},"content":{"rendered":"<p>O\u015bcie\u017cnica regulowana przylgowa DRE, wyposa\u017cona w k\u0105townik T80 lub T63, posiada k\u0105towniki o delikatnie zaokr\u0105glonych profilach poprzecznych. Zbudowana jest z wysokiej jako\u015bci p\u0142yty drewnopochodnej i pokryta zewn\u0119trzn\u0105 warstw\u0105, kt\u00f3ra mo\u017ce by\u0107 drewnopodobn\u0105 foli\u0105 dekoracyjn\u0105 DRE-Cell Decor, foli\u0105 3D, laminatem CPL o grubo\u015bci 0,15 &#8211; 0,2 mm lub mo\u017ce by\u0107 malowana.<\/p>\n<p>O\u015bcie\u017cnica regulowana przylgowa DRE dzi\u0119ki swojej konstrukcji jest odpowiednia do \u015bcian o grubo\u015bci od 60 do 320 mm. Mo\u017cliwe jest \u0142\u0105czenie pod k\u0105tem 90 stopni z k\u0105townikiem T80 w kolorach:<\/p>\n<ul>\n<li>bia\u0142y mat,<\/li>\n<li>czarny mat,<\/li>\n<li>bia\u0142y lakier akrylowy UV,<\/li>\n<li>sosna bia\u0142a,<\/li>\n<li>d\u0105b piaskowy,<\/li>\n<li>d\u0105b polski 3D.<\/li>\n<\/ul>\n<p>Aby zapewni\u0107 wysok\u0105 jako\u015b\u0107 malowanych o\u015bcie\u017cnic, przed lakierowaniem s\u0105 one przygotowywane przez oklejenie specjalnym materia\u0142em, tworz\u0105c jednolity podk\u0142ad.<\/p>\n<p>Zawarto\u015b\u0107 zestawu:<\/p>\n<ul>\n<li>Belka g\u0142\u00f3wna, sk\u0142adaj\u0105ca si\u0119 z elementu poziomego i dw\u00f3ch pionowych wraz z dodatkowymi elementami maskuj\u0105cymi, uszczelka drzwiowa, zestaw zawias\u00f3w oraz kompletny zestaw element\u00f3w potrzebnych do monta\u017cu o\u015bcie\u017cnicy zgodnie z za\u0142\u0105czon\u0105 instrukcj\u0105, s\u0105 do\u0142\u0105czone do ka\u017cdej o\u015bcie\u017cnicy.<\/li>\n<li>O\u015bcie\u017cnice s\u0105 pakowane w kartonowe opakowania. Wszystkie o\u015bcie\u017cnice do ramowych drzwi kolekcji oraz te o szeroko\u015bci 90 cm lub wi\u0119kszej powinny zawiera\u0107 trzy zawiasy.<\/li>\n<li>O\u015bcie\u017cnice przeznaczone do drzwi szklanych wyposa\u017cone s\u0105 w dwa zawiasy o \u015brednicy 15 mm, specjalny zaczep oraz uszczelk\u0119.<\/li>\n<\/ul>\n<p>** UWAGA: O\u015bcie\u017cnica regulowana przylgowa<span style=\"font-family: var(--global-body-font-family);\"> DRE na mur 060-075 ma p\u0142ytszy wpust po stronie k\u0105townika ruchomego, <\/span><span style=\"font-family: var(--global-body-font-family);\">przy monta\u017cu konieczne b\u0119dzie samodzielne skr\u00f3cenie pi\u00f3r tych k\u0105townik\u00f3w.<\/span><\/p>\n<p><strong>WA\u017bNA INFORMACJA:<\/strong><\/p>\n<p>Drogi kliencie, je\u015bli nie jeste\u015b pewny co do wyboru odpowiedniego zakresu regulacji o\u015bcie\u017cnicy, podaj nam grubo\u015b\u0107 muru w miejscu na &#8222;komentarz&#8221; przy finalizacji zam\u00f3wienia.<\/p>\n<p>&nbsp;<\/p>","protected":false},"excerpt":{"rendered":"<p>O\u015bcie\u017cnica, to inaczej rama dla drzwi, zamiennie stosuje si\u0119 okre\u015blenia takie jak: framuga, futryna drzwi.<\/p>\n<p>O\u015bcie\u017cnica regulowana przylgowa DRE <strong>z k\u0105townikiem T80 lub T63<\/strong><\/p>\n<p>O\u015bcie\u017cnica pasuje do wszystkich drzwi marki DRE, za wyj\u0105tkiem serii SUPREME. Dla SUPREME oferujemy dedykowane o\u015bcie\u017cnice.<\/p>","protected":false},"featured_media":22705,"template":"","meta":[],"product_brand":[],"product_cat":[120,225,47],"product_tag":[],"class_list":{"0":"post-24101","1":"product","2":"type-product","3":"status-publish","4":"has-post-thumbnail","6":"product_cat-wszystkie-akcesoria","7":"product_cat-oscieznice","8":"product_cat-oscieznice-regulowane","10":"first","11":"instock","12":"taxable","13":"shipping-taxable","14":"purchasable","15":"product-type-simple"},"blog_post_layout_featured_media_urls":{"thumbnail":["https:\/\/studiodrzwi.com\/wp-content\/uploads\/2023\/11\/Oscieznica-Przylgowa-Regulowana-Windoor-rozne-kolory-150x150.webp",150,150,true],"full":["https:\/\/studiodrzwi.com\/wp-content\/uploads\/2023\/11\/Oscieznica-Przylgowa-Regulowana-Windoor-rozne-kolory.webp",600,600,false]},"categories":null,"categories_names":null,"comments_number":"0","_links":{"self":[{"href":"https:\/\/studiodrzwi.com\/en\/wp-json\/wp\/v2\/product\/24101","targetHints":{"allow":["GET"]}}],"collection":[{"href":"https:\/\/studiodrzwi.com\/en\/wp-json\/wp\/v2\/product"}],"about":[{"href":"https:\/\/studiodrzwi.com\/en\/wp-json\/wp\/v2\/types\/product"}],"wp:featuredmedia":[{"embeddable":true,"href":"https:\/\/studiodrzwi.com\/en\/wp-json\/wp\/v2\/media\/22705"}],"wp:attachment":[{"href":"https:\/\/studiodrzwi.com\/en\/wp-json\/wp\/v2\/media?parent=24101"}],"wp:term":[{"taxonomy":"product_brand","embeddable":true,"href":"https:\/\/studiodrzwi.com\/en\/wp-json\/wp\/v2\/product_brand?post=24101"},{"taxonomy":"product_cat","embeddable":true,"href":"https:\/\/studiodrzwi.com\/en\/wp-json\/wp\/v2\/product_cat?post=24101"},{"taxonomy":"product_tag","embeddable":true,"href":"https:\/\/studiodrzwi.com\/en\/wp-json\/wp\/v2\/product_tag?post=24101"}],"curies":[{"name":"wp","href":"https:\/\/api.w.org\/{rel}","templated":true}]}}