{"id":23991,"date":"2024-05-09T20:51:23","date_gmt":"2024-05-09T18:51:23","guid":{"rendered":"https:\/\/test.studiodrzwi.com\/?post_type=product&#038;p=23991"},"modified":"2026-03-19T12:44:10","modified_gmt":"2026-03-19T11:44:10","slug":"drzwi-loft-elegance-windoor","status":"publish","type":"product","link":"https:\/\/studiodrzwi.com\/en\/drzwi-loft-elegance-windoor\/","title":{"rendered":"Loft Elegance Windoor"},"content":{"rendered":"<p><strong>Wyposa\u017cenie drzwi:<\/strong> 3 zawiasy w kolorze srebra z regulacj\u0105 2D.<\/p>\n<p>Dzi\u0119ki zastosowaniu technologii czopowania i ko\u0142kowania, po\u0142\u0105czenia element\u00f3w pionowych i poziomych s\u0105 wyj\u0105tkowo trwa\u0142e, co zapobiega wypaczaniu si\u0119 i opuszczaniu drzwi nawet przy wieloletnim u\u017cytkowaniu<\/p>\n<p><img fetchpriority=\"high\" decoding=\"async\" class=\"wp-image-23998 alignleft\" src=\"https:\/\/studiodrzwi.com\/wp-content\/uploads\/2024\/05\/Drzwi-Loft-Elegance-Windoor-eukaliptus-aranzacja-1024x710.jpg\" alt=\"\" width=\"949\" height=\"658\" \/><\/p>","protected":false},"excerpt":{"rendered":"<p><em>* Najni\u017csza cena w ci\u0105gu ostatnich 30 dni przed obni\u017ck\u0105 (761,37 z\u0142)<\/em><\/p>\n<p><strong>Drzwi Loft Elegance Windoor w nowoczesnej stylistyce z przeszkleniem<\/strong>. Dost\u0119pne w wersji z szyb\u0105 przezroczyst\u0105 oraz mleczn\u0105.<\/p>\n<p>Drzwi ramiakowe s\u0105 nie tylko wyj\u0105tkowo wytrzyma\u0142e na uszkodzenia mechaniczne, ale tak\u017ce gwarantuj\u0105 nowoczesn\u0105 stylizacj\u0119 wn\u0119trz, w kt\u00f3rych s\u0105 u\u017cywane. Ich konstrukcja oparta jest na wysokiej jako\u015bci p\u0142ycie MDF, co zapewnia solidno\u015b\u0107 i trwa\u0142o\u015b\u0107.<\/p>\n<p>Wyposa\u017cone s\u0105 w trzy solidne zawiasy, co podnosi komfort u\u017cytkowania oraz stabilno\u015b\u0107. Technologia SOFTLine, zastosowana przy produkcji profili, eliminuje widoczne \u0142\u0105czenia okleiny na kraw\u0119dziach, co nadaje im elegancki wygl\u0105d.<\/p>\n<p><a title=\"DOPASUJ O\u015aCIE\u017bNICE DO TYCH DRZWI\" href=\"https:\/\/studiodrzwi.com\/en\/wszystkie-akcesoria\/?btsf-filter=1&amp;filter_producent=windoor&amp;query_type_producent=and&amp;product_cat=wszystkie-akcesoria&amp;query_type_product_cat=and&amp;min_price=38&amp;max_price=726\">DOPASUJ O\u015aCIE\u017bNICE DO TYCH DRZWI<\/a><\/p>\n<p>Klamka nie jest zawarta w komplecie z drzwiami.<\/p>\n<p><a title=\"DOPASUJ KLAMK\u0118 DO TYCH DRZWI\" href=\"https:\/\/studiodrzwi.com\/en\/wszystkie-akcesoria\/?btsf-filter=1&amp;product_cat=wszystkie-akcesoria%2Cklamki-drzwi&amp;query_type_product_cat=and\">DOPASUJ KLAMK\u0118 DO TYCH DRZWI<\/a><\/p>","protected":false},"featured_media":36300,"template":"","meta":[],"product_brand":[],"product_cat":[43,44],"product_tag":[],"class_list":{"0":"post-23991","1":"product","2":"type-product","3":"status-publish","4":"has-post-thumbnail","6":"product_cat-wszystkie-drzwi","7":"product_cat-drzwi-wewnetrzne","8":"product_shipping_class-drzwi","10":"first","11":"onbackorder","12":"sale","13":"taxable","14":"shipping-taxable","15":"purchasable","16":"product-type-simple"},"blog_post_layout_featured_media_urls":{"thumbnail":["https:\/\/studiodrzwi.com\/wp-content\/uploads\/2026\/03\/Elegance-loft-150x150.jpg",150,150,true],"full":["https:\/\/studiodrzwi.com\/wp-content\/uploads\/2026\/03\/Elegance-loft.jpg",650,1024,false]},"categories":null,"categories_names":null,"comments_number":"0","_links":{"self":[{"href":"https:\/\/studiodrzwi.com\/en\/wp-json\/wp\/v2\/product\/23991","targetHints":{"allow":["GET"]}}],"collection":[{"href":"https:\/\/studiodrzwi.com\/en\/wp-json\/wp\/v2\/product"}],"about":[{"href":"https:\/\/studiodrzwi.com\/en\/wp-json\/wp\/v2\/types\/product"}],"wp:featuredmedia":[{"embeddable":true,"href":"https:\/\/studiodrzwi.com\/en\/wp-json\/wp\/v2\/media\/36300"}],"wp:attachment":[{"href":"https:\/\/studiodrzwi.com\/en\/wp-json\/wp\/v2\/media?parent=23991"}],"wp:term":[{"taxonomy":"product_brand","embeddable":true,"href":"https:\/\/studiodrzwi.com\/en\/wp-json\/wp\/v2\/product_brand?post=23991"},{"taxonomy":"product_cat","embeddable":true,"href":"https:\/\/studiodrzwi.com\/en\/wp-json\/wp\/v2\/product_cat?post=23991"},{"taxonomy":"product_tag","embeddable":true,"href":"https:\/\/studiodrzwi.com\/en\/wp-json\/wp\/v2\/product_tag?post=23991"}],"curies":[{"name":"wp","href":"https:\/\/api.w.org\/{rel}","templated":true}]}}