{"id":23988,"date":"2024-05-09T14:13:34","date_gmt":"2024-05-09T12:13:34","guid":{"rendered":"https:\/\/test.studiodrzwi.com\/?post_type=product&#038;p=23988"},"modified":"2026-04-15T18:53:43","modified_gmt":"2026-04-15T16:53:43","slug":"oscieznica-prosta-bezprzylgowa-dre","status":"publish","type":"product","link":"https:\/\/studiodrzwi.com\/en\/oscieznica-prosta-bezprzylgowa-dre\/","title":{"rendered":"O\u015bcie\u017cnica prosta bezprzylgowa DRE"},"content":{"rendered":"<p>W cenie uwzgl\u0119dnione s\u0105 dwa zawiasy wraz z odpowiednimi p\u0142ytami mocuj\u0105cymi.<\/p>\n<figure id=\"attachment_23951\" aria-describedby=\"caption-attachment-23951\" style=\"width: 300px\" class=\"wp-caption aligncenter\"><img fetchpriority=\"high\" decoding=\"async\" class=\"wp-image-23951 size-medium\" title=\"Profil OPB - O\u015bcie\u017cnice Proste Bezprzylgowe DRE\" src=\"https:\/\/studiodrzwi.com\/wp-content\/uploads\/2024\/05\/Profil-OPB-Oscieznice-Proste-Bezprzylgowe-DRE-300x300.webp\" alt=\"Profil OPB - O\u015bcie\u017cnice Proste Bezprzylgowe DRE - rysunek\" width=\"300\" height=\"300\" srcset=\"https:\/\/studiodrzwi.com\/wp-content\/uploads\/2024\/05\/Profil-OPB-Oscieznice-Proste-Bezprzylgowe-DRE-300x300.webp 300w, https:\/\/studiodrzwi.com\/wp-content\/uploads\/2024\/05\/Profil-OPB-Oscieznice-Proste-Bezprzylgowe-DRE-100x100.webp 100w, https:\/\/studiodrzwi.com\/wp-content\/uploads\/2024\/05\/Profil-OPB-Oscieznice-Proste-Bezprzylgowe-DRE-205x205.webp 205w, https:\/\/studiodrzwi.com\/wp-content\/uploads\/2024\/05\/Profil-OPB-Oscieznice-Proste-Bezprzylgowe-DRE-150x150.webp 150w, https:\/\/studiodrzwi.com\/wp-content\/uploads\/2024\/05\/Profil-OPB-Oscieznice-Proste-Bezprzylgowe-DRE.webp 600w\" sizes=\"(max-width: 300px) 100vw, 300px\" \/><figcaption id=\"caption-attachment-23951\" class=\"wp-caption-text\">Profil OPB &#8211; O\u015bcie\u017cnice Proste Bezprzylgowe DRE<\/figcaption><\/figure>\n<div class=\"flex-1 overflow-hidden\">\n<div class=\"react-scroll-to-bottom--css-kdymc-79elbk h-full\">\n<div class=\"react-scroll-to-bottom--css-kdymc-1n7m0yu\">\n<div class=\"flex flex-col text-sm pb-9\">\n<div class=\"w-full text-token-text-primary\" dir=\"auto\" data-testid=\"conversation-turn-5\" data-scroll-anchor=\"true\">\n<div class=\"py-2 px-3 text-base md:px-4 m-auto md:px-5 lg:px-1 xl:px-5\">\n<div class=\"mx-auto flex flex-1 gap-3 text-base juice:gap-4 juice:md:gap-6 md:max-w-3xl lg:max-w-[40rem] xl:max-w-[48rem]\">\n<div class=\"relative flex w-full min-w-0 flex-col agent-turn\">\n<div class=\"flex-col gap-1 md:gap-3\">\n<div class=\"flex flex-grow flex-col max-w-full\">\n<div class=\"min-h-[20px] text-message flex flex-col items-start whitespace-pre-wrap break-words [.text-message+&amp;]:mt-5 overflow-x-auto gap-3\" dir=\"auto\" data-message-author-role=\"assistant\" data-message-id=\"3939a7b6-e4a2-405b-bda8-bb10f724b95a\">\n<div class=\"markdown prose w-full break-words dark:prose-invert light\">\n<p>Ceny obejmuj\u0105 dwie zawiasy z p\u0142ytkami monta\u017cowymi (trzeci zawias mo\u017cliwy za dop\u0142at\u0105). Zestaw obejmuje belk\u0119 g\u0142\u00f3wn\u0105 (sk\u0142adaj\u0105c\u0105 si\u0119 z elementu poziomego i dw\u00f3ch pionowych), uszczelk\u0119 drzwiow\u0105, zestaw zawias\u00f3w oraz wszystkie niezb\u0119dne elementy do z\u0142o\u017cenia o\u015bcie\u017cnicy zgodnie z do\u0142\u0105czon\u0105 instrukcj\u0105. O\u015bcie\u017cnice s\u0105 pakowane w kartonowe opakowania.<\/p>\n<\/div>\n<\/div>\n<\/div>\n<div class=\"pr-2 lg:pr-0\"><\/div>\n<\/div>\n<div class=\"absolute\">\n<figure id=\"attachment_23955\" aria-describedby=\"caption-attachment-23955\" style=\"width: 300px\" class=\"wp-caption aligncenter\"><img decoding=\"async\" class=\"wp-image-23955 size-medium\" title=\"Przekr\u00f3j O\u015bcie\u017cnicy Prostej Bezprzylgowej\" src=\"https:\/\/studiodrzwi.com\/wp-content\/uploads\/2024\/05\/Przekroj-Oscieznicy-Prostej-Bezprzylgowej-1-300x300.webp\" alt=\"Przekr\u00f3j O\u015bcie\u017cnicy Prostej Bezprzylgowej - rysunek\" width=\"300\" height=\"300\" \/><figcaption id=\"caption-attachment-23955\" class=\"wp-caption-text\">Przekr\u00f3j O\u015bcie\u017cnicy Prostej Bezprzylgowej<\/figcaption><\/figure>\n<div class=\"flex w-full gap-2 items-center justify-center\"><\/div>\n<\/div>\n<\/div>\n<\/div>\n<\/div>\n<\/div>\n<\/div>\n<\/div>\n<\/div>\n<\/div>\n<div class=\"w-full md:pt-0 dark:border-white\/20 md:border-transparent md:dark:border-transparent md:w-[calc(100%-.5rem)] juice:w-full\">\n<div class=\"px-3 text-base md:px-4 m-auto md:px-5 lg:px-1 xl:px-5\">\n<div class=\"mx-auto flex flex-1 gap-3 text-base juice:gap-4 juice:md:gap-6 md:max-w-3xl lg:max-w-[40rem] xl:max-w-[48rem]\">\n<form class=\"w-full\">\n<div class=\"relative flex h-full max-w-full flex-1 flex-col\">\n<div class=\"absolute bottom-full left-0 right-0\"><\/div>\n<div class=\"flex w-full items-center\"><\/div>\n<\/div>\n<\/form>\n<\/div>\n<\/div>\n<\/div>\n","protected":false},"excerpt":{"rendered":"<p>O\u015bcie\u017cnica <strong>prosta bezprzylgowa<\/strong> <strong>DRE<\/strong> zrobiona jest z wysokogatunkowych p\u0142yt drewnopochodnych i pokryta ekologiczn\u0105, drewnopodobn\u0105 foli\u0105 dekoracyjn\u0105 DRE-Cell, foli\u0105 3D, laminatem CPL o grubo\u015bci 0,15 &#8211; 0,2 mm lub pomalowana. Jej szeroko\u015b\u0107 pozostaje niezmienna i wynosi 100 mm.<\/p>\n<p>O\u015bcie\u017cnica, to inaczej rama dla drzwi, zamiennie stosuje si\u0119 okre\u015blenia takie jak: framuga, futryna drzwi. Na niej osadzone s\u0105 drzwi.<\/p>\n<p>O\u015bcie\u017cnica prosta bezprzylgowa jest przeznaczona do <strong>wszystkich<\/strong> linii produktowych DRE <strong>w wersji bezprzylgowej otwieranej<\/strong>.<\/p>\n<p>O\u015bcie\u017cnica pasuje do wszystkich drzwi marki DRE, za wyj\u0105tkiem serii SUPREME. Dla SUPREME oferujemy dedykowane o\u015bcie\u017cnice.<\/p>","protected":false},"featured_media":23820,"template":"","meta":[],"product_brand":[],"product_cat":[120,225,48],"product_tag":[],"class_list":{"0":"post-23988","1":"product","2":"type-product","3":"status-publish","4":"has-post-thumbnail","6":"product_cat-wszystkie-akcesoria","7":"product_cat-oscieznice","8":"product_cat-oscieznice-stale","10":"first","11":"instock","12":"taxable","13":"shipping-taxable","14":"purchasable","15":"product-type-simple"},"blog_post_layout_featured_media_urls":{"thumbnail":["https:\/\/studiodrzwi.com\/wp-content\/uploads\/2024\/04\/Oscieznica-stala-przylgowa-DRE-150x150.webp",150,150,true],"full":["https:\/\/studiodrzwi.com\/wp-content\/uploads\/2024\/04\/Oscieznica-stala-przylgowa-DRE.webp",600,600,false]},"categories":null,"categories_names":null,"comments_number":"0","_links":{"self":[{"href":"https:\/\/studiodrzwi.com\/en\/wp-json\/wp\/v2\/product\/23988","targetHints":{"allow":["GET"]}}],"collection":[{"href":"https:\/\/studiodrzwi.com\/en\/wp-json\/wp\/v2\/product"}],"about":[{"href":"https:\/\/studiodrzwi.com\/en\/wp-json\/wp\/v2\/types\/product"}],"wp:featuredmedia":[{"embeddable":true,"href":"https:\/\/studiodrzwi.com\/en\/wp-json\/wp\/v2\/media\/23820"}],"wp:attachment":[{"href":"https:\/\/studiodrzwi.com\/en\/wp-json\/wp\/v2\/media?parent=23988"}],"wp:term":[{"taxonomy":"product_brand","embeddable":true,"href":"https:\/\/studiodrzwi.com\/en\/wp-json\/wp\/v2\/product_brand?post=23988"},{"taxonomy":"product_cat","embeddable":true,"href":"https:\/\/studiodrzwi.com\/en\/wp-json\/wp\/v2\/product_cat?post=23988"},{"taxonomy":"product_tag","embeddable":true,"href":"https:\/\/studiodrzwi.com\/en\/wp-json\/wp\/v2\/product_tag?post=23988"}],"curies":[{"name":"wp","href":"https:\/\/api.w.org\/{rel}","templated":true}]}}