{"id":23983,"date":"2024-05-09T12:40:56","date_gmt":"2024-05-09T10:40:56","guid":{"rendered":"https:\/\/test.studiodrzwi.com\/?post_type=product&#038;p=23983"},"modified":"2026-04-06T16:23:13","modified_gmt":"2026-04-06T14:23:13","slug":"drzwi-hampton-4-dre","status":"publish","type":"product","link":"https:\/\/studiodrzwi.com\/en\/drzwi-hampton-4-dre\/","title":{"rendered":"Hampton 4 DRE"},"content":{"rendered":"<p>Drzwi Hampton 4 DRE z serii SUPREME. Po\u0142\u0105czenie elegancji i nowoczesno\u015bci.<\/p>\n<p>Drzwi z ramami wyko\u0144czonymi frezowanymi elementami oraz wyprofilowanymi p\u0142ycinami wewn\u0119trznymi. Skrzyd\u0142a dost\u0119pne s\u0105 w wysoko\u015bciach 2300 i 2043 mm.<\/p>\n<p>Standardowa konfiguracja obejmuje:<\/p>\n<ul>\n<li>Ramy wykonane z p\u0142yt drewnopochodnych.<\/li>\n<li>P\u0142yciny wewn\u0119trzne profilowane z MDF o grubo\u015bci 19 mm.<\/li>\n<\/ul>\n<div class=\"flex-1 overflow-hidden\">\n<div class=\"react-scroll-to-bottom--css-wogtk-79elbk h-full\">\n<div class=\"react-scroll-to-bottom--css-wogtk-1n7m0yu\">\n<div class=\"flex flex-col text-sm pb-9\">\n<div class=\"w-full text-token-text-primary\" data-testid=\"conversation-turn-15\">\n<div class=\"px-4 py-2 justify-center text-base md:gap-6 m-auto\">\n<div class=\"flex flex-1 text-base mx-auto gap-3 md:px-5 lg:px-1 xl:px-5 md:max-w-3xl lg:max-w-[40rem] xl:max-w-[48rem] group final-completion\">\n<div class=\"relative flex w-full flex-col agent-turn\">\n<div class=\"flex-col gap-1 md:gap-3\">\n<div class=\"flex flex-grow flex-col max-w-full\">\n<div class=\"min-h-[20px] text-message flex flex-col items-start gap-3 whitespace-pre-wrap break-words [.text-message+&amp;]:mt-5 overflow-x-auto\" data-message-author-role=\"assistant\" data-message-id=\"2dde5e80-7762-4659-a89c-2e935242cb5b\">\n<div class=\"markdown prose w-full break-words dark:prose-invert light\">\n<p>Dla skrzyd\u0142a przesuwnego:<\/p>\n<ul>\n<li>Dost\u0119pny system przesuwny zgodny z norm\u0105 2043 &#8211; mo\u017cliwo\u015b\u0107 stosowania do kolekcji systemu przesuwnego SPAZIO CD.<\/li>\n<li>Brak wystaj\u0105cej kraw\u0119dzi.<\/li>\n<\/ul>\n<p>Dla skrzyd\u0142a bezprzylgowego rozwiernego:<\/p>\n<ul>\n<li>Kraw\u0119d\u017a bez przylgi.<\/li>\n<li>Gniazda pod 3 zawiasy wpuszczane Estetic 80 dla normy 2300 i 2 zawiasy wpuszczane Estetic 80 dla normy 2043 (zawiasy s\u0105 cz\u0119\u015bci\u0105 wyposa\u017cenia o\u015bcie\u017cnicy).<\/li>\n<li>Zamkni\u0119cie na klucz zwyk\u0142y, blokad\u0119 \u0142azienkow\u0105, wk\u0142adk\u0119 patentow\u0105 lub zamkni\u0119cie magnetyczne oszcz\u0119dno\u015bciowe, a tak\u017ce zawiasy w kolorze czarnym dla folii w kolorze czarnym matowym, w kolorze bia\u0142ym dla folii bia\u0142ego matu oraz w kolorze stalowym dla pozosta\u0142ych kolor\u00f3w w folii matowej.<\/li>\n<\/ul>\n<\/div>\n<\/div>\n<\/div>\n<div class=\"mt-1 flex justify-start gap-3 empty:hidden\">U\u017cywane folie MAT przechodz\u0105 przez ekskluzywn\u0105 technologi\u0119 fizycznej obr\u00f3bki powierzchni, kt\u00f3ra \u0142\u0105czy inteligentne rozwi\u0105zania, wysokiej jako\u015bci wzornictwo i wyj\u0105tkowe w\u0142a\u015bciwo\u015bci, takie jak: odporno\u015b\u0107 na zarysowania, \u0142atwe czyszczenie, ochrona przed odciskami palc\u00f3w oraz odporno\u015b\u0107 na plamy. Dodatkowo, s\u0105 wolne od formaldehydu i przyczyniaj\u0105 si\u0119 do poprawy jako\u015bci powietrza w naszych pomieszczeniach. Ich matowy, estetyczny wygl\u0105d nadaje klasyczne, a jednocze\u015bnie nowoczesne wyko\u0144czenie. Folia d\u0105b sza\u0142wia dodatkowo posiada struktur\u0119 szczotkowanego d\u0119bu.<\/div>\n<\/div>\n<\/div>\n<div><img fetchpriority=\"high\" decoding=\"async\" class=\"alignnone size-medium wp-image-36508\" src=\"https:\/\/studiodrzwi.com\/wp-content\/uploads\/2026\/03\/hampton-4-wizualizacja-300x195.png\" alt=\"\" width=\"300\" height=\"195\" srcset=\"https:\/\/studiodrzwi.com\/wp-content\/uploads\/2026\/03\/hampton-4-wizualizacja-300x195.png 300w, https:\/\/studiodrzwi.com\/wp-content\/uploads\/2026\/03\/hampton-4-wizualizacja-205x133.png 205w, https:\/\/studiodrzwi.com\/wp-content\/uploads\/2026\/03\/hampton-4-wizualizacja-1024x666.png 1024w, https:\/\/studiodrzwi.com\/wp-content\/uploads\/2026\/03\/hampton-4-wizualizacja-768x500.png 768w, https:\/\/studiodrzwi.com\/wp-content\/uploads\/2026\/03\/hampton-4-wizualizacja-920x598.png 920w, https:\/\/studiodrzwi.com\/wp-content\/uploads\/2026\/03\/hampton-4-wizualizacja-575x374.png 575w, https:\/\/studiodrzwi.com\/wp-content\/uploads\/2026\/03\/hampton-4-wizualizacja-380x247.png 380w, https:\/\/studiodrzwi.com\/wp-content\/uploads\/2026\/03\/hampton-4-wizualizacja.png 1050w\" sizes=\"(max-width: 300px) 100vw, 300px\" \/><\/div>\n<\/div>\n<\/div>\n<\/div>\n<\/div>\n<\/div>\n<\/div>\n<\/div>\n","protected":false},"excerpt":{"rendered":"<p><strong>Drzwi z serii Hampton to po\u0142\u0105czenie klasyki i ponadczasowo\u015bci.<\/strong> Drzwi, kt\u00f3re pasuj\u0105 do zar\u00f3wno urokliwych kamienic, jak i nowoczesnych loftowych wn\u0119trz. Dzi\u0119ki zastosowaniu folii MAT, drzwi cechuj\u0105 si\u0119 odporno\u015bci\u0105 na plamy, ochron\u0105 przed odciskami palc\u00f3w oraz \u0142atwym czyszczeniem.<\/p>\n<p>Wyst\u0119puj\u0105\u00a0 w wersji:<\/p>\n<ul>\n<li>bezprzylgowej rozwiernej<\/li>\n<li>z odwr\u00f3con\u0105 przylg\u0105<\/li>\n<li>przesuwnej<\/li>\n<\/ul>\n<div>Porada:<\/div>\n<ul>\n<li>kolekcja uniwersalna, pasuje do r\u00f3\u017cnych styl\u00f3w wn\u0119trzarskich<\/li>\n<li>dobrane o\u015bwietlenie mo\u017ce dodatkowo wydoby\u0107 stylowe frezowania w drzwiach i spot\u0119gowa\u0107 efekt tr\u00f3jwymiarowo\u015bci drzwi HAMPTON 4<\/li>\n<\/ul>\n<div><\/div>\n<div><a title=\"DOPASUJ O\u015aCIE\u017bNICE DO TYCH DRZWI - SUPREME BEZPRZYLGOWE\" href=\"https:\/\/studiodrzwi.com\/en\/oscieznica-dre-supreme-hampton-city-soho-sol\/\">DOPASUJ O\u015aCIE\u017bNICE DO TYCH DRZWI &#8211; SUPREME BEZPRZYLGOWE<\/a><\/div>\n<div><a title=\"DOPASUJ O\u015aCIE\u017bNICE DO TYCH DRZWI - SUPREME Z ODWR\u00d3CON\u0104 PRZYLG\u0104\" href=\"https:\/\/studiodrzwi.com\/en\/oscieznica-dre-supreme-z-odwrocona-przylga\/\">DOPASUJ O\u015aCIE\u017bNICE DO TYCH DRZWI &#8211; SUPREME Z ODWR\u00d3CON\u0104 PRZYLG\u0104<\/a><\/div>\n<div><\/div>\n<div>Klamka nie jest zawarta w komplecie z drzwiami.<\/div>\n<div><a title=\"DOPASUJ KLAMK\u0118 DO TYCH DRZWI\" href=\"https:\/\/studiodrzwi.com\/en\/wszystkie-akcesoria\/?btsf-filter=1&amp;product_cat=wszystkie-akcesoria%2Cklamki-drzwi&amp;query_type_product_cat=and\">DOPASUJ KLAMK\u0118 DO TYCH DRZWI<\/a><\/div>","protected":false},"featured_media":23984,"template":"","meta":[],"product_brand":[],"product_cat":[43,44],"product_tag":[45,63],"class_list":{"0":"post-23983","1":"product","2":"type-product","3":"status-publish","4":"has-post-thumbnail","6":"product_cat-wszystkie-drzwi","7":"product_cat-drzwi-wewnetrzne","8":"product_tag-bestseller","9":"product_tag-dre-supreme","10":"product_shipping_class-drzwi","12":"first","13":"instock","14":"taxable","15":"shipping-taxable","16":"purchasable","17":"product-type-simple"},"blog_post_layout_featured_media_urls":{"thumbnail":["https:\/\/studiodrzwi.com\/wp-content\/uploads\/2024\/05\/Drzwi-DRE-Hampton-4-niebieski-sklep-2.webp",95,150,false],"full":["https:\/\/studiodrzwi.com\/wp-content\/uploads\/2024\/05\/Drzwi-DRE-Hampton-4-niebieski-sklep-2.webp",650,1024,false]},"categories":null,"categories_names":null,"comments_number":"0","_links":{"self":[{"href":"https:\/\/studiodrzwi.com\/en\/wp-json\/wp\/v2\/product\/23983","targetHints":{"allow":["GET"]}}],"collection":[{"href":"https:\/\/studiodrzwi.com\/en\/wp-json\/wp\/v2\/product"}],"about":[{"href":"https:\/\/studiodrzwi.com\/en\/wp-json\/wp\/v2\/types\/product"}],"wp:featuredmedia":[{"embeddable":true,"href":"https:\/\/studiodrzwi.com\/en\/wp-json\/wp\/v2\/media\/23984"}],"wp:attachment":[{"href":"https:\/\/studiodrzwi.com\/en\/wp-json\/wp\/v2\/media?parent=23983"}],"wp:term":[{"taxonomy":"product_brand","embeddable":true,"href":"https:\/\/studiodrzwi.com\/en\/wp-json\/wp\/v2\/product_brand?post=23983"},{"taxonomy":"product_cat","embeddable":true,"href":"https:\/\/studiodrzwi.com\/en\/wp-json\/wp\/v2\/product_cat?post=23983"},{"taxonomy":"product_tag","embeddable":true,"href":"https:\/\/studiodrzwi.com\/en\/wp-json\/wp\/v2\/product_tag?post=23983"}],"curies":[{"name":"wp","href":"https:\/\/api.w.org\/{rel}","templated":true}]}}