{"id":23897,"date":"2024-04-26T12:47:22","date_gmt":"2024-04-26T10:47:22","guid":{"rendered":"https:\/\/test.studiodrzwi.com\/?post_type=product&#038;p=23897"},"modified":"2026-04-18T15:55:58","modified_gmt":"2026-04-18T13:55:58","slug":"drzwi-binito-dre","status":"publish","type":"product","link":"https:\/\/studiodrzwi.com\/en\/drzwi-binito-dre\/","title":{"rendered":"Binito DRE"},"content":{"rendered":"<p>OPCJE BEZ DOP\u0141ATY:<\/p>\n<ul>\n<li>szyby chinchila lub \u017caluzja<\/li>\n<li>tuleje wentylacyjne<\/li>\n<li>trzeci zawias do skrzyd\u0142a przylgowego<\/li>\n<\/ul>\n<p>UWAGA: Dla zapewnienia wysokiej jako\u015bci produkt\u00f3w malowanych, przed lakierowaniem zar\u00f3wno skrzyd\u0142a drzwiowe, jak i o\u015bcie\u017cnice oklejone s\u0105 specjalnym materia\u0142em stanowi\u0105cym jednolity podk\u0142ad.<\/p>\n<figure id=\"attachment_24156\" aria-describedby=\"caption-attachment-24156\" style=\"width: 937px\" class=\"wp-caption aligncenter\"><img fetchpriority=\"high\" decoding=\"async\" class=\"wp-image-24156 size-full\" title=\"Drzwi DRE Binito 20 bia\u0142y lakier akrylowany UV aran\u017cacja\" src=\"https:\/\/studiodrzwi.com\/wp-content\/uploads\/2024\/04\/Drzwi-DRE-Binito-20-bialy-lakier-akrylowany-aranzacja.webp\" alt=\"Drzwi DRE Binito 20 bia\u0142y lakier akrylowany UV aran\u017cacja - sklep Studio Drzwi\" width=\"937\" height=\"674\" \/><figcaption id=\"caption-attachment-24156\" class=\"wp-caption-text\">Drzwi DRE Binito 20 bia\u0142y lakie akrylowany UV &#8211; aran\u017cacja<\/figcaption><\/figure>\n<p>SKRZYD\u0141O PRZYLGOWE:<br \/>\n&#8211; Posiada prost\u0105 kraw\u0119d\u017a i p\u0142ask\u0105 ramk\u0119 przyszybow\u0105 (patrz rysunek).<br \/>\n&#8211; Wyposa\u017cone w 2 srebrne zawiasy wkr\u0119cane.<br \/>\n&#8211; Zamek zasuwkowy na klucz zwyk\u0142y, opcjonalnie z blokad\u0105 \u0142azienkow\u0105, wk\u0142adk\u0105 patentow\u0105 lub zamkiem oszcz\u0119dno\u015bciowym.<\/p>\n<p>SKRZYD\u0141O BEZPRZYLGOWE ROZWIERNE (opcjonalna dop\u0142ata):<br \/>\n&#8211; Bezprzylgowe, z p\u0142ask\u0105 ramk\u0105 przyszybow\u0105 (patrz rysunek).<br \/>\n&#8211; Posiada gniazda pod 2 wpuszczane zawiasy Estetic 80 (zawiasy s\u0105 cz\u0119\u015bci\u0105 wyposa\u017cenia o\u015bcie\u017cnicy).<br \/>\n&#8211; Zamek magnetyczny na klucz zwyk\u0142y, opcjonalnie z blokad\u0105 \u0142azienkow\u0105, wk\u0142adk\u0105 patentow\u0105 lub zamkiem oszcz\u0119dno\u015bciowym w kolorze stalowym, czarnym lub bia\u0142ym, do wyboru.<\/p>\n<p>SKRZYD\u0141O PRZESUWNE:<br \/>\n&#8211; Bezprzylgowe, z p\u0142ask\u0105 ramk\u0105 przyszybow\u0105 (patrz rysunek).<br \/>\n&#8211; Posiada gniazdo pod zamek hakowy i\/lub uchwyty.<\/p>\n<p>SKRZYD\u0141O Z ODWR\u00d3CON\u0104 PRZYLG\u0104 (opcjonalna dop\u0142ata):<br \/>\n&#8211; Jednoskrzyd\u0142owe skrzyd\u0142o czynne rozwierne.<br \/>\n&#8211; Posiada prost\u0105 kraw\u0119d\u017a (patrz rysunek).<br \/>\n&#8211; Gniazda pod 2 wpuszczane zawiasy Estetic 1821 (zawiasy s\u0105 cz\u0119\u015bci\u0105 wyposa\u017cenia o\u015bcie\u017cnicy).<br \/>\n&#8211; Zamek magnetyczny na klucz zwyk\u0142y, opcjonalnie z blokad\u0105 \u0142azienkow\u0105, wk\u0142adk\u0105 patentow\u0105 lub zamkiem oszcz\u0119dno\u015bciowym.<\/p>\n<figure id=\"attachment_23926\" aria-describedby=\"caption-attachment-23926\" style=\"width: 300px\" class=\"wp-caption aligncenter\"><img decoding=\"async\" class=\"wp-image-23926 size-medium\" src=\"https:\/\/studiodrzwi.com\/wp-content\/uploads\/2024\/04\/Drzwi-DRE-Binito-rodzaje-skrzydel-300x300.jpg\" alt=\"Drzwi DRE Binito - rodzaje skrzyde\u0142\" width=\"300\" height=\"300\" \/><figcaption id=\"caption-attachment-23926\" class=\"wp-caption-text\">RYSUNEK: Rodzaje skrzyde\u0142 DRE Binito<\/figcaption><\/figure>\n<p>&nbsp;<\/p>\n<p>&nbsp;<\/p>","protected":false},"excerpt":{"rendered":"<p>Drzwi BINITO Dre to drzwiowe skrzyd\u0142a, kt\u00f3re mog\u0105 by\u0107 przylgowe, bezprzylgowe lub malowane z odwr\u00f3con\u0105 przylg\u0105, przeznaczone do stosowania wewn\u0105trz pomieszcze\u0144.<\/p>\n<p>Prezentowane zdj\u0119cia r\u00f3\u017cnych wersji dotycz\u0105 okleiny w kolorze: <strong>popielaty<\/strong>. Pozosta\u0142e dost\u0119pne kolory okleiny to: bia\u0142y, ecru i latte.<\/p>\n<div class=\"flex-1 overflow-hidden\">\n<div class=\"react-scroll-to-bottom--css-ihtbu-79elbk h-full\">\n<div class=\"react-scroll-to-bottom--css-ihtbu-1n7m0yu\">\n<div>\n<div class=\"flex flex-col text-sm pb-9\">\n<div class=\"w-full text-token-text-primary\" dir=\"auto\" data-testid=\"conversation-turn-5\">\n<div class=\"px-4 py-2 justify-center text-base md:gap-6 m-auto\">\n<div class=\"flex flex-1 text-base mx-auto gap-3 juice:gap-4 juice:md:gap-6 md:px-5 lg:px-1 xl:px-5 md:max-w-3xl lg:max-w-[40rem] xl:max-w-[48rem]\">\n<div class=\"relative flex w-full min-w-0 flex-col agent-turn\">\n<div class=\"flex-col gap-1 md:gap-3\">\n<div class=\"flex flex-grow flex-col max-w-full\">\n<div class=\"min-h-[20px] text-message flex flex-col items-start gap-3 whitespace-pre-wrap break-words [.text-message+&amp;]:mt-5 overflow-x-auto\" dir=\"auto\" data-message-author-role=\"assistant\" data-message-id=\"c0819095-5a13-495c-9d40-5676f9ce0abb\">\n<div class=\"markdown prose w-full break-words dark:prose-invert light\">\n<p>Drzwi <strong>DRE Binito 20 w kolorze bia\u0142ym<\/strong> maj\u0105 <strong>skr\u00f3cony czas oczekiwania<\/strong> &#8211; mo\u017cesz je zam\u00f3wi\u0107 &#8222;od r\u0119ki&#8221;, tj. czas oczekiwania wynosi 3-6 dni robocze (dotyczy drzwi przylgowych pe\u0142nych z zamkiem na klucz oraz drzwi z podci\u0119ciem wentylacyjnym i zamkiem WC).<\/p>\n<p>W standardzie:<\/p>\n<ul>\n<li>Skrzyd\u0142o pokryte lakierem akrylowym UV.<\/li>\n<li>Rama wykonana z p\u0142yty MDF.<\/li>\n<li>Wype\u0142nienie z &#8222;plastr\u00f3w miodu&#8221;.<\/li>\n<li>Szk\u0142o o grubo\u015bci 4 mm w kolorze bia\u0142ej kory<\/li>\n<\/ul>\n<\/div>\n<\/div>\n<p><a title=\"DOPASUJ O\u015aCIE\u017bNICE DO TYCH DRZWI\" href=\"https:\/\/studiodrzwi.com\/wszystkie-akcesoria\/?btsf-filter=1&amp;filter_producent=dre&amp;query_type_producent=and\">DOPASUJ O\u015aCIE\u017bNICE DO TYCH DRZWI<\/a><\/p>\n<\/div>\n<div class=\"mt-1 flex gap-3 empty:hidden\">\n<div class=\"text-gray-400 flex self-end lg:self-center items-center justify-center lg:justify-start mt-0 -ml-1 h-7 gap-[2px] visible\">Klamka nie jest zawarta w komplecie z drzwiami.<\/div>\n<div><\/div>\n<div><a title=\"DOPASUJ KLAMK\u0118 DO TYCH DRZWI\" href=\"https:\/\/studiodrzwi.com\/wszystkie-akcesoria\/?btsf-filter=1&amp;product_cat=wszystkie-akcesoria%2Cklamki-drzwi&amp;query_type_product_cat=and\">DOPASUJ KLAMK\u0118 DO TYCH DRZWI<\/a><\/div>\n<\/div>\n<\/div>\n<\/div>\n<\/div>\n<\/div>\n<\/div>\n<\/div>\n<\/div>\n<\/div>\n<\/div>\n<\/div>\n","protected":false},"featured_media":36322,"template":"","meta":[],"product_brand":[],"product_cat":[43,226,44],"product_tag":[],"class_list":{"0":"post-23897","1":"product","2":"type-product","3":"status-publish","4":"has-post-thumbnail","6":"product_cat-wszystkie-drzwi","7":"product_cat-pokojowe","8":"product_cat-drzwi-wewnetrzne","9":"product_shipping_class-drzwi","11":"first","12":"instock","13":"taxable","14":"shipping-taxable","15":"purchasable","16":"product-type-simple"},"blog_post_layout_featured_media_urls":{"thumbnail":["https:\/\/studiodrzwi.com\/wp-content\/uploads\/2026\/03\/binito-10-150x150.jpg",150,150,true],"full":["https:\/\/studiodrzwi.com\/wp-content\/uploads\/2026\/03\/binito-10.jpg",650,1024,false]},"categories":null,"categories_names":null,"comments_number":"0","_links":{"self":[{"href":"https:\/\/studiodrzwi.com\/en\/wp-json\/wp\/v2\/product\/23897","targetHints":{"allow":["GET"]}}],"collection":[{"href":"https:\/\/studiodrzwi.com\/en\/wp-json\/wp\/v2\/product"}],"about":[{"href":"https:\/\/studiodrzwi.com\/en\/wp-json\/wp\/v2\/types\/product"}],"wp:featuredmedia":[{"embeddable":true,"href":"https:\/\/studiodrzwi.com\/en\/wp-json\/wp\/v2\/media\/36322"}],"wp:attachment":[{"href":"https:\/\/studiodrzwi.com\/en\/wp-json\/wp\/v2\/media?parent=23897"}],"wp:term":[{"taxonomy":"product_brand","embeddable":true,"href":"https:\/\/studiodrzwi.com\/en\/wp-json\/wp\/v2\/product_brand?post=23897"},{"taxonomy":"product_cat","embeddable":true,"href":"https:\/\/studiodrzwi.com\/en\/wp-json\/wp\/v2\/product_cat?post=23897"},{"taxonomy":"product_tag","embeddable":true,"href":"https:\/\/studiodrzwi.com\/en\/wp-json\/wp\/v2\/product_tag?post=23897"}],"curies":[{"name":"wp","href":"https:\/\/api.w.org\/{rel}","templated":true}]}}