{"id":23836,"date":"2024-04-08T14:41:23","date_gmt":"2024-04-08T12:41:23","guid":{"rendered":"https:\/\/test.studiodrzwi.com\/?post_type=product&#038;p=23836"},"modified":"2026-02-11T13:34:02","modified_gmt":"2026-02-11T12:34:02","slug":"klamka-quanta-k-fit","status":"publish","type":"product","link":"https:\/\/studiodrzwi.com\/en\/klamka-quanta-k-fit\/","title":{"rendered":"Klamka QUANTA K FIT"},"content":{"rendered":"<p><strong>Klamka QUANTA K FIT<\/strong> gwarantuje komfort codziennego u\u017cytkowania. Dope\u0142nieniem efektu jest zastosowany szyld <b>typu FIT o grubo\u015bci jedynie 6 mm<\/b>\u00a0(w przeciwie\u0144stwie do klamek standardowych, w kt\u00f3rych grubo\u015b\u0107 szyldu wynosi 10 mm), dzi\u0119ki czemu produkt prezentuje si\u0119 wyj\u0105tkowo estetycznie na drzwiach. Projekt powsta\u0142 z my\u015bl\u0105 o Klientach ceni\u0105cych sobie klasyczn\u0105 elegancj\u0119 oraz poszukuj\u0105cych oryginalnych, ale zr\u00f3wnowa\u017conych rozwi\u0105za\u0144 przy aran\u017cacji wn\u0119trz.<\/p>","protected":false},"excerpt":{"rendered":"<p>Klamka do drzwi wewn\u0119trznych z kwadratowym szyldem. Produkt dost\u0119pny w r\u00f3\u017cnorodnej palecie kolor\u00f3w.<\/p>","protected":false},"featured_media":23872,"template":"","meta":[],"product_brand":[],"product_cat":[120,136],"product_tag":[57],"class_list":{"0":"post-23836","1":"product","2":"type-product","3":"status-publish","4":"has-post-thumbnail","6":"product_cat-wszystkie-akcesoria","7":"product_cat-klamki-drzwi","8":"product_tag-klamki","9":"product_shipping_class-klamki","11":"first","12":"instock","13":"taxable","14":"shipping-taxable","15":"purchasable","16":"product-type-simple"},"blog_post_layout_featured_media_urls":{"thumbnail":["https:\/\/studiodrzwi.com\/wp-content\/uploads\/2024\/04\/Klamka-Quanta-K-Fit-Czarny-1x1-1-1-150x150.webp",150,150,true],"full":["https:\/\/studiodrzwi.com\/wp-content\/uploads\/2024\/04\/Klamka-Quanta-K-Fit-Czarny-1x1-1-1.webp",600,600,false]},"categories":null,"categories_names":null,"comments_number":"0","_links":{"self":[{"href":"https:\/\/studiodrzwi.com\/en\/wp-json\/wp\/v2\/product\/23836","targetHints":{"allow":["GET"]}}],"collection":[{"href":"https:\/\/studiodrzwi.com\/en\/wp-json\/wp\/v2\/product"}],"about":[{"href":"https:\/\/studiodrzwi.com\/en\/wp-json\/wp\/v2\/types\/product"}],"wp:featuredmedia":[{"embeddable":true,"href":"https:\/\/studiodrzwi.com\/en\/wp-json\/wp\/v2\/media\/23872"}],"wp:attachment":[{"href":"https:\/\/studiodrzwi.com\/en\/wp-json\/wp\/v2\/media?parent=23836"}],"wp:term":[{"taxonomy":"product_brand","embeddable":true,"href":"https:\/\/studiodrzwi.com\/en\/wp-json\/wp\/v2\/product_brand?post=23836"},{"taxonomy":"product_cat","embeddable":true,"href":"https:\/\/studiodrzwi.com\/en\/wp-json\/wp\/v2\/product_cat?post=23836"},{"taxonomy":"product_tag","embeddable":true,"href":"https:\/\/studiodrzwi.com\/en\/wp-json\/wp\/v2\/product_tag?post=23836"}],"curies":[{"name":"wp","href":"https:\/\/api.w.org\/{rel}","templated":true}]}}