{"id":23832,"date":"2024-04-08T14:19:43","date_gmt":"2024-04-08T12:19:43","guid":{"rendered":"https:\/\/test.studiodrzwi.com\/?post_type=product&#038;p=23832"},"modified":"2026-02-11T13:39:53","modified_gmt":"2026-02-11T12:39:53","slug":"klamka-riok","status":"publish","type":"product","link":"https:\/\/studiodrzwi.com\/en\/klamka-riok\/","title":{"rendered":"Klamka RIO K"},"content":{"rendered":"<p><strong>KLAMKA RIO K<\/strong> &#8211; nowoczesna, kwadratowa klamka do drzwi wewn\u0119trznych, idealnie komponuje si\u0119 z nowoczesnym designem dzi\u0119ki zastosowaniu minimalistycznego wzornictwa. Klamki z kwadratowym szyldem typu K posiadaj\u0105 estetyczn\u0105, jednolit\u0105 konstrukcj\u0119 szyldu podklamkowego, kt\u00f3ra nie posiada dodatkowych \u0142\u0105cze\u0144 co wp\u0142ywa na poziom estetyki ca\u0142ego produktu. Produkt dost\u0119pny jest w kolorze bia\u0142ym i czarnym.<\/p>\n<p><img fetchpriority=\"high\" decoding=\"async\" class=\"wp-image-23833\" src=\"https:\/\/studiodrzwi.com\/wp-content\/uploads\/2024\/04\/Klamka-RIO-K-wymiary-300x169.jpg\" alt=\"wymiary klamka\" width=\"476\" height=\"268\" \/><\/p>","protected":false},"excerpt":{"rendered":"<p>Klamka do drzwi wewn\u0119trznych z kwadratowym szyldem.<\/p>","protected":false},"featured_media":23875,"template":"","meta":[],"product_brand":[],"product_cat":[120,136],"product_tag":[57],"class_list":{"0":"post-23832","1":"product","2":"type-product","3":"status-publish","4":"has-post-thumbnail","6":"product_cat-wszystkie-akcesoria","7":"product_cat-klamki-drzwi","8":"product_tag-klamki","9":"product_shipping_class-klamki","11":"first","12":"instock","13":"taxable","14":"shipping-taxable","15":"purchasable","16":"product-type-simple"},"blog_post_layout_featured_media_urls":{"thumbnail":["https:\/\/studiodrzwi.com\/wp-content\/uploads\/2024\/04\/Klamka-RIO-K-Bialy-1x1-1-1-150x150.webp",150,150,true],"full":["https:\/\/studiodrzwi.com\/wp-content\/uploads\/2024\/04\/Klamka-RIO-K-Bialy-1x1-1-1.webp",600,600,false]},"categories":null,"categories_names":null,"comments_number":"0","_links":{"self":[{"href":"https:\/\/studiodrzwi.com\/en\/wp-json\/wp\/v2\/product\/23832","targetHints":{"allow":["GET"]}}],"collection":[{"href":"https:\/\/studiodrzwi.com\/en\/wp-json\/wp\/v2\/product"}],"about":[{"href":"https:\/\/studiodrzwi.com\/en\/wp-json\/wp\/v2\/types\/product"}],"wp:featuredmedia":[{"embeddable":true,"href":"https:\/\/studiodrzwi.com\/en\/wp-json\/wp\/v2\/media\/23875"}],"wp:attachment":[{"href":"https:\/\/studiodrzwi.com\/en\/wp-json\/wp\/v2\/media?parent=23832"}],"wp:term":[{"taxonomy":"product_brand","embeddable":true,"href":"https:\/\/studiodrzwi.com\/en\/wp-json\/wp\/v2\/product_brand?post=23832"},{"taxonomy":"product_cat","embeddable":true,"href":"https:\/\/studiodrzwi.com\/en\/wp-json\/wp\/v2\/product_cat?post=23832"},{"taxonomy":"product_tag","embeddable":true,"href":"https:\/\/studiodrzwi.com\/en\/wp-json\/wp\/v2\/product_tag?post=23832"}],"curies":[{"name":"wp","href":"https:\/\/api.w.org\/{rel}","templated":true}]}}