{"id":23830,"date":"2024-04-08T13:18:25","date_gmt":"2024-04-08T11:18:25","guid":{"rendered":"https:\/\/test.studiodrzwi.com\/?post_type=product&#038;p=23830"},"modified":"2026-02-11T13:36:12","modified_gmt":"2026-02-11T12:36:12","slug":"klamka-qubik","status":"publish","type":"product","link":"https:\/\/studiodrzwi.com\/en\/klamka-qubik\/","title":{"rendered":"Klamka QUBIK"},"content":{"rendered":"<p><strong>Klamka QUBIK<\/strong> &#8211; modna, kwadratowa klamka do drzwi wewn\u0119trznych, produkt \u0142\u0105cz\u0105cy ponadczasowy wz\u00f3r z wygod\u0105 u\u017cytkowania dzi\u0119ki odpowiedniemu wyprofilowaniu r\u0119koje\u015bci. Klamki w wersji na d\u0142ugim szyldzie o przebiciach; na klucz, na wk\u0142adk\u0119, \u0142azienkowe.<\/p>","protected":false},"excerpt":{"rendered":"<p>Klamka QUBIK do drzwi wewn\u0119trznych.<\/p>","protected":false},"featured_media":23874,"template":"","meta":[],"product_brand":[],"product_cat":[120,136],"product_tag":[57],"class_list":{"0":"post-23830","1":"product","2":"type-product","3":"status-publish","4":"has-post-thumbnail","6":"product_cat-wszystkie-akcesoria","7":"product_cat-klamki-drzwi","8":"product_tag-klamki","9":"product_shipping_class-klamki","11":"first","12":"instock","13":"taxable","14":"shipping-taxable","15":"purchasable","16":"product-type-simple"},"blog_post_layout_featured_media_urls":{"thumbnail":["https:\/\/studiodrzwi.com\/wp-content\/uploads\/2024\/04\/Klamka-Qubik-Czarny-Wklad-1x1-1-150x150.webp",150,150,true],"full":["https:\/\/studiodrzwi.com\/wp-content\/uploads\/2024\/04\/Klamka-Qubik-Czarny-Wklad-1x1-1.webp",600,600,false]},"categories":null,"categories_names":null,"comments_number":"0","_links":{"self":[{"href":"https:\/\/studiodrzwi.com\/en\/wp-json\/wp\/v2\/product\/23830","targetHints":{"allow":["GET"]}}],"collection":[{"href":"https:\/\/studiodrzwi.com\/en\/wp-json\/wp\/v2\/product"}],"about":[{"href":"https:\/\/studiodrzwi.com\/en\/wp-json\/wp\/v2\/types\/product"}],"wp:featuredmedia":[{"embeddable":true,"href":"https:\/\/studiodrzwi.com\/en\/wp-json\/wp\/v2\/media\/23874"}],"wp:attachment":[{"href":"https:\/\/studiodrzwi.com\/en\/wp-json\/wp\/v2\/media?parent=23830"}],"wp:term":[{"taxonomy":"product_brand","embeddable":true,"href":"https:\/\/studiodrzwi.com\/en\/wp-json\/wp\/v2\/product_brand?post=23830"},{"taxonomy":"product_cat","embeddable":true,"href":"https:\/\/studiodrzwi.com\/en\/wp-json\/wp\/v2\/product_cat?post=23830"},{"taxonomy":"product_tag","embeddable":true,"href":"https:\/\/studiodrzwi.com\/en\/wp-json\/wp\/v2\/product_tag?post=23830"}],"curies":[{"name":"wp","href":"https:\/\/api.w.org\/{rel}","templated":true}]}}