{"id":23819,"date":"2024-05-08T12:12:39","date_gmt":"2024-05-08T10:12:39","guid":{"rendered":"https:\/\/test.studiodrzwi.com\/?post_type=product&#038;p=23819"},"modified":"2026-04-15T18:53:43","modified_gmt":"2026-04-15T16:53:43","slug":"oscieznica-prosta-przylgowa-dre","status":"publish","type":"product","link":"https:\/\/studiodrzwi.com\/en\/oscieznica-prosta-przylgowa-dre\/","title":{"rendered":"O\u015bcie\u017cnica prosta przylgowa DRE"},"content":{"rendered":"<p>Belka g\u0142\u00f3wna (sk\u0142adaj\u0105ca si\u0119 z elementu poziomego i dw\u00f3ch element\u00f3w pionowych), uszczelka do drzwi, zestaw zawias\u00f3w, komplet element\u00f3w potrzebnych do z\u0142o\u017cenia o\u015bcie\u017cnicy zgodnie z za\u0142\u0105czonymi instrukcjami. O\u015bcie\u017cnice s\u0105 pakowane w kartonowe opakowania.<\/p>\n<p>O\u015bcie\u017cnica prosta zosta\u0142a zbudowana z wysokiej jako\u015bci p\u0142yt drewnopochodnych i pokryta ekologiczn\u0105 foli\u0105 dekoracyjn\u0105, dost\u0119pn\u0105 w wersji drewnopodobnej DRE-Cell, folii 3D, laminacie CPL o grubo\u015bci 0,15 &#8211; 0,2 mm, folii Finish lub malowanej powierzchni. Jej sta\u0142a szeroko\u015b\u0107 wynosi 100 mm.<\/p>\n<p>O\u015bcie\u017cnica prosta jest przeznaczona do r\u00f3\u017cnych rodzaj\u00f3w drzwi, w tym:<br \/>\n&#8211; Drzwi wej\u015bciowe typu ENTER (wyposa\u017cone w 3 zawiasy o \u015brednicy 13,5 mm oraz dodatkowy zaczep g\u00f3rny).<br \/>\n&#8211; Drzwi wej\u015bciowe typu SOLID (posiadaj\u0105ce 3 zawiasy o \u015brednicy 13,5 mm i 4 zaczepy pod zamek listwowy oraz zasuwki).<br \/>\n&#8211; Drzwi szklane (typu &#8222;OPC&#8221;), wyposa\u017cone w 2 zawiasy o \u015brednicy 15 mm, specjalny zaczep i uszczelk\u0119.<br \/>\n&#8211; Pozosta\u0142e rodzaje drzwi o standardowej grubo\u015bci (z wykorzystaniem 2 lub 3 zawias\u00f3w o \u015brednicy 13,5 mm dla drzwi ramowych oraz p\u0142ytowych o szeroko\u015bci 90 cm i wi\u0119kszej).<\/p>\n<p>Dla o\u015bcie\u017cnicy prostej i prostej SOFT u\u017cywane s\u0105 opaski maskuj\u0105ce, natomiast dla o\u015bcie\u017cnicy prostej SOFT stosuje si\u0119 k\u0105towniki maskuj\u0105ce.<\/p>\n<figure id=\"attachment_23911\" aria-describedby=\"caption-attachment-23911\" style=\"width: 300px\" class=\"wp-caption aligncenter\"><img fetchpriority=\"high\" decoding=\"async\" class=\"wp-image-23911 size-medium\" title=\"Profil OP i OP SOFT - O\u015bcie\u017cnice Proste DRE\" src=\"https:\/\/studiodrzwi.com\/wp-content\/uploads\/2024\/04\/Profil-OP-i-OP-SOFT-Oscieznice-Proste-DRE-300x300.webp\" alt=\"Profil OP i OP SOFT - O\u015bcie\u017cnice Proste DRE - r\u00f3\u017cnice\" width=\"300\" height=\"300\" srcset=\"https:\/\/studiodrzwi.com\/wp-content\/uploads\/2024\/04\/Profil-OP-i-OP-SOFT-Oscieznice-Proste-DRE-300x300.webp 300w, https:\/\/studiodrzwi.com\/wp-content\/uploads\/2024\/04\/Profil-OP-i-OP-SOFT-Oscieznice-Proste-DRE-100x100.webp 100w, https:\/\/studiodrzwi.com\/wp-content\/uploads\/2024\/04\/Profil-OP-i-OP-SOFT-Oscieznice-Proste-DRE-205x205.webp 205w, https:\/\/studiodrzwi.com\/wp-content\/uploads\/2024\/04\/Profil-OP-i-OP-SOFT-Oscieznice-Proste-DRE-150x150.webp 150w, https:\/\/studiodrzwi.com\/wp-content\/uploads\/2024\/04\/Profil-OP-i-OP-SOFT-Oscieznice-Proste-DRE.webp 600w\" sizes=\"(max-width: 300px) 100vw, 300px\" \/><figcaption id=\"caption-attachment-23911\" class=\"wp-caption-text\">Profil OP i OP SOFT &#8211; O\u015bcie\u017cnice Proste DRE<\/figcaption><\/figure>\n<p>Zawarto\u015b\u0107 zestawu:<\/p>\n<p>G\u0142\u00f3wna belka (sk\u0142adaj\u0105ca si\u0119 z elementu poziomego oraz dw\u00f3ch element\u00f3w pionowych), uszczelka do drzwi, zestaw zawias\u00f3w oraz wszystkie niezb\u0119dne elementy do z\u0142o\u017cenia o\u015bcie\u017cnicy zgodnie z instrukcj\u0105. O\u015bcie\u017cnice s\u0105 pakowane w kartonowe opakowania.<\/p>","protected":false},"excerpt":{"rendered":"<p><strong>O\u015bcie\u017cnica sta\u0142a,<\/strong> dedykowana do drzwi marki <strong>DRE<\/strong>. Pasuje do drzwi <strong>wewn\u0119trznych przylgowych. <\/strong>O\u015bcie\u017cnica, to inaczej rama dla drzwi, zamiennie stosuje si\u0119 okre\u015blenia takie jak: framuga, futryna drzwi. Na niej osadzone s\u0105 drzwi.<\/p>\n<p><span style=\"font-family: var(--global-body-font-family);\">Skorzystaj z konfiguratora, aby dobra\u0107 odpowiedni kolor okleiny oraz inne parametry.<\/span><\/p>\n<p>O\u015bcie\u017cnica pasuje do wszystkich drzwi marki DRE, za wyj\u0105tkiem serii SUPREME (HAMPTON, SOHO, CITY, SOL). Dla SUPREME oferujemy dedykowane o\u015bcie\u017cnice.<\/p>","protected":false},"featured_media":22867,"template":"","meta":[],"product_brand":[],"product_cat":[120,225,48],"product_tag":[],"class_list":{"0":"post-23819","1":"product","2":"type-product","3":"status-publish","4":"has-post-thumbnail","6":"product_cat-wszystkie-akcesoria","7":"product_cat-oscieznice","8":"product_cat-oscieznice-stale","9":"product_shipping_class-drzwi","11":"first","12":"instock","13":"taxable","14":"shipping-taxable","15":"purchasable","16":"product-type-simple"},"blog_post_layout_featured_media_urls":{"thumbnail":["https:\/\/studiodrzwi.com\/wp-content\/uploads\/2024\/01\/Oscieznica-Stala-Windoor-1x1-orzech-1-150x150.webp",150,150,true],"full":["https:\/\/studiodrzwi.com\/wp-content\/uploads\/2024\/01\/Oscieznica-Stala-Windoor-1x1-orzech-1.webp",600,600,false]},"categories":null,"categories_names":null,"comments_number":"0","_links":{"self":[{"href":"https:\/\/studiodrzwi.com\/en\/wp-json\/wp\/v2\/product\/23819","targetHints":{"allow":["GET"]}}],"collection":[{"href":"https:\/\/studiodrzwi.com\/en\/wp-json\/wp\/v2\/product"}],"about":[{"href":"https:\/\/studiodrzwi.com\/en\/wp-json\/wp\/v2\/types\/product"}],"wp:featuredmedia":[{"embeddable":true,"href":"https:\/\/studiodrzwi.com\/en\/wp-json\/wp\/v2\/media\/22867"}],"wp:attachment":[{"href":"https:\/\/studiodrzwi.com\/en\/wp-json\/wp\/v2\/media?parent=23819"}],"wp:term":[{"taxonomy":"product_brand","embeddable":true,"href":"https:\/\/studiodrzwi.com\/en\/wp-json\/wp\/v2\/product_brand?post=23819"},{"taxonomy":"product_cat","embeddable":true,"href":"https:\/\/studiodrzwi.com\/en\/wp-json\/wp\/v2\/product_cat?post=23819"},{"taxonomy":"product_tag","embeddable":true,"href":"https:\/\/studiodrzwi.com\/en\/wp-json\/wp\/v2\/product_tag?post=23819"}],"curies":[{"name":"wp","href":"https:\/\/api.w.org\/{rel}","templated":true}]}}