{"id":23805,"date":"2024-04-02T11:35:11","date_gmt":"2024-04-02T09:35:11","guid":{"rendered":"https:\/\/test.studiodrzwi.com\/?post_type=product&#038;p=23805"},"modified":"2026-02-11T13:34:58","modified_gmt":"2026-02-11T12:34:58","slug":"klamka-fiesta","status":"publish","type":"product","link":"https:\/\/studiodrzwi.com\/en\/klamka-fiesta\/","title":{"rendered":"Klamka Fiesta"},"content":{"rendered":"<p><strong>Klamka Fiesta &#8211; <\/strong>\u00a0Lekka i nie przyt\u0142aczaj\u0105ca linia stylistyczna tej klamki sprawia, \u017ce mo\u017cna j\u0105 odwa\u017cnie komponowa\u0107 z r\u00f3\u017cnymi stylami wn\u0119trz. Klamka Fiesta charakteryzuje si\u0119 smuk\u0142\u0105, sp\u0142aszczon\u0105 r\u0119koje\u015bci\u0105 co przyci\u0105ga uwag\u0119 a tym samym cieszy si\u0119 du\u017cym zainteresowaniem w\u015br\u00f3d klient\u00f3w.<\/p>\n<p>Produkt dost\u0119pny jest w dw\u00f3ch kolorach : Nikiel szczotkowany oraz Patyna<\/p>\n<p><img fetchpriority=\"high\" decoding=\"async\" class=\"wp-image-23806 aligncenter\" src=\"https:\/\/studiodrzwi.com\/wp-content\/uploads\/2024\/04\/Klamka-Fiesta-wymiary-300x169.jpg\" alt=\"\" width=\"480\" height=\"270\" \/><\/p>","protected":false},"excerpt":{"rendered":"<p>Klamka<strong> Fiesta<\/strong>\u00a0 do drzwi wewn\u0119trznych.<\/p>","protected":false},"featured_media":23870,"template":"","meta":[],"product_brand":[],"product_cat":[120,136],"product_tag":[57],"class_list":{"0":"post-23805","1":"product","2":"type-product","3":"status-publish","4":"has-post-thumbnail","6":"product_cat-wszystkie-akcesoria","7":"product_cat-klamki-drzwi","8":"product_tag-klamki","9":"product_shipping_class-klamki","11":"first","12":"instock","13":"taxable","14":"shipping-taxable","15":"purchasable","16":"product-type-simple"},"blog_post_layout_featured_media_urls":{"thumbnail":["https:\/\/studiodrzwi.com\/wp-content\/uploads\/2024\/04\/Klamka-Fiesta-Patyna-1x1-1-150x150.webp",150,150,true],"full":["https:\/\/studiodrzwi.com\/wp-content\/uploads\/2024\/04\/Klamka-Fiesta-Patyna-1x1-1.webp",600,600,false]},"categories":null,"categories_names":null,"comments_number":"0","_links":{"self":[{"href":"https:\/\/studiodrzwi.com\/en\/wp-json\/wp\/v2\/product\/23805","targetHints":{"allow":["GET"]}}],"collection":[{"href":"https:\/\/studiodrzwi.com\/en\/wp-json\/wp\/v2\/product"}],"about":[{"href":"https:\/\/studiodrzwi.com\/en\/wp-json\/wp\/v2\/types\/product"}],"wp:featuredmedia":[{"embeddable":true,"href":"https:\/\/studiodrzwi.com\/en\/wp-json\/wp\/v2\/media\/23870"}],"wp:attachment":[{"href":"https:\/\/studiodrzwi.com\/en\/wp-json\/wp\/v2\/media?parent=23805"}],"wp:term":[{"taxonomy":"product_brand","embeddable":true,"href":"https:\/\/studiodrzwi.com\/en\/wp-json\/wp\/v2\/product_brand?post=23805"},{"taxonomy":"product_cat","embeddable":true,"href":"https:\/\/studiodrzwi.com\/en\/wp-json\/wp\/v2\/product_cat?post=23805"},{"taxonomy":"product_tag","embeddable":true,"href":"https:\/\/studiodrzwi.com\/en\/wp-json\/wp\/v2\/product_tag?post=23805"}],"curies":[{"name":"wp","href":"https:\/\/api.w.org\/{rel}","templated":true}]}}