{"id":23801,"date":"2024-04-02T11:15:12","date_gmt":"2024-04-02T09:15:12","guid":{"rendered":"https:\/\/test.studiodrzwi.com\/?post_type=product&#038;p=23801"},"modified":"2026-02-11T13:37:10","modified_gmt":"2026-02-11T12:37:10","slug":"klamka-febe","status":"publish","type":"product","link":"https:\/\/studiodrzwi.com\/en\/klamka-febe\/","title":{"rendered":"Klamka FEBE Nikiel"},"content":{"rendered":"<p><strong>Febe<\/strong> to kolekcja kt\u00f3ra znajdzie swoje miejsce w nowoczesnych i klasycznych wn\u0119trzach.<\/p>\n<p>Klamki zosta\u0142y wyposa\u017cone w wszelkie udogodnienia techniczne; podw\u00f3jne wspomaganie pracy klamki oraz podw\u00f3jny docisk imbusowy kt\u00f3re w znacz\u0105cy spos\u00f3b wp\u0142ywaj\u0105 na komfort u\u017cytkowania klamki oraz gwarantuj\u0105 jej d\u0142ug\u0105 \u017cywotno\u015b\u0107.<\/p>\n<table>\n<tbody>\n<tr>\n<th>W zestawie:<\/th>\n<td>komplet klamek ( 2 szt.), elementy monta\u017cowe<\/td>\n<\/tr>\n<tr>\n<th>Kolor:<\/th>\n<td>Nikiel szczotkowany<\/td>\n<\/tr>\n<tr>\n<th>Dost\u0119pne rozmiary<\/th>\n<td>72 mm, 90 mm<\/td>\n<\/tr>\n<\/tbody>\n<\/table>","protected":false},"excerpt":{"rendered":"<p>Klamka do drzwi wewn\u0119trznych w kolorze nikiel szczotkowany.<\/p>","protected":false},"featured_media":23868,"template":"","meta":[],"product_brand":[],"product_cat":[120,136],"product_tag":[57],"class_list":{"0":"post-23801","1":"product","2":"type-product","3":"status-publish","4":"has-post-thumbnail","6":"product_cat-wszystkie-akcesoria","7":"product_cat-klamki-drzwi","8":"product_tag-klamki","9":"product_shipping_class-klamki","11":"first","12":"instock","13":"taxable","14":"shipping-taxable","15":"purchasable","16":"product-type-simple"},"blog_post_layout_featured_media_urls":{"thumbnail":["https:\/\/studiodrzwi.com\/wp-content\/uploads\/2024\/04\/Klamka-Febe-Nikiel-Szczotkowany-Wklad-90-1x1-1-150x150.webp",150,150,true],"full":["https:\/\/studiodrzwi.com\/wp-content\/uploads\/2024\/04\/Klamka-Febe-Nikiel-Szczotkowany-Wklad-90-1x1-1.webp",600,600,false]},"categories":null,"categories_names":null,"comments_number":"0","_links":{"self":[{"href":"https:\/\/studiodrzwi.com\/en\/wp-json\/wp\/v2\/product\/23801","targetHints":{"allow":["GET"]}}],"collection":[{"href":"https:\/\/studiodrzwi.com\/en\/wp-json\/wp\/v2\/product"}],"about":[{"href":"https:\/\/studiodrzwi.com\/en\/wp-json\/wp\/v2\/types\/product"}],"wp:featuredmedia":[{"embeddable":true,"href":"https:\/\/studiodrzwi.com\/en\/wp-json\/wp\/v2\/media\/23868"}],"wp:attachment":[{"href":"https:\/\/studiodrzwi.com\/en\/wp-json\/wp\/v2\/media?parent=23801"}],"wp:term":[{"taxonomy":"product_brand","embeddable":true,"href":"https:\/\/studiodrzwi.com\/en\/wp-json\/wp\/v2\/product_brand?post=23801"},{"taxonomy":"product_cat","embeddable":true,"href":"https:\/\/studiodrzwi.com\/en\/wp-json\/wp\/v2\/product_cat?post=23801"},{"taxonomy":"product_tag","embeddable":true,"href":"https:\/\/studiodrzwi.com\/en\/wp-json\/wp\/v2\/product_tag?post=23801"}],"curies":[{"name":"wp","href":"https:\/\/api.w.org\/{rel}","templated":true}]}}