{"id":23792,"date":"2024-03-29T12:28:08","date_gmt":"2024-03-29T11:28:08","guid":{"rendered":"https:\/\/test.studiodrzwi.com\/?post_type=product&#038;p=23792"},"modified":"2026-02-11T13:41:18","modified_gmt":"2026-02-11T12:41:18","slug":"klamka-bella-q-slim","status":"publish","type":"product","link":"https:\/\/studiodrzwi.com\/en\/klamka-bella-q-slim\/","title":{"rendered":"Klamka Bella Q Slim"},"content":{"rendered":"<p>Subtelna i wygodna klamka <strong>Bella Q Slim<\/strong> do drzwi wewn\u0119trznych zachwyca ponadczasowym pi\u0119knem. Przypadnie do gustu osobom ceni\u0105cym dobre wzornictwo i komfort w codziennym u\u017cytkowaniu klamki. Klamki z kwadratowym szyldem posiadaj\u0105 estetyczn\u0105, jednolit\u0105 konstrukcj\u0119 szyldu podklamkowego, kt\u00f3ra nie posiada dodatkowych \u0142\u0105cze\u0144 co wp\u0142ywa na poziom estetyki ca\u0142ego produktu, dodatkowym atutem jest zastosowanie szyldu typu Slim o grubo\u015bci jedynie 6 mm. Produkt dost\u0119pny jest w szerokiej gamie modnych kolor\u00f3w.<\/p>","protected":false},"excerpt":{"rendered":"<p>Klamka do drzwi wewn\u0119trznych z kwadratowym szyldem. Produkt dost\u0119pny w r\u00f3\u017cnorodnej palecie kolor\u00f3w.<\/p>","protected":false},"featured_media":23865,"template":"","meta":[],"product_brand":[],"product_cat":[120,136],"product_tag":[57],"class_list":{"0":"post-23792","1":"product","2":"type-product","3":"status-publish","4":"has-post-thumbnail","6":"product_cat-wszystkie-akcesoria","7":"product_cat-klamki-drzwi","8":"product_tag-klamki","9":"product_shipping_class-klamki","11":"first","12":"instock","13":"taxable","14":"shipping-taxable","15":"purchasable","16":"product-type-simple"},"blog_post_layout_featured_media_urls":{"thumbnail":["https:\/\/studiodrzwi.com\/wp-content\/uploads\/2024\/04\/Klamka-Bella-Q-Slim-Czarny-1x1-1-150x150.webp",150,150,true],"full":["https:\/\/studiodrzwi.com\/wp-content\/uploads\/2024\/04\/Klamka-Bella-Q-Slim-Czarny-1x1-1.webp",600,600,false]},"categories":null,"categories_names":null,"comments_number":"0","_links":{"self":[{"href":"https:\/\/studiodrzwi.com\/en\/wp-json\/wp\/v2\/product\/23792","targetHints":{"allow":["GET"]}}],"collection":[{"href":"https:\/\/studiodrzwi.com\/en\/wp-json\/wp\/v2\/product"}],"about":[{"href":"https:\/\/studiodrzwi.com\/en\/wp-json\/wp\/v2\/types\/product"}],"wp:featuredmedia":[{"embeddable":true,"href":"https:\/\/studiodrzwi.com\/en\/wp-json\/wp\/v2\/media\/23865"}],"wp:attachment":[{"href":"https:\/\/studiodrzwi.com\/en\/wp-json\/wp\/v2\/media?parent=23792"}],"wp:term":[{"taxonomy":"product_brand","embeddable":true,"href":"https:\/\/studiodrzwi.com\/en\/wp-json\/wp\/v2\/product_brand?post=23792"},{"taxonomy":"product_cat","embeddable":true,"href":"https:\/\/studiodrzwi.com\/en\/wp-json\/wp\/v2\/product_cat?post=23792"},{"taxonomy":"product_tag","embeddable":true,"href":"https:\/\/studiodrzwi.com\/en\/wp-json\/wp\/v2\/product_tag?post=23792"}],"curies":[{"name":"wp","href":"https:\/\/api.w.org\/{rel}","templated":true}]}}