{"id":23667,"date":"2024-03-26T20:03:56","date_gmt":"2024-03-26T19:03:56","guid":{"rendered":"https:\/\/test.studiodrzwi.com\/?post_type=product&#038;p=23667"},"modified":"2026-03-19T16:31:47","modified_gmt":"2026-03-19T15:31:47","slug":"berge-dre","status":"publish","type":"product","link":"https:\/\/studiodrzwi.com\/en\/berge-dre\/","title":{"rendered":"Berge DRE"},"content":{"rendered":"<p>Drzwi Berge DRE &#8211; poszczeg\u00f3lne warianty dost\u0119pne z poziomu konfiguratora, przy zam\u00f3wieniu nale\u017cy wybra\u0107 odpowiedni\u0105 opcj\u0119.<\/p>\n<p><img fetchpriority=\"high\" decoding=\"async\" class=\"alignnone size-medium wp-image-26820\" src=\"https:\/\/studiodrzwi.com\/wp-content\/uploads\/2024\/01\/IMG_2451-225x300.jpg\" alt=\"\" width=\"225\" height=\"300\" srcset=\"https:\/\/studiodrzwi.com\/wp-content\/uploads\/2024\/01\/IMG_2451-225x300.jpg 225w, https:\/\/studiodrzwi.com\/wp-content\/uploads\/2024\/01\/IMG_2451-205x273.jpg 205w, https:\/\/studiodrzwi.com\/wp-content\/uploads\/2024\/01\/IMG_2451-768x1024.jpg 768w, https:\/\/studiodrzwi.com\/wp-content\/uploads\/2024\/01\/IMG_2451-1152x1536.jpg 1152w, https:\/\/studiodrzwi.com\/wp-content\/uploads\/2024\/01\/IMG_2451.jpg 1290w\" sizes=\"(max-width: 225px) 100vw, 225px\" \/>\u00a0 \u00a0 \u00a0 <img decoding=\"async\" class=\"alignnone size-medium wp-image-26821\" src=\"https:\/\/studiodrzwi.com\/wp-content\/uploads\/2024\/01\/IMG_2453-240x300.jpg\" alt=\"\" width=\"240\" height=\"300\" srcset=\"https:\/\/studiodrzwi.com\/wp-content\/uploads\/2024\/01\/IMG_2453-240x300.jpg 240w, https:\/\/studiodrzwi.com\/wp-content\/uploads\/2024\/01\/IMG_2453-205x256.jpg 205w, https:\/\/studiodrzwi.com\/wp-content\/uploads\/2024\/01\/IMG_2453-818x1024.jpg 818w, https:\/\/studiodrzwi.com\/wp-content\/uploads\/2024\/01\/IMG_2453-768x961.jpg 768w, https:\/\/studiodrzwi.com\/wp-content\/uploads\/2024\/01\/IMG_2453-1228x1536.jpg 1228w, https:\/\/studiodrzwi.com\/wp-content\/uploads\/2024\/01\/IMG_2453.jpg 1290w\" sizes=\"(max-width: 240px) 100vw, 240px\" \/><\/p>\n<p><img decoding=\"async\" class=\"size-medium wp-image-36037\" src=\"https:\/\/studiodrzwi.com\/wp-content\/uploads\/2026\/03\/Berge-6-1-225x300.jpeg\" alt=\"Berge-6-bia\u0142y\" width=\"225\" height=\"300\" srcset=\"https:\/\/studiodrzwi.com\/wp-content\/uploads\/2026\/03\/Berge-6-1-225x300.jpeg 225w, https:\/\/studiodrzwi.com\/wp-content\/uploads\/2026\/03\/Berge-6-1-scaled-205x273.jpeg 205w, https:\/\/studiodrzwi.com\/wp-content\/uploads\/2026\/03\/Berge-6-1-768x1024.jpeg 768w, https:\/\/studiodrzwi.com\/wp-content\/uploads\/2026\/03\/Berge-6-1-1152x1536.jpeg 1152w, https:\/\/studiodrzwi.com\/wp-content\/uploads\/2026\/03\/Berge-6-1-1536x2048.jpeg 1536w, https:\/\/studiodrzwi.com\/wp-content\/uploads\/2026\/03\/Berge-6-1-1140x1520.jpeg 1140w, https:\/\/studiodrzwi.com\/wp-content\/uploads\/2026\/03\/Berge-6-1-920x1227.jpeg 920w, https:\/\/studiodrzwi.com\/wp-content\/uploads\/2026\/03\/Berge-6-1-575x767.jpeg 575w, https:\/\/studiodrzwi.com\/wp-content\/uploads\/2026\/03\/Berge-6-1-380x507.jpeg 380w, https:\/\/studiodrzwi.com\/wp-content\/uploads\/2026\/03\/Berge-6-1-scaled.jpeg 1920w\" sizes=\"(max-width: 225px) 100vw, 225px\" \/><\/p>\n<p><img loading=\"lazy\" decoding=\"async\" class=\"size-medium wp-image-36036\" src=\"https:\/\/studiodrzwi.com\/wp-content\/uploads\/2026\/03\/Berge-6-225x300.jpeg\" alt=\"berge-6-bia\u0142y\" width=\"225\" height=\"300\" srcset=\"https:\/\/studiodrzwi.com\/wp-content\/uploads\/2026\/03\/Berge-6-225x300.jpeg 225w, https:\/\/studiodrzwi.com\/wp-content\/uploads\/2026\/03\/Berge-6-scaled-205x273.jpeg 205w, https:\/\/studiodrzwi.com\/wp-content\/uploads\/2026\/03\/Berge-6-768x1024.jpeg 768w, https:\/\/studiodrzwi.com\/wp-content\/uploads\/2026\/03\/Berge-6-1152x1536.jpeg 1152w, https:\/\/studiodrzwi.com\/wp-content\/uploads\/2026\/03\/Berge-6-1536x2048.jpeg 1536w, https:\/\/studiodrzwi.com\/wp-content\/uploads\/2026\/03\/Berge-6-1140x1520.jpeg 1140w, https:\/\/studiodrzwi.com\/wp-content\/uploads\/2026\/03\/Berge-6-920x1227.jpeg 920w, https:\/\/studiodrzwi.com\/wp-content\/uploads\/2026\/03\/Berge-6-575x767.jpeg 575w, https:\/\/studiodrzwi.com\/wp-content\/uploads\/2026\/03\/Berge-6-380x507.jpeg 380w, https:\/\/studiodrzwi.com\/wp-content\/uploads\/2026\/03\/Berge-6-scaled.jpeg 1920w\" sizes=\"(max-width: 225px) 100vw, 225px\" \/><\/p>\n<figure id=\"attachment_24623\" aria-describedby=\"caption-attachment-24623\" style=\"width: 824px\" class=\"wp-caption aligncenter\"><img loading=\"lazy\" decoding=\"async\" class=\"wp-image-24623 size-full\" title=\"Drzwi DRE Berge 6, bia\u0142y - aran\u017cacja\" src=\"https:\/\/studiodrzwi.com\/wp-content\/uploads\/2024\/03\/Drzwi-DRE-Berge-6-bialy-aranzacja.webp\" alt=\"Drzwi DRE Berge 6, bia\u0142y - aran\u017cacja - Studio Drzwi\" width=\"824\" height=\"596\" \/><figcaption id=\"caption-attachment-24623\" class=\"wp-caption-text\">Drzwi DRE Berge 6, bia\u0142y &#8211; aran\u017cacja<\/figcaption><\/figure>\n<p>SKRZYD\u0141O PRZYLGOWE<br \/>\n&#8211; kraw\u0119d\u017a prosta (patrz rys.)<br \/>\n&#8211; 3 srebrne, wkr\u0119cane zawiasy<br \/>\n&#8211; Zamek zasuwkowy z mo\u017cliwo\u015bci\u0105 wyboru: na klucz zwyk\u0142y, blokad\u0119 \u0142azienkow\u0105, wk\u0142adk\u0119 patentow\u0105 lub zamek oszcz\u0119dno\u015bciowy<\/p>\n<p>SKRZYD\u0141O BEZPRZYLGOWE ROZWIERNE (dop\u0142ata 76 z\u0142 netto)<br \/>\n&#8211; Kraw\u0119d\u017a bez przylgi (patrz rys.)<br \/>\n&#8211; Gniazda na 2 zawiasy wpuszczane Estetic 80 (zawiasy s\u0105 cz\u0119\u015bci\u0105 wyposa\u017cenia o\u015bcie\u017cnicy)<br \/>\n&#8211; Zamek magnetyczny z mo\u017cliwo\u015bci\u0105 wyboru: na klucz zwyk\u0142y, blokad\u0119 \u0142azienkow\u0105, wk\u0142adk\u0119 patentow\u0105 lub zamek oszcz\u0119dno\u015bciowy, dost\u0119pny w kolorze stalowym, czarnym lub bia\u0142ym<\/p>\n<p>SKRZYD\u0141O PRZESUWNE:<br \/>\n&#8211; Kraw\u0119d\u017a bez przylgi (patrz rys.)<br \/>\n&#8211; Gniazdo na zamek hakowy i\/lub uchwyty<\/p>\n<figure id=\"attachment_24621\" aria-describedby=\"caption-attachment-24621\" style=\"width: 300px\" class=\"wp-caption aligncenter\"><img loading=\"lazy\" decoding=\"async\" class=\"wp-image-24621 size-medium\" title=\"Kraw\u0119d\u017a prosta i kraw\u0119d\u017a bez przylgi (rysunek)\" src=\"https:\/\/studiodrzwi.com\/wp-content\/uploads\/2024\/03\/Krawedz-prosta-i-krawedz-bez-przylgi-300x300.jpg\" alt=\"Kraw\u0119d\u017a prosta i kraw\u0119d\u017a bez przylgi (rysunek) - drzwi DRE przylgowe, bezprzylgowe rozwierne, przesuwne\" width=\"300\" height=\"300\" \/><figcaption id=\"caption-attachment-24621\" class=\"wp-caption-text\">Kraw\u0119d\u017a prosta i kraw\u0119d\u017a bez przylgi (rysunek)<\/figcaption><\/figure>\n<p>UWAGA: do skrzyde\u0142 przylgowych BERGE nale\u017cy u\u017cywa\u0107 o\u015bcie\u017cnice z 3 zawiasami.<\/p>\n<p>Aby zapewni\u0107 wysok\u0105 jako\u015b\u0107 malowanych produkt\u00f3w, zar\u00f3wno skrzyd\u0142a drzwiowe, jak i o\u015bcie\u017cnice s\u0105 przed lakierowaniem oklejane specjalnym materia\u0142em, kt\u00f3ry stanowi jednolity podk\u0142ad.<\/p>","protected":false},"excerpt":{"rendered":"<p>Drzwi Berge DRE to drzwi od marki DRE. S\u0105 to skrzyd\u0142a drzwiowe wyst\u0119puj\u0105ce w wersji przylgowej i bezprzylgowej.<\/p>\n<p>W standardzie:<\/p>\n<ul>\n<li>Skrzyd\u0142o pokryte lakierem akrylowym UV<\/li>\n<li>Ramiaki wykonane z p\u0142yt drewnopochodnych<\/li>\n<li>Szyba MAT DRE o grubo\u015bci 4 mm<\/li>\n<li>P\u0142yciny profilowane z MDF o grubo\u015bci 19 mm<\/li>\n<\/ul>\n<p>Opcje bez dop\u0142aty:<\/p>\n<ul>\n<li>Szyby decormat br\u0105z, decormat grafit oraz szyba prze\u017aroczysta<\/li>\n<li>Otwory na tuleje wentylacyjne<\/li>\n<\/ul>\n<p>W galerii zdj\u0119\u0107 prezentujemy zdj\u0119cia przedstawiaj\u0105ce r\u00f3\u017cne wersje drzwi BERGE w kolorze bia\u0142ym. Drzwi dost\u0119pne w kilku wariantach kolorystycznych.<\/p>\n<p><a title=\"DOPASUJ O\u015aCIE\u017bNICE DO TYCH DRZWI\" href=\"https:\/\/studiodrzwi.com\/en\/wszystkie-akcesoria\/?btsf-filter=1&amp;filter_producent=dre&amp;query_type_producent=and&amp;product_cat=wszystkie-akcesoria&amp;query_type_product_cat=and\">DOPASUJ O\u015aCIE\u017bNICE DO TYCH DRZWI<\/a><\/p>\n<p>Klamka nie jest zawarta w komplecie z drzwiami.<\/p>\n<p><a title=\"DOPASUJ KLAMK\u0118 DO TYCH DRZWI\" href=\"https:\/\/studiodrzwi.com\/en\/wszystkie-akcesoria\/?btsf-filter=1&amp;product_cat=wszystkie-akcesoria%2Cklamki-drzwi&amp;query_type_product_cat=and\">DOPASUJ KLAMK\u0118 DO TYCH DRZWI<\/a><\/p>","protected":false},"featured_media":36348,"template":"","meta":[],"product_brand":[],"product_cat":[43,44],"product_tag":[],"class_list":{"0":"post-23667","1":"product","2":"type-product","3":"status-publish","4":"has-post-thumbnail","6":"product_cat-wszystkie-drzwi","7":"product_cat-drzwi-wewnetrzne","9":"first","10":"instock","11":"taxable","12":"shipping-taxable","13":"purchasable","14":"product-type-simple"},"blog_post_layout_featured_media_urls":{"thumbnail":["https:\/\/studiodrzwi.com\/wp-content\/uploads\/2026\/03\/verso-3-1-150x150.jpg",150,150,true],"full":["https:\/\/studiodrzwi.com\/wp-content\/uploads\/2026\/03\/verso-3-1.jpg",650,1024,false]},"categories":null,"categories_names":null,"comments_number":"0","_links":{"self":[{"href":"https:\/\/studiodrzwi.com\/en\/wp-json\/wp\/v2\/product\/23667","targetHints":{"allow":["GET"]}}],"collection":[{"href":"https:\/\/studiodrzwi.com\/en\/wp-json\/wp\/v2\/product"}],"about":[{"href":"https:\/\/studiodrzwi.com\/en\/wp-json\/wp\/v2\/types\/product"}],"wp:featuredmedia":[{"embeddable":true,"href":"https:\/\/studiodrzwi.com\/en\/wp-json\/wp\/v2\/media\/36348"}],"wp:attachment":[{"href":"https:\/\/studiodrzwi.com\/en\/wp-json\/wp\/v2\/media?parent=23667"}],"wp:term":[{"taxonomy":"product_brand","embeddable":true,"href":"https:\/\/studiodrzwi.com\/en\/wp-json\/wp\/v2\/product_brand?post=23667"},{"taxonomy":"product_cat","embeddable":true,"href":"https:\/\/studiodrzwi.com\/en\/wp-json\/wp\/v2\/product_cat?post=23667"},{"taxonomy":"product_tag","embeddable":true,"href":"https:\/\/studiodrzwi.com\/en\/wp-json\/wp\/v2\/product_tag?post=23667"}],"curies":[{"name":"wp","href":"https:\/\/api.w.org\/{rel}","templated":true}]}}