{"id":23591,"date":"2024-03-20T22:52:19","date_gmt":"2024-03-20T21:52:19","guid":{"rendered":"https:\/\/test.studiodrzwi.com\/?post_type=product&#038;p=23591"},"modified":"2026-01-27T13:14:23","modified_gmt":"2026-01-27T12:14:23","slug":"klamka-qubik-k","status":"publish","type":"product","link":"https:\/\/studiodrzwi.com\/en\/klamka-qubik-k\/","title":{"rendered":"Klamka QUBIK K"},"content":{"rendered":"<div class=\"flex-1 overflow-hidden\">\n<div class=\"react-scroll-to-bottom--css-piiow-79elbk h-full\">\n<div class=\"react-scroll-to-bottom--css-piiow-1n7m0yu\">\n<div class=\"flex flex-col text-sm pb-9\">\n<div class=\"w-full text-token-text-primary\" data-testid=\"conversation-turn-5\">\n<div class=\"px-4 py-2 justify-center text-base md:gap-6 m-auto\">\n<div class=\"flex flex-1 text-base mx-auto gap-3 md:px-5 lg:px-1 xl:px-5 md:max-w-3xl lg:max-w-[40rem] xl:max-w-[48rem] group final-completion\">\n<div class=\"relative flex w-full flex-col agent-turn\">\n<div class=\"flex-col gap-1 md:gap-3\">\n<div class=\"flex flex-grow flex-col max-w-full\">\n<div class=\"min-h-[20px] text-message flex flex-col items-start gap-3 whitespace-pre-wrap break-words [.text-message+&amp;]:mt-5 overflow-x-auto\" data-message-author-role=\"assistant\" data-message-id=\"56b9c10a-5413-4b23-a053-8595c869ebf3\">\n<div class=\"markdown prose w-full break-words dark:prose-invert light\">\n<p>Nowoczesna, <strong>kanciasta klamka przeznaczona do drzwi wewn\u0119trznych<\/strong>, \u0142\u0105cz\u0105ca klasyczny design z wygod\u0105 u\u017cytkowania dzi\u0119ki odpowiednio wyprofilowanej r\u0119koje\u015bci. Klamki z kanciastym szyldem typu K cechuje estetyczna, sp\u00f3jna konstrukcja podklamkowa, pozbawiona zb\u0119dnych po\u0142\u0105cze\u0144, co wp\u0142ywa na estetyk\u0119 klamki. Produkt dost\u0119pny w r\u00f3\u017cnorodnej palecie modnych kolor\u00f3w.<\/p>\n<p>Klamka dost\u0119pna w wariancie z antybakteryjn\u0105 pow\u0142ok\u0105, kt\u00f3ra zapobiega gromadzeniu si\u0119 na powierzchni klamki chorobotw\u00f3rczych zarazk\u00f3w. Antybakteryjna pow\u0142oka zwalcza drobnoustroje przenoszone przez d\u0142onie i zapobiega rozprzestrzenianiu si\u0119 bakterii.<\/p>\n<\/div>\n<\/div>\n<\/div>\n<\/div>\n<\/div>\n<\/div>\n<\/div>\n<\/div>\n<\/div>\n<\/div>\n<\/div>\n<\/div>\n","protected":false},"excerpt":{"rendered":"<p>Klamka do drzwi wewn\u0119trznych z kwadratowym szyldem. Produkt dost\u0119pny w r\u00f3\u017cnorodnej palecie kolor\u00f3w.<\/p>","protected":false},"featured_media":23609,"template":"","meta":[],"product_brand":[],"product_cat":[120,136],"product_tag":[57],"class_list":{"0":"post-23591","1":"product","2":"type-product","3":"status-publish","4":"has-post-thumbnail","6":"product_cat-wszystkie-akcesoria","7":"product_cat-klamki-drzwi","8":"product_tag-klamki","9":"product_shipping_class-klamki","11":"first","12":"instock","13":"taxable","14":"shipping-taxable","15":"purchasable","16":"product-type-simple"},"blog_post_layout_featured_media_urls":{"thumbnail":["https:\/\/studiodrzwi.com\/wp-content\/uploads\/2024\/03\/Klamka-QUBIK-K-czarny-1-1.jpg",150,150,false],"full":["https:\/\/studiodrzwi.com\/wp-content\/uploads\/2024\/03\/Klamka-QUBIK-K-czarny-1-1.jpg",600,600,false]},"categories":null,"categories_names":null,"comments_number":"0","_links":{"self":[{"href":"https:\/\/studiodrzwi.com\/en\/wp-json\/wp\/v2\/product\/23591","targetHints":{"allow":["GET"]}}],"collection":[{"href":"https:\/\/studiodrzwi.com\/en\/wp-json\/wp\/v2\/product"}],"about":[{"href":"https:\/\/studiodrzwi.com\/en\/wp-json\/wp\/v2\/types\/product"}],"wp:featuredmedia":[{"embeddable":true,"href":"https:\/\/studiodrzwi.com\/en\/wp-json\/wp\/v2\/media\/23609"}],"wp:attachment":[{"href":"https:\/\/studiodrzwi.com\/en\/wp-json\/wp\/v2\/media?parent=23591"}],"wp:term":[{"taxonomy":"product_brand","embeddable":true,"href":"https:\/\/studiodrzwi.com\/en\/wp-json\/wp\/v2\/product_brand?post=23591"},{"taxonomy":"product_cat","embeddable":true,"href":"https:\/\/studiodrzwi.com\/en\/wp-json\/wp\/v2\/product_cat?post=23591"},{"taxonomy":"product_tag","embeddable":true,"href":"https:\/\/studiodrzwi.com\/en\/wp-json\/wp\/v2\/product_tag?post=23591"}],"curies":[{"name":"wp","href":"https:\/\/api.w.org\/{rel}","templated":true}]}}