{"id":23580,"date":"2024-03-27T19:04:40","date_gmt":"2024-03-27T18:04:40","guid":{"rendered":"https:\/\/test.studiodrzwi.com\/?post_type=product&#038;p=23580"},"modified":"2026-03-26T13:08:36","modified_gmt":"2026-03-26T12:08:36","slug":"drzwi-vetro-e-dre","status":"publish","type":"product","link":"https:\/\/studiodrzwi.com\/en\/drzwi-vetro-e-dre\/","title":{"rendered":"Vetro E DRE &#8211; laminat"},"content":{"rendered":"<p>Skrzyd\u0142o drzwiowe zosta\u0142o wykonane z p\u0142yty drewnopochodnej, wzmocnionej sklejk\u0105, a wype\u0142nienie stanowi p\u0142yta wi\u00f3rowo-otworowa. W przypadku drzwi zastosowano szyb\u0119 hartowan\u0105 o grubo\u015bci 8 mm.<\/p>\n<p>SKRZYD\u0141O Z PRZYLG\u0104<\/p>\n<ul>\n<li>Posiada prost\u0105 kraw\u0119d\u017a.<\/li>\n<li>Wyposa\u017cone w 3 zawiasy wkr\u0119cane w kolorze srebrnym.<\/li>\n<li>Zamkni\u0119cie zasuwkowe na klucz standardowy, blokad\u0119 \u0142azienkow\u0105, wk\u0142adk\u0119 patentow\u0105 lub zamek oszcz\u0119dno\u015bciowy.<\/li>\n<\/ul>\n<p>SKRZYD\u0141O BEZ PRZYLGI<\/p>\n<ul>\n<li>Posiada kraw\u0119d\u017a bez przylgi.<\/li>\n<li>Posiada gniazda pod 2 zawiasy wpuszczane typu Estetic 80 (zawiasy s\u0105 cz\u0119\u015bci\u0105 wyposa\u017cenia o\u015bcie\u017cnicy).<\/li>\n<\/ul>\n<p><img fetchpriority=\"high\" decoding=\"async\" class=\"alignnone size-medium wp-image-36491\" src=\"https:\/\/studiodrzwi.com\/wp-content\/uploads\/2026\/03\/vetro-e-wizualizacja-300x213.png\" alt=\"\" width=\"300\" height=\"213\" srcset=\"https:\/\/studiodrzwi.com\/wp-content\/uploads\/2026\/03\/vetro-e-wizualizacja-300x213.png 300w, https:\/\/studiodrzwi.com\/wp-content\/uploads\/2026\/03\/vetro-e-wizualizacja-205x146.png 205w, https:\/\/studiodrzwi.com\/wp-content\/uploads\/2026\/03\/vetro-e-wizualizacja-380x270.png 380w, https:\/\/studiodrzwi.com\/wp-content\/uploads\/2026\/03\/vetro-e-wizualizacja.png 508w\" sizes=\"(max-width: 300px) 100vw, 300px\" \/><\/p>","protected":false},"excerpt":{"rendered":"<p>Skrzyd\u0142o drzwi wykonane jest z wzmocnionej sklejk\u0105 p\u0142yty drewnopochodnej, z wype\u0142nieniem z p\u0142yty wi\u00f3rowo otworowej. Drzwi wyposa\u017cone s\u0105 w hartowan\u0105 szyb\u0119 o grubo\u015bci 8 mm.<\/p>\n<p>Brak mo\u017cliwo\u015bci skracania skrzyd\u0142a.<\/p>\n<p><a title=\"DOPASUJ O\u015aCIE\u017bNICE DO TYCH DRZWI\" href=\"https:\/\/studiodrzwi.com\/en\/wszystkie-akcesoria\/?btsf-filter=1&amp;filter_producent=dre&amp;query_type_producent=and&amp;product_cat=wszystkie-akcesoria&amp;query_type_product_cat=and\">DOPASUJ O\u015aCIE\u017bNICE DO TYCH DRZWI<\/a><\/p>\n<p>Klamka nie jest zawarta w komplecie z drzwiami.<\/p>\n<p><a title=\"DOPASUJ KLAMK\u0118 DO TYCH DRZWI\" href=\"https:\/\/studiodrzwi.com\/en\/wszystkie-akcesoria\/?btsf-filter=1&amp;product_cat=wszystkie-akcesoria%2Cklamki-drzwi&amp;query_type_product_cat=and\">DOPASUJ KLAMK\u0118 DO TYCH DRZWI<\/a><\/p>","protected":false},"featured_media":36490,"template":"","meta":[],"product_brand":[],"product_cat":[43,44],"product_tag":[],"class_list":{"0":"post-23580","1":"product","2":"type-product","3":"status-publish","4":"has-post-thumbnail","6":"product_cat-wszystkie-drzwi","7":"product_cat-drzwi-wewnetrzne","8":"product_shipping_class-drzwi","10":"first","11":"instock","12":"taxable","13":"shipping-taxable","14":"purchasable","15":"product-type-simple"},"blog_post_layout_featured_media_urls":{"thumbnail":["https:\/\/studiodrzwi.com\/wp-content\/uploads\/2026\/03\/vetro-e-150x150.jpg",150,150,true],"full":["https:\/\/studiodrzwi.com\/wp-content\/uploads\/2026\/03\/vetro-e.jpg",650,1024,false]},"categories":null,"categories_names":null,"comments_number":"0","_links":{"self":[{"href":"https:\/\/studiodrzwi.com\/en\/wp-json\/wp\/v2\/product\/23580","targetHints":{"allow":["GET"]}}],"collection":[{"href":"https:\/\/studiodrzwi.com\/en\/wp-json\/wp\/v2\/product"}],"about":[{"href":"https:\/\/studiodrzwi.com\/en\/wp-json\/wp\/v2\/types\/product"}],"wp:featuredmedia":[{"embeddable":true,"href":"https:\/\/studiodrzwi.com\/en\/wp-json\/wp\/v2\/media\/36490"}],"wp:attachment":[{"href":"https:\/\/studiodrzwi.com\/en\/wp-json\/wp\/v2\/media?parent=23580"}],"wp:term":[{"taxonomy":"product_brand","embeddable":true,"href":"https:\/\/studiodrzwi.com\/en\/wp-json\/wp\/v2\/product_brand?post=23580"},{"taxonomy":"product_cat","embeddable":true,"href":"https:\/\/studiodrzwi.com\/en\/wp-json\/wp\/v2\/product_cat?post=23580"},{"taxonomy":"product_tag","embeddable":true,"href":"https:\/\/studiodrzwi.com\/en\/wp-json\/wp\/v2\/product_tag?post=23580"}],"curies":[{"name":"wp","href":"https:\/\/api.w.org\/{rel}","templated":true}]}}