{"id":23570,"date":"2024-03-13T21:43:50","date_gmt":"2024-03-13T20:43:50","guid":{"rendered":"https:\/\/test.studiodrzwi.com\/?post_type=product&#038;p=23570"},"modified":"2026-04-16T12:17:11","modified_gmt":"2026-04-16T10:17:11","slug":"verso-dre","status":"publish","type":"product","link":"https:\/\/studiodrzwi.com\/en\/verso-dre\/","title":{"rendered":"Verso (0-4) DRE"},"content":{"rendered":"<section id=\"section-block_1d2b8f60709d7575b32f72b307aa68f0\" class=\"block-section\">\n<div class=\"fz-container\">\n<h3 class=\"wp-block-heading\">Skrzyd\u0142o przylgowe<\/h3>\n<ul>\n<li>Prosta kraw\u0119d\u017a<\/li>\n<li>Trzy zawiasy wkr\u0119cane w kolorze srebrnym<\/li>\n<li>Zamek zasuwkowy dost\u0119pny na klucz zwyk\u0142y, blokad\u0119 \u0142azienkow\u0105, wk\u0142adk\u0119 patentow\u0105 lub zamek oszcz\u0119dno\u015bciowy<\/li>\n<\/ul>\n<\/div>\n<\/section>\n<section id=\"section-block_1d2b8f60709d7575b32f72b307aa68f0\" class=\"block-section\">\n<div class=\"fz-container\">\n<h3 class=\"wp-block-heading\">Skrzyd\u0142o bezprzylgowe rozwierne<\/h3>\n<ul>\n<li>Kraw\u0119d\u017a bez przylgi<\/li>\n<li>Gniazda pod dwa zawiasy wpuszczane Estetic 80 (zawiasy s\u0105 cz\u0119\u015bci\u0105 wyposa\u017cenia o\u015bcie\u017cnicy)<\/li>\n<li>Zamek magnetyczny dost\u0119pny na klucz zwyk\u0142y, blokad\u0119 \u0142azienkow\u0105, wk\u0142adk\u0119 patentow\u0105 lub zamek oszcz\u0119dno\u015bciowy<\/li>\n<\/ul>\n<\/div>\n<\/section>\n<section id=\"section-block_1d2b8f60709d7575b32f72b307aa68f0\" class=\"block-section\">\n<div class=\"fz-container\"><\/div>\n<\/section>\n<section class=\"block-section-header\">\n<div class=\"fz-container\">\n<div class=\"block-section-header__inner\">\n<div class=\"c-header\"><\/div>\n<\/div>\n<\/div>\n<\/section>","protected":false},"excerpt":{"rendered":"<p>Model VERSO to popularny model drzwi. Doskonale pasuj\u0105 do mniejszych pomieszcze\u0144, pozwalaj\u0105c uzyska\u0107 optyczny efekt wi\u0119kszej przestrzeni w pomieszczeniu.<\/p>\n<p>Rama skrzyd\u0142a wykonana w z p\u0142yty drewnopochodnej, szyba MAT DRE o grubo\u015bci 4mm. Dost\u0119pne w wersji <strong>przylgowej<\/strong>, <strong>bezprzylgowej<\/strong> i w <strong>systemie przesuwnym<\/strong>.<\/p>\n<p>Dost\u0119pno\u015b\u0107 w 2 kolorach z r\u00f3\u017cnymi wariantami szyb: <strong>DECORMAT BR\u0104Z<\/strong>,<strong> DECORMAT GRAFIT<\/strong> i<strong> szyba prze\u017aroczysta.<\/strong><\/p>\n<p>W standardzie:<\/p>\n<ul>\n<li>ramiaki z p\u0142yt drewnopochodnych<\/li>\n<li>szyba MAT DRE gr. 4 mm<\/li>\n<\/ul>\n<p><a title=\"DOPASUJ O\u015aCIE\u017bNICE DO TYCH DRZWI\" href=\"https:\/\/studiodrzwi.com\/en\/wszystkie-akcesoria\/?btsf-filter=1&amp;filter_producent=dre&amp;query_type_producent=and\">DOPASUJ O\u015aCIE\u017bNICE DO TYCH DRZWI<\/a><\/p>\n<p>Klamka nie jest zawarta w komplecie z drzwiami.<\/p>\n<p><a title=\"DOPASUJ KLAMK\u0118 DO TYCH DRZWI\" href=\"https:\/\/studiodrzwi.com\/en\/wszystkie-akcesoria\/?btsf-filter=1&amp;product_cat=wszystkie-akcesoria%2Cklamki-drzwi&amp;query_type_product_cat=and\">DOPASUJ KLAMK\u0118 DO TYCH DRZWI<\/a><\/p>\n<p>&nbsp;<\/p>","protected":false},"featured_media":36346,"template":"","meta":[],"product_brand":[],"product_cat":[43,227,44],"product_tag":[],"class_list":{"0":"post-23570","1":"product","2":"type-product","3":"status-publish","4":"has-post-thumbnail","6":"product_cat-wszystkie-drzwi","7":"product_cat-szklane","8":"product_cat-drzwi-wewnetrzne","9":"product_shipping_class-drzwi","11":"first","12":"instock","13":"featured","14":"taxable","15":"shipping-taxable","16":"purchasable","17":"product-type-simple"},"blog_post_layout_featured_media_urls":{"thumbnail":["https:\/\/studiodrzwi.com\/wp-content\/uploads\/2026\/03\/verso-3-150x150.jpg",150,150,true],"full":["https:\/\/studiodrzwi.com\/wp-content\/uploads\/2026\/03\/verso-3.jpg",650,1024,false]},"categories":null,"categories_names":null,"comments_number":"0","_links":{"self":[{"href":"https:\/\/studiodrzwi.com\/en\/wp-json\/wp\/v2\/product\/23570","targetHints":{"allow":["GET"]}}],"collection":[{"href":"https:\/\/studiodrzwi.com\/en\/wp-json\/wp\/v2\/product"}],"about":[{"href":"https:\/\/studiodrzwi.com\/en\/wp-json\/wp\/v2\/types\/product"}],"wp:featuredmedia":[{"embeddable":true,"href":"https:\/\/studiodrzwi.com\/en\/wp-json\/wp\/v2\/media\/36346"}],"wp:attachment":[{"href":"https:\/\/studiodrzwi.com\/en\/wp-json\/wp\/v2\/media?parent=23570"}],"wp:term":[{"taxonomy":"product_brand","embeddable":true,"href":"https:\/\/studiodrzwi.com\/en\/wp-json\/wp\/v2\/product_brand?post=23570"},{"taxonomy":"product_cat","embeddable":true,"href":"https:\/\/studiodrzwi.com\/en\/wp-json\/wp\/v2\/product_cat?post=23570"},{"taxonomy":"product_tag","embeddable":true,"href":"https:\/\/studiodrzwi.com\/en\/wp-json\/wp\/v2\/product_tag?post=23570"}],"curies":[{"name":"wp","href":"https:\/\/api.w.org\/{rel}","templated":true}]}}