{"id":23552,"date":"2024-02-27T13:10:50","date_gmt":"2024-02-27T12:10:50","guid":{"rendered":"https:\/\/test.studiodrzwi.com\/?post_type=product&#038;p=23552"},"modified":"2026-04-16T11:33:04","modified_gmt":"2026-04-16T09:33:04","slug":"drzwi-trame-windoor-lazienka","status":"publish","type":"product","link":"https:\/\/studiodrzwi.com\/en\/drzwi-trame-windoor-lazienka\/","title":{"rendered":"Trame Windoor &#8211; \u0142azienka"},"content":{"rendered":"<p><strong>Drzwi z linii TRAME w <\/strong><b>wersji \u0142azienkowej<\/b>\u00a0wyr\u00f3\u017cniaj\u0105 si\u0119 niezwykle <strong>wysok\u0105 jako\u015bci\u0105 oraz odporno\u015bci\u0105<\/strong> na uszkodzenia mechaniczne, co przek\u0142ada si\u0119 na ich trwa\u0142o\u015b\u0107 i zapewnienie bezpiecze\u0144stwa u\u017cytkownikom.<\/p>\n<p>Skrzyd\u0142o drzwiowe z szyb\u0105 mleczn\u0105\u00a0 \u00a0wyr\u00f3\u017cniaj\u0105ce si\u0119 nowoczesnym designem .<\/p>\n<p style=\"font-weight: 400;\">Drzwi zosta\u0142y wykonane z pe\u0142nej p\u0142yty MDf 44 mm ,technologi\u0105 tupu ramiak<\/p>\n<p style=\"font-weight: 400;\">Skrzyd\u0142o pokryte wysokiej jako\u015bci oklein\u0105 odporn\u0105 na zarysowania .<\/p>\n<p style=\"font-weight: 400;\">Zastosowano wyko\u0144czenie technologi\u0105 softline \u2013 brak \u0142\u0105cze\u0144 okleiny na kraw\u0119dziach<\/p>\n<p style=\"font-weight: 400;\">W zestawie 3 zawiasy ,zamek .<\/p>\n<p style=\"font-weight: 400;\">Ten model mo\u017cesz wybra\u0107 w wersji :<\/p>\n<p style=\"font-weight: 400;\">-pokojowej -z przeszkleniem ,<\/p>\n<p style=\"font-weight: 400;\">-\u0142azienkowej \u2013 mniejsza ilo\u015b\u0107 przeszkle\u0144 + wentylacja ,<\/p>\n<p style=\"font-weight: 400;\">-pe\u0142nej -bez przeszkle\u0144<\/p>\n<p><strong>Dzi\u0119ki zastosowaniu technologii<\/strong> czopowania i ko\u0142kowania do po\u0142\u0105czenia element\u00f3w pionowych i poziomych, drzwi staj\u0105 si\u0119 odporne na wypaczanie oraz opuszczanie si\u0119 w trakcie d\u0142ugotrwa\u0142ego u\u017cytkowania. To gwarantuje nie tylko trwa\u0142o\u015b\u0107, ale tak\u017ce utrzymanie doskona\u0142ej funkcjonalno\u015bci przez wiele lat.<\/p>\n<p>&nbsp;<\/p>","protected":false},"excerpt":{"rendered":"<p><strong>Drzwi linii TRAME <\/strong>, w nowoczesnej stylistyce. Wiele odcieni okleiny, pozwol\u0105 na dopasowanie drzwi do r\u00f3\u017cnych aran\u017cacji pomieszcze\u0144. Drzwi w wersji \u0142azienkowej z podcieciem wentylacyjnym.<\/p>\n<p><strong>Dzi\u0119ki zastosowaniu technologii<\/strong> czopowania i ko\u0142kowania do po\u0142\u0105czenia element\u00f3w pionowych i poziomych, drzwi staj\u0105 si\u0119 odporne na wypaczanie oraz opuszczanie si\u0119 w trakcie d\u0142ugotrwa\u0142ego u\u017cytkowania. To gwarantuje nie tylko trwa\u0142o\u015b\u0107, ale tak\u017ce utrzymanie doskona\u0142ej funkcjonalno\u015bci przez wiele lat.<\/p>\n<p><a title=\"DOPASUJ O\u015aCIE\u017bNICE DO TYCH DRZWI\" href=\"https:\/\/studiodrzwi.com\/en\/wszystkie-akcesoria\/?btsf-filter=1&amp;filter_producent=windoor&amp;query_type_producent=and\">DOPASUJ O\u015aCIE\u017bNICE DO TYCH DRZWI<\/a><\/p>\n<p>Klamka nie jest zawarta w komplecie z drzwiami.<\/p>\n<p><a title=\"DOPASUJ KLAMK\u0118 DO TYCH DRZWI\" href=\"https:\/\/studiodrzwi.com\/en\/wszystkie-akcesoria\/?btsf-filter=1&amp;product_cat=wszystkie-akcesoria%2Cklamki-drzwi&amp;query_type_product_cat=and\">DOPASUJ KLAMK\u0118 DO TYCH DRZWI<\/a><\/p>\n<p>&nbsp;<\/p>","protected":false},"featured_media":23560,"template":"","meta":[],"product_brand":[],"product_cat":[43,229,44],"product_tag":[],"class_list":{"0":"post-23552","1":"product","2":"type-product","3":"status-publish","4":"has-post-thumbnail","6":"product_cat-wszystkie-drzwi","7":"product_cat-lazienka","8":"product_cat-drzwi-wewnetrzne","9":"product_shipping_class-drzwi","11":"first","12":"instock","13":"taxable","14":"shipping-taxable","15":"purchasable","16":"product-type-simple"},"blog_post_layout_featured_media_urls":{"thumbnail":["https:\/\/studiodrzwi.com\/wp-content\/uploads\/2024\/02\/Drzwi-Trame-Windoor-dab-gorski-z-podcieciem-sklep-\u2014-kopia-1-150x150.webp",150,150,true],"full":["https:\/\/studiodrzwi.com\/wp-content\/uploads\/2024\/02\/Drzwi-Trame-Windoor-dab-gorski-z-podcieciem-sklep-\u2014-kopia-1.webp",650,1024,false]},"categories":null,"categories_names":null,"comments_number":"0","_links":{"self":[{"href":"https:\/\/studiodrzwi.com\/en\/wp-json\/wp\/v2\/product\/23552","targetHints":{"allow":["GET"]}}],"collection":[{"href":"https:\/\/studiodrzwi.com\/en\/wp-json\/wp\/v2\/product"}],"about":[{"href":"https:\/\/studiodrzwi.com\/en\/wp-json\/wp\/v2\/types\/product"}],"wp:featuredmedia":[{"embeddable":true,"href":"https:\/\/studiodrzwi.com\/en\/wp-json\/wp\/v2\/media\/23560"}],"wp:attachment":[{"href":"https:\/\/studiodrzwi.com\/en\/wp-json\/wp\/v2\/media?parent=23552"}],"wp:term":[{"taxonomy":"product_brand","embeddable":true,"href":"https:\/\/studiodrzwi.com\/en\/wp-json\/wp\/v2\/product_brand?post=23552"},{"taxonomy":"product_cat","embeddable":true,"href":"https:\/\/studiodrzwi.com\/en\/wp-json\/wp\/v2\/product_cat?post=23552"},{"taxonomy":"product_tag","embeddable":true,"href":"https:\/\/studiodrzwi.com\/en\/wp-json\/wp\/v2\/product_tag?post=23552"}],"curies":[{"name":"wp","href":"https:\/\/api.w.org\/{rel}","templated":true}]}}