{"id":23523,"date":"2024-02-20T16:13:46","date_gmt":"2024-02-20T15:13:46","guid":{"rendered":"https:\/\/test.studiodrzwi.com\/?post_type=product&#038;p=23523"},"modified":"2026-04-16T12:23:23","modified_gmt":"2026-04-16T10:23:23","slug":"drzwi-prim-windoor-pokoj","status":"publish","type":"product","link":"https:\/\/studiodrzwi.com\/en\/drzwi-prim-windoor-pokoj\/","title":{"rendered":"Prim Windoor- pok\u00f3j"},"content":{"rendered":"<p>Konstrukcja MDF \u2013 ramiak wykonany jest z wysokiej jako\u015bci\u00a0<strong>pe\u0142nej p\u0142yty MDF<\/strong>.<\/p>\n<p>Drzwi <strong>PRIM<\/strong> wyposa\u017cone s\u0105 w <strong>3 wkr\u0119cane zawiasy<\/strong>\u00a0oraz\u00a0<strong>szk\u0142o mleczne wzmacniane<\/strong>\u00a0o grubo\u015bci 4mm.<\/p>\n<p>Profile wykonane w technologii\u00a0<strong>SOFTLine<\/strong>, kt\u00f3ra wyr\u00f3\u017cnia si\u0119\u00a0<strong>brakiem \u0142\u0105cze\u0144<\/strong>\u00a0okleiny na kraw\u0119dziach.<\/p>\n<p>Do po\u0142\u0105czenia element\u00f3w pionowych i poziomych zastosowano technologi\u0119 czopowania i ko\u0142kowania, co\u00a0<strong>zapobiega wypaczaniu<\/strong>\u00a0oraz opuszczaniu drzwi w trakcie\u00a0<strong>wieloletniego<\/strong>\u00a0ich u\u017cytkowania.<\/p>\n<p><img fetchpriority=\"high\" decoding=\"async\" class=\"alignnone size-medium wp-image-36226\" src=\"https:\/\/studiodrzwi.com\/wp-content\/uploads\/2026\/03\/prim-1-300x189.png\" alt=\"\" width=\"300\" height=\"189\" srcset=\"https:\/\/studiodrzwi.com\/wp-content\/uploads\/2026\/03\/prim-1-300x189.png 300w, https:\/\/studiodrzwi.com\/wp-content\/uploads\/2026\/03\/prim-1-205x129.png 205w, https:\/\/studiodrzwi.com\/wp-content\/uploads\/2026\/03\/prim-1-768x485.png 768w, https:\/\/studiodrzwi.com\/wp-content\/uploads\/2026\/03\/prim-1-575x363.png 575w, https:\/\/studiodrzwi.com\/wp-content\/uploads\/2026\/03\/prim-1-380x240.png 380w, https:\/\/studiodrzwi.com\/wp-content\/uploads\/2026\/03\/prim-1.png 809w\" sizes=\"(max-width: 300px) 100vw, 300px\" \/><\/p>\n<p><img decoding=\"async\" class=\"size-medium wp-image-36004\" src=\"https:\/\/studiodrzwi.com\/wp-content\/uploads\/2026\/03\/prim-wizualizacja-300x193.png\" alt=\"prim-wizualizacja-windoor\" width=\"300\" height=\"193\" srcset=\"https:\/\/studiodrzwi.com\/wp-content\/uploads\/2026\/03\/prim-wizualizacja-300x193.png 300w, https:\/\/studiodrzwi.com\/wp-content\/uploads\/2026\/03\/prim-wizualizacja-205x132.png 205w, https:\/\/studiodrzwi.com\/wp-content\/uploads\/2026\/03\/prim-wizualizacja-1024x660.png 1024w, https:\/\/studiodrzwi.com\/wp-content\/uploads\/2026\/03\/prim-wizualizacja-768x495.png 768w, https:\/\/studiodrzwi.com\/wp-content\/uploads\/2026\/03\/prim-wizualizacja-1140x735.png 1140w, https:\/\/studiodrzwi.com\/wp-content\/uploads\/2026\/03\/prim-wizualizacja-920x593.png 920w, https:\/\/studiodrzwi.com\/wp-content\/uploads\/2026\/03\/prim-wizualizacja-575x371.png 575w, https:\/\/studiodrzwi.com\/wp-content\/uploads\/2026\/03\/prim-wizualizacja-380x245.png 380w, https:\/\/studiodrzwi.com\/wp-content\/uploads\/2026\/03\/prim-wizualizacja.png 1184w\" sizes=\"(max-width: 300px) 100vw, 300px\" \/><\/p>","protected":false},"excerpt":{"rendered":"<p>Drzwi w wersji\u00a0 pokojowej z mleczn\u0105 szyb\u0105\u00a0 wykonane z wysokiej jako\u015bci p\u0142yty MDF. Profile wykonane w technologii <strong>SOFTLine<\/strong>, kt\u00f3ra wyr\u00f3\u017cnia si\u0119\u00a0<strong>brakiem \u0142\u0105cze\u0144<\/strong> okleiny na kraw\u0119dziach.<\/p>\n<p>Drzwi<strong> PRIM<\/strong>\u00a0w kolorze<strong> bia\u0142ym<\/strong> maj\u0105 <strong>skr\u00f3cony czas oczekiwania<\/strong> \u2013 mo\u017cesz je zam\u00f3wi\u0107 \u201cod r\u0119ki\u201d, tj. czas oczekiwania wynosi 3-6 dni robocze (dotyczy tylko drzwi przylgowych z zamkiem na klucz o szeroko\u015bci 70, 80).<\/p>\n<p><a title=\"DOPASUJ O\u015aCIE\u017bNICE DO TYCH DRZWI\" href=\"https:\/\/studiodrzwi.com\/en\/wszystkie-akcesoria\/?btsf-filter=1&amp;filter_producent=windoor&amp;query_type_producent=and\">DOPASUJ O\u015aCIE\u017bNICE DO TYCH DRZWI <\/a><\/p>\n<p>Klamka nie jest zawarta w komplecie z drzwiami.<\/p>\n<p><a title=\"DOPASUJ KLAMK\u0118 DO TYCH DRZWI\" href=\"https:\/\/studiodrzwi.com\/en\/wszystkie-akcesoria\/?btsf-filter=1&amp;product_cat=wszystkie-akcesoria%2Cklamki-drzwi&amp;query_type_product_cat=and\">DOPASUJ KLAMK\u0118 DO TYCH DRZWI<\/a><\/p>","protected":false},"featured_media":23524,"template":"","meta":[],"product_brand":[],"product_cat":[43,226,44],"product_tag":[45],"class_list":{"0":"post-23523","1":"product","2":"type-product","3":"status-publish","4":"has-post-thumbnail","6":"product_cat-wszystkie-drzwi","7":"product_cat-pokojowe","8":"product_cat-drzwi-wewnetrzne","9":"product_tag-bestseller","11":"first","12":"instock","13":"featured","14":"taxable","15":"shipping-taxable","16":"purchasable","17":"product-type-simple"},"blog_post_layout_featured_media_urls":{"thumbnail":["https:\/\/studiodrzwi.com\/wp-content\/uploads\/2024\/02\/Drzwi-Prim-Windoor-bialy-pokoj-sklep-150x150.webp",150,150,true],"full":["https:\/\/studiodrzwi.com\/wp-content\/uploads\/2024\/02\/Drzwi-Prim-Windoor-bialy-pokoj-sklep.webp",650,1024,false]},"categories":null,"categories_names":null,"comments_number":"0","_links":{"self":[{"href":"https:\/\/studiodrzwi.com\/en\/wp-json\/wp\/v2\/product\/23523","targetHints":{"allow":["GET"]}}],"collection":[{"href":"https:\/\/studiodrzwi.com\/en\/wp-json\/wp\/v2\/product"}],"about":[{"href":"https:\/\/studiodrzwi.com\/en\/wp-json\/wp\/v2\/types\/product"}],"wp:featuredmedia":[{"embeddable":true,"href":"https:\/\/studiodrzwi.com\/en\/wp-json\/wp\/v2\/media\/23524"}],"wp:attachment":[{"href":"https:\/\/studiodrzwi.com\/en\/wp-json\/wp\/v2\/media?parent=23523"}],"wp:term":[{"taxonomy":"product_brand","embeddable":true,"href":"https:\/\/studiodrzwi.com\/en\/wp-json\/wp\/v2\/product_brand?post=23523"},{"taxonomy":"product_cat","embeddable":true,"href":"https:\/\/studiodrzwi.com\/en\/wp-json\/wp\/v2\/product_cat?post=23523"},{"taxonomy":"product_tag","embeddable":true,"href":"https:\/\/studiodrzwi.com\/en\/wp-json\/wp\/v2\/product_tag?post=23523"}],"curies":[{"name":"wp","href":"https:\/\/api.w.org\/{rel}","templated":true}]}}