{"id":23371,"date":"2024-02-17T12:52:07","date_gmt":"2024-02-17T11:52:07","guid":{"rendered":"https:\/\/test.studiodrzwi.com\/?post_type=product&#038;p=23371"},"modified":"2026-04-17T15:02:17","modified_gmt":"2026-04-17T13:02:17","slug":"drzwi-ara-set-windoor","status":"publish","type":"product","link":"https:\/\/studiodrzwi.com\/en\/drzwi-ara-set-windoor\/","title":{"rendered":"ARA SET Windoor"},"content":{"rendered":"<p>Drzwi wewn\u0105trzklatkowe <strong>ARA SET<\/strong> polecane s\u0105 do stosowania jako drzwi wej\u015bciowe z klatki schodowej do mieszkania czy pomieszcze\u0144 biurowych.Ara jest skrzyd\u0142em pe\u0142nym w systemie przylgowym i oferowana jest w komplecie z o\u015bcie\u017cnic\u0105 sta\u0142\u0105 w kolorze skrzyd\u0142a.<\/p>\n<p>Wype\u0142nienie ram skrzyd\u0142a stanowi pe\u0142na mi\u0119kka p\u0142yta pil\u015bniowa LDF (SOLID) o grubo\u015bci 34mm, stanowi\u0105ca element wyg\u0142uszaj\u0105cy i obni\u017caj\u0105cy wsp\u00f3\u0142czynnik przenikania ciep\u0142a drzwi.<\/p>\n<ul>\n<li><strong>Izolacyjno\u015b\u0107 akustyczna:<\/strong>\u00a032dB<\/li>\n<li><strong>Wyposa\u017cenie:<\/strong><\/li>\n<li>pr\u00f3g aluminiowy z uszczelk\u0105<\/li>\n<li>o\u015bcie\u017cnica sta\u0142a przylgowa w kolorze skrzyd\u0142a<\/li>\n<li>stalowe, odlewane i regulowane zaczepy zainstalowane w pionie o\u015bcie\u017cnicy<\/li>\n<li>2 uszczelki<\/li>\n<li>4 stalowe zawiasy \u015brednicy 16 mm, z regulacj\u0105 3D<\/li>\n<li>trzy bolce antywywa\u017ceniowe (po stronie zawias\u00f3w)<\/li>\n<\/ul>\n<p>&nbsp;<\/p>\n<p>Konstrukcja skrzyd\u0142a:<\/p>\n<ul>\n<li>skrzyd\u0142o pe\u0142ne &#8211; system przylgowy z o\u015bcie\u017cnic\u0105 sta\u0142\u0105<\/li>\n<li>ramiak z p\u0142yty MDF pokryty dwiema p\u0142ytami HDF<\/li>\n<li>wype\u0142nienie p\u0142yt\u0105 wyg\u0142uszaj\u0105c\u0105 SOLID grubo\u015b\u0107 34 mm<\/li>\n<li>wzmocnienie p\u0142askownikiem stalowym grubo\u015b\u0107 4 mm<\/li>\n<li>grubo\u015b\u0107 skrzyd\u0142a 46 mm<\/li>\n<\/ul>","protected":false},"excerpt":{"rendered":"<p>Przedstawiony model jest przeznaczony do mieszka\u0144 oraz pomieszcze\u0144 biurowych. Idealnie sprawdza si\u0119 w miejscach, gdzie prowadzona jest dzia\u0142alno\u015b\u0107 us\u0142ugowa, a solidne wykonanie to tylko jeden z jego atut\u00f3w. S\u0105 to drzwi zalecane do stosowania jako wej\u015bciowe z klatki schodowej do mieszkania.<\/p>\n<figure id=\"attachment_26940\" aria-describedby=\"caption-attachment-26940\" style=\"width: 300px\" class=\"wp-caption alignnone\"><img fetchpriority=\"high\" decoding=\"async\" class=\"size-medium wp-image-26940\" src=\"https:\/\/studiodrzwi.com\/wp-content\/uploads\/2024\/02\/ara-wizualizacja-300x188.jpg\" alt=\"Ara set d\u0105b country\" width=\"300\" height=\"188\" srcset=\"https:\/\/studiodrzwi.com\/wp-content\/uploads\/2024\/02\/ara-wizualizacja-300x188.jpg 300w, https:\/\/studiodrzwi.com\/wp-content\/uploads\/2024\/02\/ara-wizualizacja-scaled-205x129.jpg 205w, https:\/\/studiodrzwi.com\/wp-content\/uploads\/2024\/02\/ara-wizualizacja-1024x643.jpg 1024w, https:\/\/studiodrzwi.com\/wp-content\/uploads\/2024\/02\/ara-wizualizacja-768x482.jpg 768w, https:\/\/studiodrzwi.com\/wp-content\/uploads\/2024\/02\/ara-wizualizacja-1536x964.jpg 1536w, https:\/\/studiodrzwi.com\/wp-content\/uploads\/2024\/02\/ara-wizualizacja-2048x1286.jpg 2048w\" sizes=\"(max-width: 300px) 100vw, 300px\" \/><figcaption id=\"caption-attachment-26940\" class=\"wp-caption-text\">Ara set kolor d\u0105b country<\/figcaption><\/figure>\n<figure id=\"attachment_26941\" aria-describedby=\"caption-attachment-26941\" style=\"width: 300px\" class=\"wp-caption alignnone\"><img decoding=\"async\" class=\"size-medium wp-image-26941\" src=\"https:\/\/studiodrzwi.com\/wp-content\/uploads\/2024\/02\/ara-opis-dzwiekoszczelnosc--300x89.jpg\" alt=\"Ara d\u017awi\u0119koszczelno\u015b\u0107\" width=\"300\" height=\"89\" srcset=\"https:\/\/studiodrzwi.com\/wp-content\/uploads\/2024\/02\/ara-opis-dzwiekoszczelnosc--300x89.jpg 300w, https:\/\/studiodrzwi.com\/wp-content\/uploads\/2024\/02\/ara-opis-dzwiekoszczelnosc--205x61.jpg 205w, https:\/\/studiodrzwi.com\/wp-content\/uploads\/2024\/02\/ara-opis-dzwiekoszczelnosc--1024x302.jpg 1024w, https:\/\/studiodrzwi.com\/wp-content\/uploads\/2024\/02\/ara-opis-dzwiekoszczelnosc--768x227.jpg 768w, https:\/\/studiodrzwi.com\/wp-content\/uploads\/2024\/02\/ara-opis-dzwiekoszczelnosc--1536x454.jpg 1536w, https:\/\/studiodrzwi.com\/wp-content\/uploads\/2024\/02\/ara-opis-dzwiekoszczelnosc-.jpg 1696w\" sizes=\"(max-width: 300px) 100vw, 300px\" \/><figcaption id=\"caption-attachment-26941\" class=\"wp-caption-text\">Ara d\u017awi\u0119koszczelno\u015b\u0107<\/figcaption><\/figure>\n<p>&nbsp;<\/p>\n<p>&nbsp;<\/p>","protected":false},"featured_media":23375,"template":"","meta":[],"product_brand":[],"product_cat":[43,135],"product_tag":[],"class_list":{"0":"post-23371","1":"product","2":"type-product","3":"status-publish","4":"has-post-thumbnail","6":"product_cat-wszystkie-drzwi","7":"product_cat-drzwi-wewnatrzklatkowe","8":"product_shipping_class-drzwi","10":"first","11":"instock","12":"sale","13":"featured","14":"taxable","15":"shipping-taxable","16":"purchasable","17":"product-type-simple"},"blog_post_layout_featured_media_urls":{"thumbnail":["https:\/\/studiodrzwi.com\/wp-content\/uploads\/2024\/02\/Drzwi-Ara-Windoor-wewnatrzklatkowe-dab-gorski-sklep-orginal-1-150x150.webp",150,150,true],"full":["https:\/\/studiodrzwi.com\/wp-content\/uploads\/2024\/02\/Drzwi-Ara-Windoor-wewnatrzklatkowe-dab-gorski-sklep-orginal-1.webp",650,1024,false]},"categories":null,"categories_names":null,"comments_number":"0","_links":{"self":[{"href":"https:\/\/studiodrzwi.com\/en\/wp-json\/wp\/v2\/product\/23371","targetHints":{"allow":["GET"]}}],"collection":[{"href":"https:\/\/studiodrzwi.com\/en\/wp-json\/wp\/v2\/product"}],"about":[{"href":"https:\/\/studiodrzwi.com\/en\/wp-json\/wp\/v2\/types\/product"}],"wp:featuredmedia":[{"embeddable":true,"href":"https:\/\/studiodrzwi.com\/en\/wp-json\/wp\/v2\/media\/23375"}],"wp:attachment":[{"href":"https:\/\/studiodrzwi.com\/en\/wp-json\/wp\/v2\/media?parent=23371"}],"wp:term":[{"taxonomy":"product_brand","embeddable":true,"href":"https:\/\/studiodrzwi.com\/en\/wp-json\/wp\/v2\/product_brand?post=23371"},{"taxonomy":"product_cat","embeddable":true,"href":"https:\/\/studiodrzwi.com\/en\/wp-json\/wp\/v2\/product_cat?post=23371"},{"taxonomy":"product_tag","embeddable":true,"href":"https:\/\/studiodrzwi.com\/en\/wp-json\/wp\/v2\/product_tag?post=23371"}],"curies":[{"name":"wp","href":"https:\/\/api.w.org\/{rel}","templated":true}]}}