{"id":23361,"date":"2024-02-17T12:30:52","date_gmt":"2024-02-17T11:30:52","guid":{"rendered":"https:\/\/test.studiodrzwi.com\/?post_type=product&#038;p=23361"},"modified":"2026-03-26T10:37:50","modified_gmt":"2026-03-26T09:37:50","slug":"drzwi-andromeda-windoor","status":"publish","type":"product","link":"https:\/\/studiodrzwi.com\/en\/drzwi-andromeda-windoor\/","title":{"rendered":"ANDROMEDA Windoor"},"content":{"rendered":"<p>Drzwi wewn\u0105trzklatkowe <strong>Andromeda<\/strong> polecane s\u0105 do stosowania jako\u00a0<strong>drzwi wej\u015bciowe<\/strong>\u00a0z klatki schodowej do\u00a0<strong>mieszkania<\/strong>\u00a0czy pomieszcze\u0144\u00a0<strong>biurowych<\/strong>.<\/p>\n<p>MODEL ten to skrzyd\u0142o<strong> pe\u0142ne<\/strong> w systemie przylgowym i oferowana jest w komplecie wraz z <strong>o\u015bcie\u017cnic\u0105 sta\u0142\u0105<\/strong>\u00a0w kolorze skrzyd\u0142a.<\/p>\n<p>Wype\u0142nienie ram skrzyd\u0142a to pe\u0142na mi\u0119kka <strong>p\u0142yta<\/strong>\u00a0pil\u015bniowa LDF (<strong>SOLID<\/strong>) o grubo\u015bci 34mm, stanowi\u0105ca element\u00a0<strong>wyg\u0142uszaj\u0105cy<\/strong>\u00a0i obni\u017caj\u0105cy wsp\u00f3\u0142czynnik przenikania\u00a0<strong>ciep\u0142a<\/strong>\u00a0drzwi.<\/p>\n<ul>\n<li><strong>Wyposa\u017cenie :<\/strong><\/li>\n<li>wizjer panoramiczny do samodzielnego monta\u017cu<\/li>\n<li>zestaw klamki z szyldem,<\/li>\n<li>pr\u00f3g aluminiowy z uszczelk\u0105<\/li>\n<li>o\u015bcie\u017cnica sta\u0142a przylgowa w kolorze skrzyd\u0142a<\/li>\n<li>stalowe, odlewane i regulowane zaczepy zainstalowane w pionie o\u015bcie\u017cnicy<\/li>\n<li>2 uszczelki<\/li>\n<li>4 stalowe zawiasy \u015brednicy 16 mm, z regulacj\u0105 3D<\/li>\n<li>trzy bolce antywywa\u017ceniowe (po stronie zawias\u00f3w)<\/li>\n<li>2 zamki trzpieniowe w systemie jednego klucza, rozmiar 30\/40<\/li>\n<\/ul>\n<p><img decoding=\"async\" class=\"size-medium wp-image-26943\" src=\"https:\/\/studiodrzwi.com\/wp-content\/uploads\/2024\/02\/andromeda-konstrukcja-300x161.jpg\" alt=\"Andromeda konstrukcja\" width=\"300\" height=\"161\" \/><img fetchpriority=\"high\" decoding=\"async\" class=\"alignnone size-medium wp-image-36515\" src=\"https:\/\/studiodrzwi.com\/wp-content\/uploads\/2026\/03\/ANDROMEDA-SET-WIZUALIZACJA-WINDOOR-300x192.png\" alt=\"\" width=\"300\" height=\"192\" srcset=\"https:\/\/studiodrzwi.com\/wp-content\/uploads\/2026\/03\/ANDROMEDA-SET-WIZUALIZACJA-WINDOOR-300x192.png 300w, https:\/\/studiodrzwi.com\/wp-content\/uploads\/2026\/03\/ANDROMEDA-SET-WIZUALIZACJA-WINDOOR-205x132.png 205w, https:\/\/studiodrzwi.com\/wp-content\/uploads\/2026\/03\/ANDROMEDA-SET-WIZUALIZACJA-WINDOOR-1024x657.png 1024w, https:\/\/studiodrzwi.com\/wp-content\/uploads\/2026\/03\/ANDROMEDA-SET-WIZUALIZACJA-WINDOOR-768x493.png 768w, https:\/\/studiodrzwi.com\/wp-content\/uploads\/2026\/03\/ANDROMEDA-SET-WIZUALIZACJA-WINDOOR-1140x731.png 1140w, https:\/\/studiodrzwi.com\/wp-content\/uploads\/2026\/03\/ANDROMEDA-SET-WIZUALIZACJA-WINDOOR-920x590.png 920w, https:\/\/studiodrzwi.com\/wp-content\/uploads\/2026\/03\/ANDROMEDA-SET-WIZUALIZACJA-WINDOOR-575x369.png 575w, https:\/\/studiodrzwi.com\/wp-content\/uploads\/2026\/03\/ANDROMEDA-SET-WIZUALIZACJA-WINDOOR-380x244.png 380w, https:\/\/studiodrzwi.com\/wp-content\/uploads\/2026\/03\/ANDROMEDA-SET-WIZUALIZACJA-WINDOOR.png 1230w\" sizes=\"(max-width: 300px) 100vw, 300px\" \/><\/p>\n<figure id=\"attachment_36003\" aria-describedby=\"caption-attachment-36003\" style=\"width: 300px\" class=\"wp-caption alignnone\"><img decoding=\"async\" class=\"size-medium wp-image-36003\" src=\"https:\/\/studiodrzwi.com\/wp-content\/uploads\/2026\/03\/andromeda-4-300x287.png\" alt=\"andromeda-kolory-windoor\" width=\"300\" height=\"287\" srcset=\"https:\/\/studiodrzwi.com\/wp-content\/uploads\/2026\/03\/andromeda-4-300x287.png 300w, https:\/\/studiodrzwi.com\/wp-content\/uploads\/2026\/03\/andromeda-4-205x196.png 205w, https:\/\/studiodrzwi.com\/wp-content\/uploads\/2026\/03\/andromeda-4-575x550.png 575w, https:\/\/studiodrzwi.com\/wp-content\/uploads\/2026\/03\/andromeda-4-380x363.png 380w, https:\/\/studiodrzwi.com\/wp-content\/uploads\/2026\/03\/andromeda-4-26x26.png 26w, https:\/\/studiodrzwi.com\/wp-content\/uploads\/2026\/03\/andromeda-4.png 703w\" sizes=\"(max-width: 300px) 100vw, 300px\" \/><figcaption id=\"caption-attachment-36003\" class=\"wp-caption-text\">andromeda-kolory-windoor<\/figcaption><\/figure>\n<p>&nbsp;<\/p>\n<p><img loading=\"lazy\" decoding=\"async\" class=\"size-medium wp-image-26941\" src=\"https:\/\/studiodrzwi.com\/wp-content\/uploads\/2024\/02\/ara-opis-dzwiekoszczelnosc--300x89.jpg\" alt=\"D\u017awi\u0119koszczelno\u015b\u0107\" width=\"300\" height=\"89\" srcset=\"https:\/\/studiodrzwi.com\/wp-content\/uploads\/2024\/02\/ara-opis-dzwiekoszczelnosc--300x89.jpg 300w, https:\/\/studiodrzwi.com\/wp-content\/uploads\/2024\/02\/ara-opis-dzwiekoszczelnosc--205x61.jpg 205w, https:\/\/studiodrzwi.com\/wp-content\/uploads\/2024\/02\/ara-opis-dzwiekoszczelnosc--1024x302.jpg 1024w, https:\/\/studiodrzwi.com\/wp-content\/uploads\/2024\/02\/ara-opis-dzwiekoszczelnosc--768x227.jpg 768w, https:\/\/studiodrzwi.com\/wp-content\/uploads\/2024\/02\/ara-opis-dzwiekoszczelnosc--1536x454.jpg 1536w, https:\/\/studiodrzwi.com\/wp-content\/uploads\/2024\/02\/ara-opis-dzwiekoszczelnosc-.jpg 1696w\" sizes=\"(max-width: 300px) 100vw, 300px\" \/><\/p>\n<p>D\u017awi\u0119koszczelno\u015b\u0107<\/p>","protected":false},"excerpt":{"rendered":"<p><strong>Drzwi wewn\u0105trzklatkowe Andromeda <\/strong>\u00a0to niezb\u0119dny element wyposa\u017cenie ka\u017cdego mieszkania. Model Andromeda zapewnia komfort akustyczny, cieplny a tak\u017ce bezpiecze\u0144stwo domownik\u00f3w. Drzwi Andromeda s\u0105 dost\u0119pne w o\u015bmiu wariantach kolorystycznych oraz w dw\u00f3ch opcjach szeroko\u015bci: 80 cm i 90 cm.<\/p>\n<p>Istnieje opcja zam\u00f3wienia drzwi z czarn\u0105 intarsj\u0105 dla ka\u017cdego z dost\u0119pnych kolor\u00f3w.<\/p>","protected":false},"featured_media":36514,"template":"","meta":[],"product_brand":[208],"product_cat":[43,135],"product_tag":[],"class_list":{"0":"post-23361","1":"product","2":"type-product","3":"status-publish","4":"has-post-thumbnail","6":"product_brand-windoor","7":"product_cat-wszystkie-drzwi","8":"product_cat-drzwi-wewnatrzklatkowe","9":"product_shipping_class-drzwi","11":"first","12":"instock","13":"sale","14":"featured","15":"taxable","16":"shipping-taxable","17":"purchasable","18":"product-type-simple"},"blog_post_layout_featured_media_urls":{"thumbnail":["https:\/\/studiodrzwi.com\/wp-content\/uploads\/2026\/03\/ANDROMEDA-150x150.jpg",150,150,true],"full":["https:\/\/studiodrzwi.com\/wp-content\/uploads\/2026\/03\/ANDROMEDA.jpg",650,1024,false]},"categories":["208"],"categories_names":{"208":{"name":"WINDOOR","link":"https:\/\/studiodrzwi.com\/en\/brand\/windoor\/"}},"comments_number":"0","_links":{"self":[{"href":"https:\/\/studiodrzwi.com\/en\/wp-json\/wp\/v2\/product\/23361","targetHints":{"allow":["GET"]}}],"collection":[{"href":"https:\/\/studiodrzwi.com\/en\/wp-json\/wp\/v2\/product"}],"about":[{"href":"https:\/\/studiodrzwi.com\/en\/wp-json\/wp\/v2\/types\/product"}],"wp:featuredmedia":[{"embeddable":true,"href":"https:\/\/studiodrzwi.com\/en\/wp-json\/wp\/v2\/media\/36514"}],"wp:attachment":[{"href":"https:\/\/studiodrzwi.com\/en\/wp-json\/wp\/v2\/media?parent=23361"}],"wp:term":[{"taxonomy":"product_brand","embeddable":true,"href":"https:\/\/studiodrzwi.com\/en\/wp-json\/wp\/v2\/product_brand?post=23361"},{"taxonomy":"product_cat","embeddable":true,"href":"https:\/\/studiodrzwi.com\/en\/wp-json\/wp\/v2\/product_cat?post=23361"},{"taxonomy":"product_tag","embeddable":true,"href":"https:\/\/studiodrzwi.com\/en\/wp-json\/wp\/v2\/product_tag?post=23361"}],"curies":[{"name":"wp","href":"https:\/\/api.w.org\/{rel}","templated":true}]}}