{"id":23351,"date":"2024-02-17T11:57:00","date_gmt":"2024-02-17T10:57:00","guid":{"rendered":"https:\/\/test.studiodrzwi.com\/?post_type=product&#038;p=23351"},"modified":"2026-04-16T11:33:04","modified_gmt":"2026-04-16T09:33:04","slug":"drzwi-syriusz-windoor-lazienka","status":"publish","type":"product","link":"https:\/\/studiodrzwi.com\/en\/drzwi-syriusz-windoor-lazienka\/","title":{"rendered":"Syriusz Windoor &#8211; \u0142azienka"},"content":{"rendered":"<p>Drzwi z linii SYRIUSZ w wersji \u0142azienkowej charakteryzuj\u0105 si\u0119 wysok\u0105 jako\u015bci\u0105 i odporno\u015bci\u0105 na uszkodzenia mechaniczne, co gwarantuje trwa\u0142o\u015b\u0107 i bezpiecze\u0144stwo u\u017cytkownikom. Ich skrzyd\u0142o z szyb\u0105 mleczn\u0105 prezentuje nowoczesny design.<\/p>\n<p>Wykonane z pe\u0142nej p\u0142yty MDF o grubo\u015bci 44 mm z zastosowaniem technologii tupu ramiak, drzwi pokryte s\u0105 wysokiej jako\u015bci oklein\u0105 odporn\u0105 na zarysowania. Wyko\u0144czenie technologi\u0105 softline eliminuje widoczne \u0142\u0105czenia okleiny na kraw\u0119dziach. W zestawie znajduj\u0105 si\u0119 3 zawiasy oraz zamek.<\/p>\n<p>Model ten jest dost\u0119pny w trzech wariantach: pokojowym z przeszkleniem, \u0142azienkowym z mniejsz\u0105 ilo\u015bci\u0105 przeszkle\u0144 i wentylacj\u0105 oraz pe\u0142nym, bez przeszkle\u0144.<\/p>\n<p>Dzi\u0119ki zastosowanej technologii czopowania i ko\u0142kowania element\u00f3w, drzwi s\u0105 odporne na wypaczanie i zachowuj\u0105 doskona\u0142\u0105 funkcjonalno\u015b\u0107 przez wiele lat.<\/p>","protected":false},"excerpt":{"rendered":"<p><strong>Drzwi SYRIUSZ Windoor<\/strong>,<strong> w nowoczesnej stylistyce<\/strong>, charakteryzuj\u0105 si\u0119 r\u00f3\u017cnorodno\u015bci\u0105 odcieni oklein, pozwalaj\u0105c\u0105 na dopasowanie ich do r\u00f3\u017cnych aran\u017cacji pomieszcze\u0144.<\/p>\n<p><strong>Dzi\u0119ki zastosowaniu technologii<\/strong> czopowania i ko\u0142kowania do \u0142\u0105czenia element\u00f3w pionowych i poziomych, drzwi staj\u0105 si\u0119 odporne na wypaczanie oraz opadanie w trakcie d\u0142ugotrwa\u0142ego u\u017cytkowania. Zapewnia to nie tylko trwa\u0142o\u015b\u0107, ale tak\u017ce utrzymanie doskona\u0142ej funkcjonalno\u015bci przez wiele lat.<\/p>\n<p><a title=\"DOPASUJ O\u015aCIE\u017bNICE DO TYCH DRZWI\" href=\"https:\/\/studiodrzwi.com\/en\/wszystkie-akcesoria\/?btsf-filter=1&amp;filter_producent=windoor&amp;query_type_producent=and\">DOPASUJ O\u015aCIE\u017bNICE DO TYCH DRZWI<\/a><\/p>\n<p>Klamka nie jest zawarta w komplecie z drzwiami.<\/p>\n<p><a title=\"DOPASUJ KLAMK\u0118 DO TYCH DRZWI\" href=\"https:\/\/studiodrzwi.com\/en\/wszystkie-akcesoria\/?btsf-filter=1&amp;product_cat=wszystkie-akcesoria%2Cklamki-drzwi&amp;query_type_product_cat=and\">DOPASUJ KLAMK\u0118 DO TYCH DRZWI<\/a><\/p>","protected":false},"featured_media":23354,"template":"","meta":[],"product_brand":[],"product_cat":[43,229,44],"product_tag":[],"class_list":{"0":"post-23351","1":"product","2":"type-product","3":"status-publish","4":"has-post-thumbnail","6":"product_cat-wszystkie-drzwi","7":"product_cat-lazienka","8":"product_cat-drzwi-wewnetrzne","9":"product_shipping_class-drzwi","11":"first","12":"instock","13":"taxable","14":"shipping-taxable","15":"purchasable","16":"product-type-simple"},"blog_post_layout_featured_media_urls":{"thumbnail":["https:\/\/studiodrzwi.com\/wp-content\/uploads\/2024\/02\/Drzwi-Syriusz-Windoor-silver-z-podcieciemorignal-1-150x150.webp",150,150,true],"full":["https:\/\/studiodrzwi.com\/wp-content\/uploads\/2024\/02\/Drzwi-Syriusz-Windoor-silver-z-podcieciemorignal-1.webp",650,1024,false]},"categories":null,"categories_names":null,"comments_number":"0","_links":{"self":[{"href":"https:\/\/studiodrzwi.com\/en\/wp-json\/wp\/v2\/product\/23351","targetHints":{"allow":["GET"]}}],"collection":[{"href":"https:\/\/studiodrzwi.com\/en\/wp-json\/wp\/v2\/product"}],"about":[{"href":"https:\/\/studiodrzwi.com\/en\/wp-json\/wp\/v2\/types\/product"}],"wp:featuredmedia":[{"embeddable":true,"href":"https:\/\/studiodrzwi.com\/en\/wp-json\/wp\/v2\/media\/23354"}],"wp:attachment":[{"href":"https:\/\/studiodrzwi.com\/en\/wp-json\/wp\/v2\/media?parent=23351"}],"wp:term":[{"taxonomy":"product_brand","embeddable":true,"href":"https:\/\/studiodrzwi.com\/en\/wp-json\/wp\/v2\/product_brand?post=23351"},{"taxonomy":"product_cat","embeddable":true,"href":"https:\/\/studiodrzwi.com\/en\/wp-json\/wp\/v2\/product_cat?post=23351"},{"taxonomy":"product_tag","embeddable":true,"href":"https:\/\/studiodrzwi.com\/en\/wp-json\/wp\/v2\/product_tag?post=23351"}],"curies":[{"name":"wp","href":"https:\/\/api.w.org\/{rel}","templated":true}]}}