{"id":23345,"date":"2024-02-17T10:55:24","date_gmt":"2024-02-17T09:55:24","guid":{"rendered":"https:\/\/test.studiodrzwi.com\/?post_type=product&#038;p=23345"},"modified":"2026-04-16T12:23:23","modified_gmt":"2026-04-16T10:23:23","slug":"drzwi-syriusz-windoor-pokojowe-2","status":"publish","type":"product","link":"https:\/\/studiodrzwi.com\/en\/drzwi-syriusz-windoor-pokojowe-2\/","title":{"rendered":"Syriusz Windoor &#8211; pok\u00f3j"},"content":{"rendered":"<p>Drzwi z linii SYRIUSZ w wersji pokojowej charakteryzuj\u0105 si\u0119 wyj\u0105tkow\u0105 jako\u015bci\u0105 oraz odporno\u015bci\u0105 na uszkodzenia mechaniczne, co zapewnia trwa\u0142o\u015b\u0107 i bezpiecze\u0144stwo u\u017cytkownikom. Ich skrzyd\u0142o z szyb\u0105 mleczn\u0105 prezentuje nowoczesny design.<\/p>\n<p>Wykonane z pe\u0142nej p\u0142yty MDF o grubo\u015bci 44 mm z wykorzystaniem technologii tupu ramiak, drzwi s\u0105 pokryte wysokiej jako\u015bci oklein\u0105 odporn\u0105 na zarysowania. Wyko\u0144czenie technologi\u0105 softline eliminuje \u0142\u0105czenia okleiny na kraw\u0119dziach. W zestawie znajduj\u0105 si\u0119 3 zawiasy oraz zamek.<\/p>\n<p>Dzi\u0119ki zastosowanej technologii czopowania i ko\u0142kowania do po\u0142\u0105czenia element\u00f3w pionowych i poziomych, drzwi s\u0105 odporne na wypaczanie i utrzymanie doskona\u0142ej funkcjonalno\u015bci przez wiele lat.<\/p>","protected":false},"excerpt":{"rendered":"<p><strong>Drzwi linii SYRIUSZ<\/strong>, w nowoczesnej stylistyce. Wiele odcieni okleiny, pozwol\u0105 na dopasowanie drzwi do r\u00f3\u017cnych aran\u017cacji pomieszcze\u0144.<\/p>\n<p><strong>Dzi\u0119ki zastosowaniu technologii<\/strong> czopowania i ko\u0142kowania do po\u0142\u0105czenia element\u00f3w pionowych i poziomych, drzwi staj\u0105 si\u0119 odporne na wypaczanie oraz opuszczanie si\u0119 w trakcie d\u0142ugotrwa\u0142ego u\u017cytkowania. To gwarantuje nie tylko trwa\u0142o\u015b\u0107, ale tak\u017ce utrzymanie doskona\u0142ej funkcjonalno\u015bci przez wiele lat.<\/p>\n<p><a title=\"DOPASUJ O\u015aCIE\u017bNICE DO TYCH DRZWI\" href=\"https:\/\/studiodrzwi.com\/en\/wszystkie-akcesoria\/?btsf-filter=1&amp;filter_producent=windoor&amp;query_type_producent=and\">DOPASUJ O\u015aCIE\u017bNICE DO TYCH DRZWI<\/a><\/p>\n<p>Klamka nie jest zawarta w komplecie z drzwiami.<\/p>\n<p><a title=\"DOPASUJ KLAMK\u0118 DO TYCH DRZWI\" href=\"https:\/\/studiodrzwi.com\/en\/wszystkie-akcesoria\/?btsf-filter=1&amp;product_cat=wszystkie-akcesoria%2Cklamki-drzwi&amp;query_type_product_cat=and\">DOPASUJ KLAMK\u0118 DO TYCH DRZWI<\/a><\/p>","protected":false},"featured_media":23348,"template":"","meta":[],"product_brand":[],"product_cat":[43,226,44],"product_tag":[],"class_list":{"0":"post-23345","1":"product","2":"type-product","3":"status-publish","4":"has-post-thumbnail","6":"product_cat-wszystkie-drzwi","7":"product_cat-pokojowe","8":"product_cat-drzwi-wewnetrzne","9":"product_shipping_class-drzwi","11":"first","12":"instock","13":"taxable","14":"shipping-taxable","15":"purchasable","16":"product-type-simple"},"blog_post_layout_featured_media_urls":{"thumbnail":["https:\/\/studiodrzwi.com\/wp-content\/uploads\/2024\/02\/Drzwi-Syriusz-Windoor-silver-pokoj-sklep-\u2014-orginal-1.webp",95,150,false],"full":["https:\/\/studiodrzwi.com\/wp-content\/uploads\/2024\/02\/Drzwi-Syriusz-Windoor-silver-pokoj-sklep-\u2014-orginal-1.webp",650,1024,false]},"categories":null,"categories_names":null,"comments_number":"0","_links":{"self":[{"href":"https:\/\/studiodrzwi.com\/en\/wp-json\/wp\/v2\/product\/23345","targetHints":{"allow":["GET"]}}],"collection":[{"href":"https:\/\/studiodrzwi.com\/en\/wp-json\/wp\/v2\/product"}],"about":[{"href":"https:\/\/studiodrzwi.com\/en\/wp-json\/wp\/v2\/types\/product"}],"wp:featuredmedia":[{"embeddable":true,"href":"https:\/\/studiodrzwi.com\/en\/wp-json\/wp\/v2\/media\/23348"}],"wp:attachment":[{"href":"https:\/\/studiodrzwi.com\/en\/wp-json\/wp\/v2\/media?parent=23345"}],"wp:term":[{"taxonomy":"product_brand","embeddable":true,"href":"https:\/\/studiodrzwi.com\/en\/wp-json\/wp\/v2\/product_brand?post=23345"},{"taxonomy":"product_cat","embeddable":true,"href":"https:\/\/studiodrzwi.com\/en\/wp-json\/wp\/v2\/product_cat?post=23345"},{"taxonomy":"product_tag","embeddable":true,"href":"https:\/\/studiodrzwi.com\/en\/wp-json\/wp\/v2\/product_tag?post=23345"}],"curies":[{"name":"wp","href":"https:\/\/api.w.org\/{rel}","templated":true}]}}