{"id":23336,"date":"2024-02-16T22:22:03","date_gmt":"2024-02-16T21:22:03","guid":{"rendered":"https:\/\/test.studiodrzwi.com\/?post_type=product&#038;p=23336"},"modified":"2026-04-18T15:55:59","modified_gmt":"2026-04-18T13:55:59","slug":"drzwi-minoris-windoor-pelne","status":"publish","type":"product","link":"https:\/\/studiodrzwi.com\/en\/drzwi-minoris-windoor-pelne\/","title":{"rendered":"Minoris Windoor &#8211; pe\u0142ne"},"content":{"rendered":"<p>Drzwi z linii MINORIS w wersji pe\u0142nej wyr\u00f3\u017cniaj\u0105 si\u0119 niezwykle wysok\u0105 jako\u015bci\u0105 oraz odporno\u015bci\u0105 na uszkodzenia mechaniczne, co przek\u0142ada si\u0119 na ich trwa\u0142o\u015b\u0107 i zapewnia bezpiecze\u0144stwo u\u017cytkownikom. Skrzyd\u0142o drzwiowe cechuje si\u0119 nowoczesnym designem. Drzwi zosta\u0142y wykonane z pe\u0142nej p\u0142yty MDF o grubo\u015bci 44 mm, w technologii typu ramiak.<\/p>\n<p>Skrzyd\u0142o pokryte jest wysokiej jako\u015bci oklein\u0105 odporn\u0105 na zarysowania.<\/p>\n<p>Zastosowano wyko\u0144czenie w technologii softline \u2013 brak \u0142\u0105cze\u0144 okleiny na kraw\u0119dziach.<\/p>\n<p>W zestawie znajduj\u0105 si\u0119 3 zawiasy oraz zamek.<\/p>\n<p>Ten model dost\u0119pny jest w wersjach:<\/p>\n<p>&#8211; pokojowej \u2013 z przeszkleniem,<br \/>\n&#8211; \u0142azienkowej \u2013 z mniejsz\u0105 ilo\u015bci\u0105 przeszkle\u0144 i wentylacj\u0105,<br \/>\n&#8211; pe\u0142nej \u2013 bez przeszkle\u0144.<\/p>\n<p>Dzi\u0119ki zastosowaniu technologii czopowania i ko\u0142kowania do \u0142\u0105czenia element\u00f3w pionowych i poziomych, drzwi s\u0105 odporne na wypaczanie i opadanie w trakcie d\u0142ugotrwa\u0142ego u\u017cytkowania. To gwarantuje nie tylko trwa\u0142o\u015b\u0107, ale tak\u017ce utrzymanie doskona\u0142ej funkcjonalno\u015bci przez wiele lat.<\/p>\n<p>&nbsp;<\/p>\n<p><img fetchpriority=\"high\" decoding=\"async\" class=\"alignnone size-medium wp-image-23323\" src=\"https:\/\/studiodrzwi.com\/wp-content\/uploads\/2024\/01\/minoris-u-kasi--186x300.jpg\" alt=\"\" width=\"186\" height=\"300\" \/><\/p>","protected":false},"excerpt":{"rendered":"<p><strong>Drzwi linii minoris<\/strong>, w nowoczesnej stylistyce. Wiele odcieni okleiny, pozwol\u0105 na dopasowanie drzwi do r\u00f3\u017cnych aran\u017cacji pomieszcze\u0144.<\/p>\n<p><strong>Dzi\u0119ki zastosowaniu technologii<\/strong> czopowania i ko\u0142kowania do po\u0142\u0105czenia element\u00f3w pionowych i poziomych, drzwi staj\u0105 si\u0119 odporne na wypaczanie oraz opuszczanie si\u0119 w trakcie d\u0142ugotrwa\u0142ego u\u017cytkowania. To gwarantuje nie tylko trwa\u0142o\u015b\u0107, ale tak\u017ce utrzymanie doskona\u0142ej funkcjonalno\u015bci przez wiele lat.<\/p>\n<p><a title=\"DOPASUJ O\u015aCIE\u017bNICE DO TYCH DRZWI\" href=\"https:\/\/studiodrzwi.com\/en\/wszystkie-akcesoria\/?btsf-filter=1&amp;filter_producent=windoor&amp;query_type_producent=and\">DOPASUJ O\u015aCIE\u017bNICE DO TYCH DRZWI<\/a><\/p>\n<p>Klamka nie jest zawarta w komplecie z drzwiami.<\/p>\n<p><a title=\"DOPASUJ KLAMK\u0118 DO TYCH DRZWI\" href=\"https:\/\/studiodrzwi.com\/en\/wszystkie-akcesoria\/?btsf-filter=1&amp;product_cat=wszystkie-akcesoria%2Cklamki-drzwi&amp;query_type_product_cat=and\">DOPASUJ KLAMK\u0118 DO TYCH DRZWI<\/a><\/p>","protected":false},"featured_media":32481,"template":"","meta":[],"product_brand":[],"product_cat":[43,226,44],"product_tag":[],"class_list":{"0":"post-23336","1":"product","2":"type-product","3":"status-publish","4":"has-post-thumbnail","6":"product_cat-wszystkie-drzwi","7":"product_cat-pokojowe","8":"product_cat-drzwi-wewnetrzne","9":"product_shipping_class-drzwi","11":"first","12":"instock","13":"taxable","14":"shipping-taxable","15":"purchasable","16":"product-type-simple"},"blog_post_layout_featured_media_urls":{"thumbnail":["https:\/\/studiodrzwi.com\/wp-content\/uploads\/2025\/09\/minoris-beton-pe-150x150.jpg",150,150,true],"full":["https:\/\/studiodrzwi.com\/wp-content\/uploads\/2025\/09\/minoris-beton-pe-scaled.jpg",1622,2560,false]},"categories":null,"categories_names":null,"comments_number":"0","_links":{"self":[{"href":"https:\/\/studiodrzwi.com\/en\/wp-json\/wp\/v2\/product\/23336","targetHints":{"allow":["GET"]}}],"collection":[{"href":"https:\/\/studiodrzwi.com\/en\/wp-json\/wp\/v2\/product"}],"about":[{"href":"https:\/\/studiodrzwi.com\/en\/wp-json\/wp\/v2\/types\/product"}],"wp:featuredmedia":[{"embeddable":true,"href":"https:\/\/studiodrzwi.com\/en\/wp-json\/wp\/v2\/media\/32481"}],"wp:attachment":[{"href":"https:\/\/studiodrzwi.com\/en\/wp-json\/wp\/v2\/media?parent=23336"}],"wp:term":[{"taxonomy":"product_brand","embeddable":true,"href":"https:\/\/studiodrzwi.com\/en\/wp-json\/wp\/v2\/product_brand?post=23336"},{"taxonomy":"product_cat","embeddable":true,"href":"https:\/\/studiodrzwi.com\/en\/wp-json\/wp\/v2\/product_cat?post=23336"},{"taxonomy":"product_tag","embeddable":true,"href":"https:\/\/studiodrzwi.com\/en\/wp-json\/wp\/v2\/product_tag?post=23336"}],"curies":[{"name":"wp","href":"https:\/\/api.w.org\/{rel}","templated":true}]}}