{"id":23324,"date":"2024-02-16T21:58:02","date_gmt":"2024-02-16T20:58:02","guid":{"rendered":"https:\/\/test.studiodrzwi.com\/?post_type=product&#038;p=23324"},"modified":"2026-04-16T11:31:50","modified_gmt":"2026-04-16T09:31:50","slug":"drzwi-minoris-windoor-lazienkowe","status":"publish","type":"product","link":"https:\/\/studiodrzwi.com\/en\/drzwi-minoris-windoor-lazienkowe\/","title":{"rendered":"Minoris Windoor &#8211; \u0142azienka"},"content":{"rendered":"<div class=\"flex-shrink-0 flex flex-col relative items-end\">\n<div class=\"pt-0.5\">\n<div class=\"gizmo-shadow-stroke flex h-6 w-6 items-center justify-center overflow-hidden rounded-full\">\n<div class=\"relative p-1 rounded-sm h-9 w-9 text-white flex items-center justify-center\"><span style=\"font-family: var(--global-body-font-family);\">Drzwi z linii MINORIS w wersji \u0142azienkowej wyr\u00f3\u017cniaj\u0105 si\u0119 wysok\u0105 jako\u015bci\u0105 oraz odporno\u015bci\u0105 na uszkodzenia mechaniczne, co zapewnia trwa\u0142o\u015b\u0107 i bezpiecze\u0144stwo u\u017cytkownikom.<\/span><\/div>\n<\/div>\n<\/div>\n<\/div>\n<div class=\"relative flex w-full flex-col agent-turn\">\n<div class=\"flex-col gap-1 md:gap-3\">\n<div class=\"flex flex-grow flex-col max-w-full\">\n<div class=\"min-h-[20px] text-message flex flex-col items-start gap-3 whitespace-pre-wrap break-words [.text-message+&amp;]:mt-5 overflow-x-auto\" data-message-author-role=\"assistant\" data-message-id=\"6b06c03c-00ee-49ca-bfce-6326b7ec7507\">\n<div class=\"markdown prose w-full break-words dark:prose-invert dark\">\n<p>Skrzyd\u0142o drzwiowe prezentuje nowoczesny design. Wykonane z pe\u0142nej p\u0142yty MDF o grubo\u015bci 44 mm z zastosowaniem technologii tupu ramiak, drzwi s\u0105 pokryte wysokiej jako\u015bci oklein\u0105 odporn\u0105 na zarysowania. Wyko\u0144czenie technologi\u0105 softline eliminuje \u0142\u0105czenia okleiny na kraw\u0119dziach.<\/p>\n<p>W zestawie znajduj\u0105 si\u0119 3 zawiasy, zamek WC oraz podci\u0119cie wentylacyjne.<\/p>\n<p>Dzi\u0119ki zastosowanej technologii czopowania i ko\u0142kowania do po\u0142\u0105czenia element\u00f3w pionowych i poziomych, drzwi staj\u0105 si\u0119 odporne na wypaczanie oraz utrzymuj\u0105 doskona\u0142\u0105 funkcjonalno\u015b\u0107 przez wiele lat.<\/p>\n<p>&nbsp;<\/p>\n<\/div>\n<\/div>\n<\/div>\n<\/div>\n<\/div>\n<p><img fetchpriority=\"high\" decoding=\"async\" class=\"alignnone size-medium wp-image-23323\" src=\"https:\/\/studiodrzwi.com\/wp-content\/uploads\/2024\/01\/minoris-u-kasi--186x300.jpg\" alt=\"\" width=\"186\" height=\"300\" \/><\/p>\n","protected":false},"excerpt":{"rendered":"<p><strong>Drzwi linii minoris<\/strong>, w nowoczesnej stylistyce. Wiele odcieni okleiny, pozwol\u0105 na dopasowanie drzwi do r\u00f3\u017cnych aran\u017cacji pomieszcze\u0144.<\/p>\n<p><strong>Dzi\u0119ki zastosowaniu technologii<\/strong> czopowania i ko\u0142kowania do po\u0142\u0105czenia element\u00f3w pionowych i poziomych, drzwi staj\u0105 si\u0119 odporne na wypaczanie oraz opuszczanie si\u0119 w trakcie d\u0142ugotrwa\u0142ego u\u017cytkowania. To gwarantuje nie tylko trwa\u0142o\u015b\u0107, ale tak\u017ce utrzymanie doskona\u0142ej funkcjonalno\u015bci przez wiele lat.<\/p>\n<p><a title=\"DOPASUJ O\u015aCIE\u017bNICE DO TYCH DRZWI\" href=\"https:\/\/studiodrzwi.com\/en\/wszystkie-akcesoria\/?btsf-filter=1&amp;filter_producent=windoor&amp;query_type_producent=and\">DOPASUJ O\u015aCIE\u017bNICE DO TYCH DRZWI<\/a><\/p>\n<p>Klamka nie jest zawarta w komplecie z drzwiami.<\/p>\n<p><a title=\"DOPASUJ KLAMK\u0118 DO TYCH DRZWI\" href=\"https:\/\/studiodrzwi.com\/en\/wszystkie-akcesoria\/?btsf-filter=1&amp;product_cat=wszystkie-akcesoria%2Cklamki-drzwi&amp;query_type_product_cat=and\">DOPASUJ KLAMK\u0118 DO TYCH DRZWI<\/a><\/p>","protected":false},"featured_media":32512,"template":"","meta":[],"product_brand":[],"product_cat":[43,229,44],"product_tag":[],"class_list":{"0":"post-23324","1":"product","2":"type-product","3":"status-publish","4":"has-post-thumbnail","6":"product_cat-wszystkie-drzwi","7":"product_cat-lazienka","8":"product_cat-drzwi-wewnetrzne","9":"product_shipping_class-drzwi","11":"first","12":"instock","13":"taxable","14":"shipping-taxable","15":"purchasable","16":"product-type-simple"},"blog_post_layout_featured_media_urls":{"thumbnail":["https:\/\/studiodrzwi.com\/wp-content\/uploads\/2025\/09\/minoris-sonoma-zp-150x150.jpg",150,150,true],"full":["https:\/\/studiodrzwi.com\/wp-content\/uploads\/2025\/09\/minoris-sonoma-zp-scaled.jpg",1622,2560,false]},"categories":null,"categories_names":null,"comments_number":"0","_links":{"self":[{"href":"https:\/\/studiodrzwi.com\/en\/wp-json\/wp\/v2\/product\/23324","targetHints":{"allow":["GET"]}}],"collection":[{"href":"https:\/\/studiodrzwi.com\/en\/wp-json\/wp\/v2\/product"}],"about":[{"href":"https:\/\/studiodrzwi.com\/en\/wp-json\/wp\/v2\/types\/product"}],"wp:featuredmedia":[{"embeddable":true,"href":"https:\/\/studiodrzwi.com\/en\/wp-json\/wp\/v2\/media\/32512"}],"wp:attachment":[{"href":"https:\/\/studiodrzwi.com\/en\/wp-json\/wp\/v2\/media?parent=23324"}],"wp:term":[{"taxonomy":"product_brand","embeddable":true,"href":"https:\/\/studiodrzwi.com\/en\/wp-json\/wp\/v2\/product_brand?post=23324"},{"taxonomy":"product_cat","embeddable":true,"href":"https:\/\/studiodrzwi.com\/en\/wp-json\/wp\/v2\/product_cat?post=23324"},{"taxonomy":"product_tag","embeddable":true,"href":"https:\/\/studiodrzwi.com\/en\/wp-json\/wp\/v2\/product_tag?post=23324"}],"curies":[{"name":"wp","href":"https:\/\/api.w.org\/{rel}","templated":true}]}}