{"id":23308,"date":"2024-02-16T21:29:12","date_gmt":"2024-02-16T20:29:12","guid":{"rendered":"https:\/\/test.studiodrzwi.com\/?post_type=product&#038;p=23308"},"modified":"2026-04-18T15:55:59","modified_gmt":"2026-04-18T13:55:59","slug":"drzwi-virgo-windoor-pelne","status":"publish","type":"product","link":"https:\/\/studiodrzwi.com\/en\/drzwi-virgo-windoor-pelne\/","title":{"rendered":"Virgo Windoor &#8211; pe\u0142ne"},"content":{"rendered":"<p>Drzwi z linii VIRGO w wersji pe\u0142nej charakteryzuj\u0105 si\u0119 niezwykle wysok\u0105 jako\u015bci\u0105 oraz odporno\u015bci\u0105 na uszkodzenia mechaniczne, co przek\u0142ada si\u0119 na ich trwa\u0142o\u015b\u0107 i zapewnienie bezpiecze\u0144stwa u\u017cytkownikom.<\/p>\n<p>Skrzyd\u0142o drzwiowe, pe\u0142ne bez szyb, prezentuje nowoczesny design. Wykonane z pe\u0142nej p\u0142yty MDF o grubo\u015bci 44 mm z zastosowaniem technologii tupu ramiak, drzwi s\u0105 pokryte wysokiej jako\u015bci oklein\u0105 odporn\u0105 na zarysowania. Dodatkowo, wyko\u0144czenie technologi\u0105 softline eliminuje \u0142\u0105czenia okleiny na kraw\u0119dziach.<\/p>\n<p>W zestawie znajduj\u0105 si\u0119 3 zawiasy oraz zamek. Dzi\u0119ki zastosowaniu technologii czopowania i ko\u0142kowania do po\u0142\u0105czenia element\u00f3w pionowych i poziomych, drzwi staj\u0105 si\u0119 odporne na wypaczanie oraz utrzymuj\u0105 doskona\u0142\u0105 funkcjonalno\u015b\u0107 przez wiele lat.<\/p>\n<p>&nbsp;<\/p>","protected":false},"excerpt":{"rendered":"<p><em>* Najni\u017csza cena w ci\u0105gu ostatnich 30 dni przed obni\u017ck\u0105 (477,00 z\u0142)<\/em><\/p>\n<p><strong>Drzwi VIRGO Windoor<\/strong>, w nowoczesnej stylistyce. Wiele odcieni okleiny, pozwol\u0105 na dopasowanie drzwi do r\u00f3\u017cnych aran\u017cacji pomieszcze\u0144.<\/p>\n<p><strong>Dzi\u0119ki zastosowaniu technologii<\/strong> czopowania i ko\u0142kowania do po\u0142\u0105czenia element\u00f3w pionowych i poziomych, drzwi staj\u0105 si\u0119 odporne na wypaczanie oraz opuszczanie si\u0119 w trakcie d\u0142ugotrwa\u0142ego u\u017cytkowania. To gwarantuje nie tylko trwa\u0142o\u015b\u0107, ale tak\u017ce utrzymanie doskona\u0142ej funkcjonalno\u015bci przez wiele lat.<\/p>\n<p><a title=\"DOPASUJ O\u015aCIE\u017bNICE DO TYCH DRZWI\" href=\"https:\/\/studiodrzwi.com\/en\/wszystkie-akcesoria\/?btsf-filter=1&amp;filter_producent=windoor&amp;query_type_producent=and\">DOPASUJ O\u015aCIE\u017bNICE DO TYCH DRZWI<\/a><\/p>\n<p>Klamka nie jest zawarta w komplecie z drzwiami.<\/p>\n<p><a title=\"DOPASUJ KLAMK\u0118 DO TYCH DRZWI\" href=\"https:\/\/studiodrzwi.com\/en\/wszystkie-akcesoria\/?btsf-filter=1&amp;product_cat=wszystkie-akcesoria%2Cklamki-drzwi&amp;query_type_product_cat=and\">DOPASUJ KLAMK\u0118 DO TYCH DRZWI<\/a><\/p>","protected":false},"featured_media":36237,"template":"","meta":[],"product_brand":[],"product_cat":[43,226,44],"product_tag":[],"class_list":{"0":"post-23308","1":"product","2":"type-product","3":"status-publish","4":"has-post-thumbnail","6":"product_cat-wszystkie-drzwi","7":"product_cat-pokojowe","8":"product_cat-drzwi-wewnetrzne","9":"product_shipping_class-drzwi","11":"first","12":"instock","13":"sale","14":"taxable","15":"shipping-taxable","16":"purchasable","17":"product-type-simple"},"blog_post_layout_featured_media_urls":{"thumbnail":["https:\/\/studiodrzwi.com\/wp-content\/uploads\/2026\/03\/virgo-dab-gorski-pelne-150x150.jpg",150,150,true],"full":["https:\/\/studiodrzwi.com\/wp-content\/uploads\/2026\/03\/virgo-dab-gorski-pelne.jpg",650,1024,false]},"categories":null,"categories_names":null,"comments_number":"0","_links":{"self":[{"href":"https:\/\/studiodrzwi.com\/en\/wp-json\/wp\/v2\/product\/23308","targetHints":{"allow":["GET"]}}],"collection":[{"href":"https:\/\/studiodrzwi.com\/en\/wp-json\/wp\/v2\/product"}],"about":[{"href":"https:\/\/studiodrzwi.com\/en\/wp-json\/wp\/v2\/types\/product"}],"wp:featuredmedia":[{"embeddable":true,"href":"https:\/\/studiodrzwi.com\/en\/wp-json\/wp\/v2\/media\/36237"}],"wp:attachment":[{"href":"https:\/\/studiodrzwi.com\/en\/wp-json\/wp\/v2\/media?parent=23308"}],"wp:term":[{"taxonomy":"product_brand","embeddable":true,"href":"https:\/\/studiodrzwi.com\/en\/wp-json\/wp\/v2\/product_brand?post=23308"},{"taxonomy":"product_cat","embeddable":true,"href":"https:\/\/studiodrzwi.com\/en\/wp-json\/wp\/v2\/product_cat?post=23308"},{"taxonomy":"product_tag","embeddable":true,"href":"https:\/\/studiodrzwi.com\/en\/wp-json\/wp\/v2\/product_tag?post=23308"}],"curies":[{"name":"wp","href":"https:\/\/api.w.org\/{rel}","templated":true}]}}