{"id":23271,"date":"2024-02-16T11:30:10","date_gmt":"2024-02-16T10:30:10","guid":{"rendered":"https:\/\/test.studiodrzwi.com\/?post_type=product&#038;p=23271"},"modified":"2026-04-16T12:18:58","modified_gmt":"2026-04-16T10:18:58","slug":"drzwi-credis-windoor-pokojowe","status":"publish","type":"product","link":"https:\/\/studiodrzwi.com\/en\/drzwi-credis-windoor-pokojowe\/","title":{"rendered":"Credis Windoor- pok\u00f3j"},"content":{"rendered":"<p>Model Credis w wersji pokojowej z szybami wyr\u00f3\u017cnia si\u0119 solidn\u0105 konstrukcj\u0105 wykonan\u0105 z wysokiej jako\u015bci pe\u0142nej p\u0142yty MDF.<\/p>\n<p>Drzwi CREDIS wyposa\u017cone s\u0105 w trzy wkr\u0119cane zawiasy oraz szyby mleczne wzmacniane o grubo\u015bci 4 mm.<\/p>\n<p>Profile zosta\u0142y wykonane w technologii SOFTLine, cechuj\u0105cej si\u0119 brakiem \u0142\u0105cze\u0144 okleiny na kraw\u0119dziach.<\/p>\n<p>Do po\u0142\u0105czenia element\u00f3w pionowych i poziomych zastosowano technologi\u0119 czopowania i ko\u0142kowania, co zapobiega wypaczaniu oraz opuszczaniu drzwi w trakcie wieloletniego u\u017cytkowania.<\/p>\n<p><img fetchpriority=\"high\" decoding=\"async\" class=\"alignnone size-medium wp-image-36232\" src=\"https:\/\/studiodrzwi.com\/wp-content\/uploads\/2026\/03\/credis-300x192.png\" alt=\"\" width=\"300\" height=\"192\" srcset=\"https:\/\/studiodrzwi.com\/wp-content\/uploads\/2026\/03\/credis-300x192.png 300w, https:\/\/studiodrzwi.com\/wp-content\/uploads\/2026\/03\/credis-205x131.png 205w, https:\/\/studiodrzwi.com\/wp-content\/uploads\/2026\/03\/credis-1024x655.png 1024w, https:\/\/studiodrzwi.com\/wp-content\/uploads\/2026\/03\/credis-768x491.png 768w, https:\/\/studiodrzwi.com\/wp-content\/uploads\/2026\/03\/credis-1140x729.png 1140w, https:\/\/studiodrzwi.com\/wp-content\/uploads\/2026\/03\/credis-920x588.png 920w, https:\/\/studiodrzwi.com\/wp-content\/uploads\/2026\/03\/credis-575x368.png 575w, https:\/\/studiodrzwi.com\/wp-content\/uploads\/2026\/03\/credis-380x243.png 380w, https:\/\/studiodrzwi.com\/wp-content\/uploads\/2026\/03\/credis.png 1240w\" sizes=\"(max-width: 300px) 100vw, 300px\" \/><\/p>","protected":false},"excerpt":{"rendered":"<p>Drzwi w wersji\u00a0 pokojowej z mleczn\u0105 szyb\u0105\u00a0 wykonane z wysokiej jako\u015bci p\u0142yty MDF. Profile wykonane w technologii <strong>SOFTLine<\/strong>, kt\u00f3ra wyr\u00f3\u017cnia si\u0119\u00a0<strong>brakiem \u0142\u0105cze\u0144<\/strong> okleiny na kraw\u0119dziach.<\/p>\n<p>Na zdj\u0119ciu prezentowane drzwi w wersji pokojowej.<\/p>\n<p><a title=\"DOPASUJ O\u015aCIE\u017bNICE DO TYCH DRZWI\" href=\"https:\/\/studiodrzwi.com\/en\/wszystkie-akcesoria\/?btsf-filter=1&amp;filter_producent=windoor&amp;query_type_producent=and\">DOPASUJ O\u015aCIE\u017bNICE DO TYCH DRZWI<\/a><\/p>\n<p>Klamka nie jest zawarta w komplecie z drzwiami.<\/p>\n<p><a title=\"DOPASUJ KLAMK\u0118 DO TYCH DRZWI\" href=\"https:\/\/studiodrzwi.com\/en\/wszystkie-akcesoria\/?btsf-filter=1&amp;product_cat=wszystkie-akcesoria%2Cklamki-drzwi&amp;query_type_product_cat=and\">DOPASUJ KLAMK\u0118 DO TYCH DRZWI<\/a><\/p>","protected":false},"featured_media":23270,"template":"","meta":[],"product_brand":[],"product_cat":[43,226,44],"product_tag":[],"class_list":{"0":"post-23271","1":"product","2":"type-product","3":"status-publish","4":"has-post-thumbnail","6":"product_cat-wszystkie-drzwi","7":"product_cat-pokojowe","8":"product_cat-drzwi-wewnetrzne","9":"product_shipping_class-drzwi","11":"first","12":"instock","13":"featured","14":"taxable","15":"shipping-taxable","16":"purchasable","17":"product-type-simple"},"blog_post_layout_featured_media_urls":{"thumbnail":["https:\/\/studiodrzwi.com\/wp-content\/uploads\/2024\/01\/Drzwi-Credis-Windoor-dab-gorski-pokoj-sklep-\u2014ORGINAL-150x150.webp",150,150,true],"full":["https:\/\/studiodrzwi.com\/wp-content\/uploads\/2024\/01\/Drzwi-Credis-Windoor-dab-gorski-pokoj-sklep-\u2014ORGINAL.webp",650,1024,false]},"categories":null,"categories_names":null,"comments_number":"0","_links":{"self":[{"href":"https:\/\/studiodrzwi.com\/en\/wp-json\/wp\/v2\/product\/23271","targetHints":{"allow":["GET"]}}],"collection":[{"href":"https:\/\/studiodrzwi.com\/en\/wp-json\/wp\/v2\/product"}],"about":[{"href":"https:\/\/studiodrzwi.com\/en\/wp-json\/wp\/v2\/types\/product"}],"wp:featuredmedia":[{"embeddable":true,"href":"https:\/\/studiodrzwi.com\/en\/wp-json\/wp\/v2\/media\/23270"}],"wp:attachment":[{"href":"https:\/\/studiodrzwi.com\/en\/wp-json\/wp\/v2\/media?parent=23271"}],"wp:term":[{"taxonomy":"product_brand","embeddable":true,"href":"https:\/\/studiodrzwi.com\/en\/wp-json\/wp\/v2\/product_brand?post=23271"},{"taxonomy":"product_cat","embeddable":true,"href":"https:\/\/studiodrzwi.com\/en\/wp-json\/wp\/v2\/product_cat?post=23271"},{"taxonomy":"product_tag","embeddable":true,"href":"https:\/\/studiodrzwi.com\/en\/wp-json\/wp\/v2\/product_tag?post=23271"}],"curies":[{"name":"wp","href":"https:\/\/api.w.org\/{rel}","templated":true}]}}