{"id":23156,"date":"2024-02-05T14:52:11","date_gmt":"2024-02-05T13:52:11","guid":{"rendered":"https:\/\/test.studiodrzwi.com\/?post_type=product&#038;p=23156"},"modified":"2026-04-16T11:31:22","modified_gmt":"2026-04-16T09:31:22","slug":"drzwi-dalia-windoor-lazienka","status":"publish","type":"product","link":"https:\/\/studiodrzwi.com\/en\/drzwi-dalia-windoor-lazienka\/","title":{"rendered":"Dalia Windoor &#8211; \u0142azienka"},"content":{"rendered":"<p>Drzwi marki Windoor model <strong>DALIA w wersji \u0142azienkowej<\/strong> wyr\u00f3\u017cniaj\u0105 si\u0119 niezwykle <strong>wysok\u0105 jako\u015bci\u0105 oraz odporno\u015bci\u0105<\/strong> na uszkodzenia mechaniczne, co przek\u0142ada si\u0119 na ich trwa\u0142o\u015b\u0107 i zapewnienie bezpiecze\u0144stwa u\u017cytkownikom. Skrzyd\u0142o drzwiowe wyr\u00f3\u017cnia si\u0119 nowoczesnym designem.<\/p>\n<p>Drzwi zosta\u0142y wykonane z pe\u0142nej p\u0142yty MDF o grubo\u015bci 44 mm, w technologii typu ramiak. Skrzyd\u0142o pokryte jest wysokiej jako\u015bci oklein\u0105 odporn\u0105 na zarysowania. Zastosowano wyko\u0144czenie w technologii softline \u2013<strong> brak \u0142\u0105cze\u0144 okleiny na kraw\u0119dziach.<\/strong><\/p>\n<p>W zestawie znajduj\u0105 si\u0119 3 zawiasy oraz zamek.<\/p>\n<p>Dzi\u0119ki<strong> zastosowaniu technologii czopowania i ko\u0142kowania<\/strong> do po\u0142\u0105czenia element\u00f3w pionowych i poziomych, drzwi staj\u0105 si\u0119 odporne na wypaczanie oraz opuszczanie si\u0119 w trakcie d\u0142ugotrwa\u0142ego u\u017cytkowania. To gwarantuje nie tylko trwa\u0142o\u015b\u0107, ale tak\u017ce utrzymanie doskona\u0142ej funkcjonalno\u015bci przez wiele lat.<\/p>","protected":false},"excerpt":{"rendered":"<p><em>* Najni\u017csza cena w ci\u0105gu ostatnich 30 dni przed obni\u017ck\u0105 (469,00 z\u0142)<\/em><\/p>\n<p><strong>Drzwi Dalia<\/strong> w nowoczesnej stylistyce, <strong>wersja \u0142azienkowa<\/strong>. Wiele odcieni okleiny oraz dost\u0119pna wersja pe\u0142na oraz pozwala na dopasowanie drzwi do r\u00f3\u017cnych aran\u017cacji pomieszcze\u0144.<\/p>\n<p>Ten model mo\u017cesz wybra\u0107 w wersji:<\/p>\n<ul>\n<li>pokojowej \u2013 z przeszkleniem- link do produktu:\u00a0<a href=\"https:\/\/studiodrzwi.com\/en\/sklep\/drzwi-dalia-windoor-pokojowe\/\">Dalia pokojowe<\/a><\/li>\n<li>\u0142azienkowej \u2013 mniejsza ilo\u015b\u0107 przeszkle\u0144 + wentylacja &#8211; aktualnie ogl\u0105dany produkt<\/li>\n<li>pe\u0142nej \u2013 bez przeszkle\u0144 &#8211; link do produktu<\/li>\n<\/ul>\n<p><a title=\"DOPASUJ O\u015aCIE\u017bNICE DO TYCH DRZWI\" href=\"https:\/\/studiodrzwi.com\/en\/wszystkie-akcesoria\/?btsf-filter=1&amp;filter_producent=windoor&amp;query_type_producent=and&amp;product_cat=wszystkie-akcesoria&amp;query_type_product_cat=and&amp;min_price=38&amp;max_price=726\">DOPASUJ O\u015aCIE\u017bNICE DO TYCH DRZWI<\/a><\/p>\n<p>Klamka nie jest zawarta w komplecie z drzwiami.<\/p>\n<p><a title=\"DOPASUJ KLAMK\u0118 DO TYCH DRZWI\" href=\"https:\/\/studiodrzwi.com\/en\/wszystkie-akcesoria\/?btsf-filter=1&amp;product_cat=wszystkie-akcesoria%2Cklamki-drzwi&amp;query_type_product_cat=and\">DOPASUJ KLAMK\u0118 DO TYCH DRZWI<\/a><\/p>","protected":false},"featured_media":23241,"template":"","meta":[],"product_brand":[],"product_cat":[43,229,44],"product_tag":[],"class_list":{"0":"post-23156","1":"product","2":"type-product","3":"status-publish","4":"has-post-thumbnail","6":"product_cat-wszystkie-drzwi","7":"product_cat-lazienka","8":"product_cat-drzwi-wewnetrzne","9":"product_shipping_class-drzwi","11":"first","12":"instock","13":"sale","14":"taxable","15":"shipping-taxable","16":"purchasable","17":"product-type-simple"},"blog_post_layout_featured_media_urls":{"thumbnail":["https:\/\/studiodrzwi.com\/wp-content\/uploads\/2024\/02\/Drzwi-Dalia-Windoor-bialy-z-podcieciem-sklep-1-150x150.webp",150,150,true],"full":["https:\/\/studiodrzwi.com\/wp-content\/uploads\/2024\/02\/Drzwi-Dalia-Windoor-bialy-z-podcieciem-sklep-1.webp",650,1024,false]},"categories":null,"categories_names":null,"comments_number":"0","_links":{"self":[{"href":"https:\/\/studiodrzwi.com\/en\/wp-json\/wp\/v2\/product\/23156","targetHints":{"allow":["GET"]}}],"collection":[{"href":"https:\/\/studiodrzwi.com\/en\/wp-json\/wp\/v2\/product"}],"about":[{"href":"https:\/\/studiodrzwi.com\/en\/wp-json\/wp\/v2\/types\/product"}],"wp:featuredmedia":[{"embeddable":true,"href":"https:\/\/studiodrzwi.com\/en\/wp-json\/wp\/v2\/media\/23241"}],"wp:attachment":[{"href":"https:\/\/studiodrzwi.com\/en\/wp-json\/wp\/v2\/media?parent=23156"}],"wp:term":[{"taxonomy":"product_brand","embeddable":true,"href":"https:\/\/studiodrzwi.com\/en\/wp-json\/wp\/v2\/product_brand?post=23156"},{"taxonomy":"product_cat","embeddable":true,"href":"https:\/\/studiodrzwi.com\/en\/wp-json\/wp\/v2\/product_cat?post=23156"},{"taxonomy":"product_tag","embeddable":true,"href":"https:\/\/studiodrzwi.com\/en\/wp-json\/wp\/v2\/product_tag?post=23156"}],"curies":[{"name":"wp","href":"https:\/\/api.w.org\/{rel}","templated":true}]}}