{"id":23144,"date":"2024-02-05T14:34:59","date_gmt":"2024-02-05T13:34:59","guid":{"rendered":"https:\/\/test.studiodrzwi.com\/?post_type=product&#038;p=23144"},"modified":"2026-04-16T12:21:50","modified_gmt":"2026-04-16T10:21:50","slug":"drzwi-pegasus-windoor-pokoj","status":"publish","type":"product","link":"https:\/\/studiodrzwi.com\/en\/drzwi-pegasus-windoor-pokoj\/","title":{"rendered":"Pegasus Windoor &#8211; pok\u00f3j"},"content":{"rendered":"<p><strong>Drzwi Pegasus Windoor <\/strong>pokojowe z mleczn\u0105 szyb\u0105, skrzyd\u0142a o bardzo<strong>\u00a0wysokiej jako\u015bci<\/strong>\u00a0i\u00a0<strong>odporno\u015bci<\/strong>\u00a0na uszkodzenia mechaniczne, a tak\u017ce gwarancja uzyskania\u00a0<strong>nowoczesnej<\/strong>\u00a0stylizacji wn\u0119trz w kt\u00f3rych zostan\u0105 one zastosowane.<\/p>\n<p>Pokrycie okleina drewnopodobna ,wykonana w technologii SoftLine, charakteryzuj\u0105ca si\u0119 brakiem \u0142\u0105czenia na rantach, 3 zawiasy w kolorze srebra z regulacj\u0105 2D. Ramiak wykonany jest z wysokiej jako\u015bci <strong>pe\u0142nej p\u0142yty MDF<\/strong>. Zastosowano <strong>technologi\u0119<\/strong> czopowania i ko\u0142kowania\u00a0do \u0142\u0105czenia element\u00f3w pionowych i poziomych, co <strong>skutecznie przeciwdzia\u0142a deformacjom oraz opadaniu drzwi<\/strong> podczas d\u0142ugotrwa\u0142ego u\u017cytkowania.<\/p>\n<p>Drzwi dost\u0119pne s\u0105 r\u00f3wnie\u017c w wersji z czarn\u0105 wstawk\u0105 oraz czarn\u0105 szyba VSG.<\/p>\n<p><img fetchpriority=\"high\" decoding=\"async\" class=\"alignnone size-medium wp-image-36133\" src=\"https:\/\/studiodrzwi.com\/wp-content\/uploads\/2026\/03\/Pegasus-wizualizacja-300x192.png\" alt=\"\" width=\"300\" height=\"192\" srcset=\"https:\/\/studiodrzwi.com\/wp-content\/uploads\/2026\/03\/Pegasus-wizualizacja-300x192.png 300w, https:\/\/studiodrzwi.com\/wp-content\/uploads\/2026\/03\/Pegasus-wizualizacja-205x131.png 205w, https:\/\/studiodrzwi.com\/wp-content\/uploads\/2026\/03\/Pegasus-wizualizacja-1024x656.png 1024w, https:\/\/studiodrzwi.com\/wp-content\/uploads\/2026\/03\/Pegasus-wizualizacja-768x492.png 768w, https:\/\/studiodrzwi.com\/wp-content\/uploads\/2026\/03\/Pegasus-wizualizacja-1140x731.png 1140w, https:\/\/studiodrzwi.com\/wp-content\/uploads\/2026\/03\/Pegasus-wizualizacja-920x590.png 920w, https:\/\/studiodrzwi.com\/wp-content\/uploads\/2026\/03\/Pegasus-wizualizacja-575x369.png 575w, https:\/\/studiodrzwi.com\/wp-content\/uploads\/2026\/03\/Pegasus-wizualizacja-380x244.png 380w, https:\/\/studiodrzwi.com\/wp-content\/uploads\/2026\/03\/Pegasus-wizualizacja.png 1237w\" sizes=\"(max-width: 300px) 100vw, 300px\" \/><\/p>\n<p>&nbsp;<\/p>","protected":false},"excerpt":{"rendered":"<p><em>* Najni\u017csza cena w ci\u0105gu ostatnich 30 dni przed obni\u017ck\u0105 (429,00 z\u0142)<\/em><\/p>\n<p><strong>Drzwi Pegasus Windoor <\/strong>pokojowe z mleczn\u0105 szyb\u0105, pokrycie w folii finish, 3 zawiasy w kolorze srebra z regulacj\u0105 2D. Ramiak wykonany jest z wysokiej jako\u015bci <strong>pe\u0142nej p\u0142yty MDF<\/strong>. Zastosowano <strong>technologi\u0119<\/strong> czopowania i ko\u0142kowania (<strong>SOFTLine<\/strong>) do \u0142\u0105czenia element\u00f3w pionowych i poziomych, co <strong>skutecznie przeciwdzia\u0142a deformacjom oraz opadaniu drzwi<\/strong> podczas d\u0142ugotrwa\u0142ego u\u017cytkowania.<\/p>\n<p><a title=\"DOPASUJ O\u015aCIE\u017bNICE DO TYCH DRZWI\" href=\"https:\/\/studiodrzwi.com\/en\/wszystkie-akcesoria\/?btsf-filter=1&amp;filter_producent=windoor&amp;query_type_producent=and&amp;product_cat=wszystkie-akcesoria&amp;query_type_product_cat=and&amp;min_price=38&amp;max_price=726\">DOPASUJ O\u015aCIE\u017bNICE DO TYCH DRZWI<\/a><\/p>\n<p>Klamka nie jest uwzgl\u0119dniona w komplecie z\u00a0 drzwiami.<\/p>\n<p><a href=\"https:\/\/studiodrzwi.com\/en\/wszystkie-akcesoria\/?btsf-filter=1&amp;product_cat=wszystkie-akcesoria%2Cklamki-drzwi&amp;query_type_product_cat=and\">DOPASUJ KLAMK\u0118 DO TYCH DRZWI<\/a><\/p>","protected":false},"featured_media":23155,"template":"","meta":[],"product_brand":[],"product_cat":[43,226,44],"product_tag":[],"class_list":{"0":"post-23144","1":"product","2":"type-product","3":"status-publish","4":"has-post-thumbnail","6":"product_cat-wszystkie-drzwi","7":"product_cat-pokojowe","8":"product_cat-drzwi-wewnetrzne","9":"product_shipping_class-drzwi","11":"first","12":"instock","13":"sale","14":"taxable","15":"shipping-taxable","16":"purchasable","17":"product-type-simple"},"blog_post_layout_featured_media_urls":{"thumbnail":["https:\/\/studiodrzwi.com\/wp-content\/uploads\/2024\/02\/Drzwi-Pegasus-Windoor-dab-gorski-pokoj-sklep-\u2014-orginal-150x150.webp",150,150,true],"full":["https:\/\/studiodrzwi.com\/wp-content\/uploads\/2024\/02\/Drzwi-Pegasus-Windoor-dab-gorski-pokoj-sklep-\u2014-orginal.webp",650,1024,false]},"categories":null,"categories_names":null,"comments_number":"0","_links":{"self":[{"href":"https:\/\/studiodrzwi.com\/en\/wp-json\/wp\/v2\/product\/23144","targetHints":{"allow":["GET"]}}],"collection":[{"href":"https:\/\/studiodrzwi.com\/en\/wp-json\/wp\/v2\/product"}],"about":[{"href":"https:\/\/studiodrzwi.com\/en\/wp-json\/wp\/v2\/types\/product"}],"wp:featuredmedia":[{"embeddable":true,"href":"https:\/\/studiodrzwi.com\/en\/wp-json\/wp\/v2\/media\/23155"}],"wp:attachment":[{"href":"https:\/\/studiodrzwi.com\/en\/wp-json\/wp\/v2\/media?parent=23144"}],"wp:term":[{"taxonomy":"product_brand","embeddable":true,"href":"https:\/\/studiodrzwi.com\/en\/wp-json\/wp\/v2\/product_brand?post=23144"},{"taxonomy":"product_cat","embeddable":true,"href":"https:\/\/studiodrzwi.com\/en\/wp-json\/wp\/v2\/product_cat?post=23144"},{"taxonomy":"product_tag","embeddable":true,"href":"https:\/\/studiodrzwi.com\/en\/wp-json\/wp\/v2\/product_tag?post=23144"}],"curies":[{"name":"wp","href":"https:\/\/api.w.org\/{rel}","templated":true}]}}