{"id":23100,"date":"2024-02-02T12:51:29","date_gmt":"2024-02-02T11:51:29","guid":{"rendered":"https:\/\/test.studiodrzwi.com\/?post_type=product&#038;p=23100"},"modified":"2026-04-16T11:31:21","modified_gmt":"2026-04-16T09:31:21","slug":"drzwi-chicago-windoor-lazienka","status":"publish","type":"product","link":"https:\/\/studiodrzwi.com\/en\/drzwi-chicago-windoor-lazienka\/","title":{"rendered":"Chicago Windoor &#8211; \u0142azienka"},"content":{"rendered":"<p><strong>Drzwi Chicago\u00a0 Windoor <\/strong>\u0142azienkowe z mleczn\u0105 szyb\u0105, skrzyd\u0142a o bardzo<strong>\u00a0wysokiej jako\u015bci<\/strong>\u00a0i\u00a0<strong>odporno\u015bci<\/strong>\u00a0na uszkodzenia mechaniczne, a tak\u017ce gwarancja uzyskania\u00a0<strong>nowoczesnej<\/strong> stylizacji wn\u0119trz w kt\u00f3rych zostan\u0105 one zastosowane.<\/p>\n<p>Pokrycie w folii finish, 3 zawiasy w kolorze srebra z regulacj\u0105 2D. Ramiak wykonany jest z wysokiej jako\u015bci <strong>pe\u0142nej p\u0142yty MDF<\/strong>. Zastosowano <strong>technologi\u0119<\/strong> czopowania i ko\u0142kowania (<strong>SOFTLine<\/strong>) do \u0142\u0105czenia element\u00f3w pionowych i poziomych, co <strong>skutecznie przeciwdzia\u0142a deformacjom oraz opadaniu drzwi<\/strong> podczas d\u0142ugotrwa\u0142ego u\u017cytkowania. Drzwi wyposa\u017cone w zamek WC\u00a0 oraz podci\u0119cie wentylacyjne.<\/p>\n<p>Drzwi dost\u0119pne s\u0105 r\u00f3wnie\u017c w wersji z czarn\u0105 wstawk\u0105 oraz czarn\u0105 szyba VSG.<\/p>\n<p>&nbsp;<\/p>","protected":false},"excerpt":{"rendered":"<p><em>* Najni\u017csza cena w ci\u0105gu ostatnich 30 dni przed obni\u017ck\u0105 (519,00 z\u0142)<\/em><\/p>\n<p><strong>Drzwi Chicago Windoor \u0142azienkowe<\/strong>\u00a0z mleczn\u0105 szyb\u0105, pokryte foli\u0105 finish, wyposa\u017cone w 3 zawiasy w kolorze srebra z regulacj\u0105 2D. Ramiak wykonany jest z wysokiej jako\u015bci <strong>pe\u0142nej p\u0142yty MDF<\/strong>. Do \u0142\u0105czenia element\u00f3w pionowych i poziomych zastosowano technologi\u0119 czopowania i ko\u0142kowania (\u0142azienkowe ), co skutecznie <strong>przeciwdzia\u0142a deformacjom oraz opadaniu drzwi<\/strong> podczas d\u0142ugotrwa\u0142ego u\u017cytkowania.<\/p>\n<p><a title=\"DOPASUJ O\u015aCIE\u017bNICE DO TYCH DRZWI\" href=\"https:\/\/studiodrzwi.com\/en\/wszystkie-akcesoria\/?btsf-filter=1&amp;filter_producent=windoor&amp;query_type_producent=and&amp;product_cat=wszystkie-akcesoria&amp;query_type_product_cat=and&amp;min_price=38&amp;max_price=726\">DOPASUJ O\u015aCIE\u017bNICE DO TYCH DRZWI<\/a><\/p>\n<p>Klamka nie jest uwzgl\u0119dniona w komplecie z drzwiami.<\/p>\n<p><a title=\"DOPASUJ KLAMK\u0118 DO TYCH DRZWI\" href=\"https:\/\/studiodrzwi.com\/en\/wszystkie-akcesoria\/?btsf-filter=1&amp;product_cat=wszystkie-akcesoria%2Cklamki-drzwi&amp;query_type_product_cat=and\">DOPASUJ KLAMK\u0118 DO TYCH DRZWI<\/a><\/p>","protected":false},"featured_media":23066,"template":"","meta":[],"product_brand":[],"product_cat":[43,229,44],"product_tag":[],"class_list":{"0":"post-23100","1":"product","2":"type-product","3":"status-publish","4":"has-post-thumbnail","6":"product_cat-wszystkie-drzwi","7":"product_cat-lazienka","8":"product_cat-drzwi-wewnetrzne","9":"product_shipping_class-drzwi","11":"first","12":"instock","13":"sale","14":"taxable","15":"shipping-taxable","16":"purchasable","17":"product-type-simple"},"blog_post_layout_featured_media_urls":{"thumbnail":["https:\/\/studiodrzwi.com\/wp-content\/uploads\/2024\/02\/Drzwi-Chicago-Windoor-ciemny-beton-z-podcieciem-150x150.jpg",150,150,true],"full":["https:\/\/studiodrzwi.com\/wp-content\/uploads\/2024\/02\/Drzwi-Chicago-Windoor-ciemny-beton-z-podcieciem.jpg",650,1024,false]},"categories":null,"categories_names":null,"comments_number":"0","_links":{"self":[{"href":"https:\/\/studiodrzwi.com\/en\/wp-json\/wp\/v2\/product\/23100","targetHints":{"allow":["GET"]}}],"collection":[{"href":"https:\/\/studiodrzwi.com\/en\/wp-json\/wp\/v2\/product"}],"about":[{"href":"https:\/\/studiodrzwi.com\/en\/wp-json\/wp\/v2\/types\/product"}],"wp:featuredmedia":[{"embeddable":true,"href":"https:\/\/studiodrzwi.com\/en\/wp-json\/wp\/v2\/media\/23066"}],"wp:attachment":[{"href":"https:\/\/studiodrzwi.com\/en\/wp-json\/wp\/v2\/media?parent=23100"}],"wp:term":[{"taxonomy":"product_brand","embeddable":true,"href":"https:\/\/studiodrzwi.com\/en\/wp-json\/wp\/v2\/product_brand?post=23100"},{"taxonomy":"product_cat","embeddable":true,"href":"https:\/\/studiodrzwi.com\/en\/wp-json\/wp\/v2\/product_cat?post=23100"},{"taxonomy":"product_tag","embeddable":true,"href":"https:\/\/studiodrzwi.com\/en\/wp-json\/wp\/v2\/product_tag?post=23100"}],"curies":[{"name":"wp","href":"https:\/\/api.w.org\/{rel}","templated":true}]}}