{"id":23054,"date":"2024-01-26T13:41:27","date_gmt":"2024-01-26T12:41:27","guid":{"rendered":"https:\/\/test.studiodrzwi.com\/?post_type=product&#038;p=23054"},"modified":"2026-04-16T11:31:22","modified_gmt":"2026-04-16T09:31:22","slug":"drzwi-chicago-black-lazienka","status":"publish","type":"product","link":"https:\/\/studiodrzwi.com\/en\/drzwi-chicago-black-lazienka\/","title":{"rendered":"Chicago Windoor czarna wstawka &#8211; \u0142azienka"},"content":{"rendered":"<p><strong>Drzwi Chicago Black Windoor <\/strong>\u0142azienkowe z czarn\u0105 wstawk\u0105, skrzyd\u0142a o bardzo<strong>\u00a0wysokiej jako\u015bci<\/strong>\u00a0i\u00a0<strong>odporno\u015bci<\/strong>\u00a0na uszkodzenia mechaniczne, a tak\u017ce gwarancja uzyskania\u00a0<strong>nowoczesnej<\/strong> stylizacji wn\u0119trz w kt\u00f3rych zostan\u0105 one zastosowane. Zastosowanie technologii czopowania i ko\u0142kowania do \u0142\u0105czenia element\u00f3w pionowych i poziomych zapobiega wypaczaniu oraz opuszczaniu si\u0119 drzwi podczas ich wieloletniego u\u017cytkowania.<\/p>\n<p>Zastosowano <strong>technologi\u0119<\/strong> czopowania i ko\u0142kowania (<strong>SOFTLine<\/strong>) do \u0142\u0105czenia element\u00f3w pionowych i poziomych, co <strong>skutecznie przeciwdzia\u0142a deformacjom oraz opadaniu drzwi<\/strong> podczas d\u0142ugotrwa\u0142ego u\u017cytkowania.<\/p>\n<p>&nbsp;<\/p>\n<figure id=\"attachment_24651\" aria-describedby=\"caption-attachment-24651\" style=\"width: 1078px\" class=\"wp-caption aligncenter\"><img fetchpriority=\"high\" decoding=\"async\" class=\"wp-image-24651 size-full\" title=\"Drzwi Windoor Chicago Black beton ciemny aran\u017cacja\" src=\"https:\/\/studiodrzwi.com\/wp-content\/uploads\/2024\/01\/Drzwi-Windoor-Chicago-Black-beton-ciemny-aranzacja.webp\" alt=\"Drzwi Windoor Chicago Black kolor okleiny: beton ciemny aran\u017cacja\" width=\"1078\" height=\"808\" \/><figcaption id=\"caption-attachment-24651\" class=\"wp-caption-text\">Drzwi Windoor Chicago Black beton ciemny aran\u017cacja<\/figcaption><\/figure>","protected":false},"excerpt":{"rendered":"<p style=\"text-align: left;\"><strong>Drzwi Chicago Black Windoor <\/strong>\u0142azienkowe z czarn\u0105 wstawk\u0105, pokrycie w folii finish, 3 zawiasy w kolorze srebra z regulacj\u0105 2D. Ramiak wykonany jest z wysokiej jako\u015bci <strong>pe\u0142nej p\u0142yty MDF<\/strong>.<\/p>\n<p><a title=\"DOPASUJ O\u015aCIE\u017bNICE DO TYCH DRZWI\" href=\"https:\/\/studiodrzwi.com\/en\/wszystkie-akcesoria\/?btsf-filter=1&amp;filter_producent=windoor&amp;query_type_producent=and&amp;product_cat=wszystkie-akcesoria&amp;query_type_product_cat=and&amp;min_price=38&amp;max_price=726\">DOPASUJ O\u015aCIE\u017bNICE DO TYCH DRZWI<\/a><\/p>\n<p>Klamka nie jest zawarta w komplecie z drzwiami.<\/p>\n<p><a title=\"DOPASUJ KLAMK\u0118 DO TYCH DRZWI\" href=\"https:\/\/studiodrzwi.com\/en\/wszystkie-akcesoria\/?btsf-filter=1&amp;product_cat=wszystkie-akcesoria%2Cklamki-drzwi&amp;query_type_product_cat=and\">DOPASUJ KLAMK\u0118 DO TYCH DRZWI<\/a><\/p>","protected":false},"featured_media":23097,"template":"","meta":[],"product_brand":[],"product_cat":[43,229,44],"product_tag":[],"class_list":{"0":"post-23054","1":"product","2":"type-product","3":"status-publish","4":"has-post-thumbnail","6":"product_cat-wszystkie-drzwi","7":"product_cat-lazienka","8":"product_cat-drzwi-wewnetrzne","9":"product_shipping_class-drzwi","11":"first","12":"instock","13":"taxable","14":"shipping-taxable","15":"purchasable","16":"product-type-simple"},"blog_post_layout_featured_media_urls":{"thumbnail":["https:\/\/studiodrzwi.com\/wp-content\/uploads\/2024\/01\/Drzwi-Chicago-Black-Windoor-bialy-z-podcieciem-glowne-150x150.webp",150,150,true],"full":["https:\/\/studiodrzwi.com\/wp-content\/uploads\/2024\/01\/Drzwi-Chicago-Black-Windoor-bialy-z-podcieciem-glowne.webp",650,1024,false]},"categories":null,"categories_names":null,"comments_number":"0","_links":{"self":[{"href":"https:\/\/studiodrzwi.com\/en\/wp-json\/wp\/v2\/product\/23054","targetHints":{"allow":["GET"]}}],"collection":[{"href":"https:\/\/studiodrzwi.com\/en\/wp-json\/wp\/v2\/product"}],"about":[{"href":"https:\/\/studiodrzwi.com\/en\/wp-json\/wp\/v2\/types\/product"}],"wp:featuredmedia":[{"embeddable":true,"href":"https:\/\/studiodrzwi.com\/en\/wp-json\/wp\/v2\/media\/23097"}],"wp:attachment":[{"href":"https:\/\/studiodrzwi.com\/en\/wp-json\/wp\/v2\/media?parent=23054"}],"wp:term":[{"taxonomy":"product_brand","embeddable":true,"href":"https:\/\/studiodrzwi.com\/en\/wp-json\/wp\/v2\/product_brand?post=23054"},{"taxonomy":"product_cat","embeddable":true,"href":"https:\/\/studiodrzwi.com\/en\/wp-json\/wp\/v2\/product_cat?post=23054"},{"taxonomy":"product_tag","embeddable":true,"href":"https:\/\/studiodrzwi.com\/en\/wp-json\/wp\/v2\/product_tag?post=23054"}],"curies":[{"name":"wp","href":"https:\/\/api.w.org\/{rel}","templated":true}]}}