{"id":22905,"date":"2024-01-23T20:52:23","date_gmt":"2024-01-23T19:52:23","guid":{"rendered":"https:\/\/test.studiodrzwi.com\/?post_type=product&#038;p=22905"},"modified":"2026-04-16T11:31:21","modified_gmt":"2026-04-16T09:31:21","slug":"drzwi-apus-windoor-lazienkowe","status":"publish","type":"product","link":"https:\/\/studiodrzwi.com\/en\/drzwi-apus-windoor-lazienkowe\/","title":{"rendered":"Apus Windoor &#8211; \u0142azienka"},"content":{"rendered":"<p><strong>Drzwi Apus \u0142azienkowe<\/strong>\u00a0wyr\u00f3\u017cniaj\u0105 si\u0119 niezwykle <strong>wysok\u0105 jako\u015bci\u0105 oraz odporno\u015bci\u0105<\/strong> na uszkodzenia mechaniczne, co przek\u0142ada si\u0119 na ich trwa\u0142o\u015b\u0107 i zapewnienie bezpiecze\u0144stwa u\u017cytkownikom. Wprowadzaj\u0105 one nowoczesn\u0105 estetyk\u0119 do dowolnego wn\u0119trza.<\/p>\n<p>S\u0105 to drzwi z linii Apus, wariant \u0142azienkowy z podci\u0119ciem wentylacyjnym i zamkiem wc w zestawie. Szyba mleczna matowa<\/p>\n<p>Ramiak drzwi zosta\u0142 wykonany z<strong>\u00a0pe\u0142nej p\u0142yty MDF<\/strong>, co gwarantuje stabiln\u0105 konstrukcj\u0119. Drzwi posiadaj\u0105 trzy solidne zawiasy, wkr\u0119cane, oraz szk\u0142o mleczne o grubo\u015bci 4 mm, kt\u00f3re nie tylko podkre\u015bla elegancj\u0119, ale r\u00f3wnie\u017c <strong>zwi\u0119ksza ich funkcjonalno\u015b\u0107.<\/strong><\/p>\n<p>Innowacyjna<strong> technologia SOFTLine,<\/strong> u\u017cywana w produkcji profili, eliminuje widoczne \u0142\u0105czenia okleiny na kraw\u0119dziach, co nadaje drzwiom estetyczny wygl\u0105d oraz nowoczesny charakter.<\/p>\n<p><strong>Dzi\u0119ki zastosowaniu technologii<\/strong> czopowania i ko\u0142kowania do po\u0142\u0105czenia element\u00f3w pionowych i poziomych, drzwi staj\u0105 si\u0119 odporne na wypaczanie oraz opuszczanie si\u0119 w trakcie d\u0142ugotrwa\u0142ego u\u017cytkowania. To gwarantuje nie tylko trwa\u0142o\u015b\u0107, ale tak\u017ce utrzymanie doskona\u0142ej funkcjonalno\u015bci przez wiele lat.<\/p>\n<p>&nbsp;<\/p>","protected":false},"excerpt":{"rendered":"<p><strong>Drzwi Apus \u0142azienkowe<\/strong>, w nowoczesnej stylistyce. Wiele odcieni okleiny, pozwol\u0105 na dopasowanie drzwi do r\u00f3\u017cnych aran\u017cacji pomieszcze\u0144.<\/p>\n<p><strong>Dzi\u0119ki zastosowaniu technologii<\/strong> czopowania i ko\u0142kowania do po\u0142\u0105czenia element\u00f3w pionowych i poziomych, drzwi staj\u0105 si\u0119 odporne na wypaczanie oraz opuszczanie si\u0119 w trakcie d\u0142ugotrwa\u0142ego u\u017cytkowania. To gwarantuje nie tylko trwa\u0142o\u015b\u0107, ale tak\u017ce utrzymanie doskona\u0142ej funkcjonalno\u015bci przez wiele lat.<\/p>\n<p><a title=\"DOPASUJ O\u015aCIE\u017bNICE DO TYCH DRZWI\" href=\"https:\/\/studiodrzwi.com\/en\/wszystkie-akcesoria\/?btsf-filter=1&amp;filter_producent=windoor&amp;query_type_producent=and&amp;product_cat=wszystkie-akcesoria&amp;query_type_product_cat=and&amp;min_price=38&amp;max_price=726\">DOPASUJ O\u015aCIE\u017bNICE DO TYCH DRZWI<\/a><\/p>\n<p>Klamka nie jest zawarta w komplecie z drzwiami.<\/p>\n<p><a title=\"DOPASUJ KLAMK\u0118 DO TYCH DRZWI\" href=\"https:\/\/studiodrzwi.com\/en\/wszystkie-akcesoria\/?btsf-filter=1&amp;product_cat=wszystkie-akcesoria%2Cklamki-drzwi&amp;query_type_product_cat=and\">DOPASUJ KLAMK\u0118 DO TYCH DRZWI<\/a><\/p>","protected":false},"featured_media":23212,"template":"","meta":[],"product_brand":[],"product_cat":[43,229,44],"product_tag":[],"class_list":{"0":"post-22905","1":"product","2":"type-product","3":"status-publish","4":"has-post-thumbnail","6":"product_cat-wszystkie-drzwi","7":"product_cat-lazienka","8":"product_cat-drzwi-wewnetrzne","9":"product_shipping_class-drzwi","11":"first","12":"instock","13":"taxable","14":"shipping-taxable","15":"purchasable","16":"product-type-simple"},"blog_post_layout_featured_media_urls":{"thumbnail":["https:\/\/studiodrzwi.com\/wp-content\/uploads\/2024\/01\/Drzwi-Apus-Windoor-dab-gorski-z-podcieciem-sklep-\u2014-orginal-150x150.webp",150,150,true],"full":["https:\/\/studiodrzwi.com\/wp-content\/uploads\/2024\/01\/Drzwi-Apus-Windoor-dab-gorski-z-podcieciem-sklep-\u2014-orginal.webp",650,1024,false]},"categories":null,"categories_names":null,"comments_number":"0","_links":{"self":[{"href":"https:\/\/studiodrzwi.com\/en\/wp-json\/wp\/v2\/product\/22905","targetHints":{"allow":["GET"]}}],"collection":[{"href":"https:\/\/studiodrzwi.com\/en\/wp-json\/wp\/v2\/product"}],"about":[{"href":"https:\/\/studiodrzwi.com\/en\/wp-json\/wp\/v2\/types\/product"}],"wp:featuredmedia":[{"embeddable":true,"href":"https:\/\/studiodrzwi.com\/en\/wp-json\/wp\/v2\/media\/23212"}],"wp:attachment":[{"href":"https:\/\/studiodrzwi.com\/en\/wp-json\/wp\/v2\/media?parent=22905"}],"wp:term":[{"taxonomy":"product_brand","embeddable":true,"href":"https:\/\/studiodrzwi.com\/en\/wp-json\/wp\/v2\/product_brand?post=22905"},{"taxonomy":"product_cat","embeddable":true,"href":"https:\/\/studiodrzwi.com\/en\/wp-json\/wp\/v2\/product_cat?post=22905"},{"taxonomy":"product_tag","embeddable":true,"href":"https:\/\/studiodrzwi.com\/en\/wp-json\/wp\/v2\/product_tag?post=22905"}],"curies":[{"name":"wp","href":"https:\/\/api.w.org\/{rel}","templated":true}]}}