{"id":22868,"date":"2024-01-22T17:37:45","date_gmt":"2024-01-22T16:37:45","guid":{"rendered":"https:\/\/test.studiodrzwi.com\/?post_type=product&amp;p=22868"},"modified":"2024-01-22T17:37:45","modified_gmt":"2024-01-22T16:37:45","slug":"probnik-kolorow-okleiny-windoor","status":"publish","type":"product","link":"https:\/\/studiodrzwi.com\/en\/probnik-kolorow-okleiny-windoor\/","title":{"rendered":"Pr\u00f3bnik kolor\u00f3w okleiny Windoor"},"content":{"rendered":"<p>Pr\u00f3bnik (wzornik) kolor\u00f3w, zawiera pe\u0142n\u0105 gam\u0119 kolor\u00f3w okleiny drzwi i akcesori\u00f3w producenta Windoor<\/p>","protected":false},"excerpt":{"rendered":"<p>Pr\u00f3bki kolor\u00f3w okleiny Windoor<\/p>","protected":false},"featured_media":22869,"template":"","meta":[],"product_brand":[],"product_cat":[49],"product_tag":[50],"class_list":{"0":"post-22868","1":"product","2":"type-product","3":"status-publish","4":"has-post-thumbnail","6":"product_cat-inne","7":"product_tag-probnik","8":"product_shipping_class-klamki","10":"first","11":"instock","12":"taxable","13":"shipping-taxable","14":"purchasable","15":"product-type-simple"},"blog_post_layout_featured_media_urls":{"thumbnail":["https:\/\/studiodrzwi.com\/wp-content\/uploads\/2024\/01\/Probnik-kolorow-Windoor-1-150x150.webp",150,150,true],"full":["https:\/\/studiodrzwi.com\/wp-content\/uploads\/2024\/01\/Probnik-kolorow-Windoor-1.webp",600,600,false]},"categories":null,"categories_names":null,"comments_number":"0","_links":{"self":[{"href":"https:\/\/studiodrzwi.com\/en\/wp-json\/wp\/v2\/product\/22868","targetHints":{"allow":["GET"]}}],"collection":[{"href":"https:\/\/studiodrzwi.com\/en\/wp-json\/wp\/v2\/product"}],"about":[{"href":"https:\/\/studiodrzwi.com\/en\/wp-json\/wp\/v2\/types\/product"}],"wp:featuredmedia":[{"embeddable":true,"href":"https:\/\/studiodrzwi.com\/en\/wp-json\/wp\/v2\/media\/22869"}],"wp:attachment":[{"href":"https:\/\/studiodrzwi.com\/en\/wp-json\/wp\/v2\/media?parent=22868"}],"wp:term":[{"taxonomy":"product_brand","embeddable":true,"href":"https:\/\/studiodrzwi.com\/en\/wp-json\/wp\/v2\/product_brand?post=22868"},{"taxonomy":"product_cat","embeddable":true,"href":"https:\/\/studiodrzwi.com\/en\/wp-json\/wp\/v2\/product_cat?post=22868"},{"taxonomy":"product_tag","embeddable":true,"href":"https:\/\/studiodrzwi.com\/en\/wp-json\/wp\/v2\/product_tag?post=22868"}],"curies":[{"name":"wp","href":"https:\/\/api.w.org\/{rel}","templated":true}]}}