{"id":22835,"date":"2024-01-22T16:38:31","date_gmt":"2024-01-22T15:38:31","guid":{"rendered":"https:\/\/test.studiodrzwi.com\/?post_type=product&#038;p=22835"},"modified":"2026-04-16T11:31:50","modified_gmt":"2026-04-16T09:31:50","slug":"drzwi-limes-windoor-lazienka","status":"publish","type":"product","link":"https:\/\/studiodrzwi.com\/en\/drzwi-limes-windoor-lazienka\/","title":{"rendered":"Limes Windoor &#8211; \u0142azienka"},"content":{"rendered":"<p><strong>Drzwi Limes<\/strong> \u0142azienkowe wyr\u00f3\u017cniaj\u0105 si\u0119 niezwykle <strong>wysok\u0105 jako\u015bci\u0105 oraz odporno\u015bci\u0105<\/strong> na uszkodzenia mechaniczne, co przek\u0142ada si\u0119 na ich trwa\u0142o\u015b\u0107 i zapewnienie bezpiecze\u0144stwa u\u017cytkownikom. Wprowadzaj\u0105 one nowoczesn\u0105 estetyk\u0119 do dowolnego wn\u0119trza.<\/p>\n<p>S\u0105 to drzwi z linii Limes, w wariancie pe\u0142nym.<\/p>\n<p>Ramiak drzwi zosta\u0142 wykonany z <strong>wyj\u0105tkowo solidnej pe\u0142nej p\u0142yty MDF<\/strong>, co gwarantuje stabiln\u0105 konstrukcj\u0119. Drzwi posiadaj\u0105 trzy solidne zawiasy, wkr\u0119cane dla dodatkowej stabilno\u015bci.<\/p>\n<p>Innowacyjna<strong> technologia SOFTLine,<\/strong> u\u017cywana w produkcji profili, eliminuje widoczne \u0142\u0105czenia okleiny na kraw\u0119dziach, co nadaje drzwiom estetyczny wygl\u0105d oraz nowoczesny charakter.<\/p>\n<p><strong>Dzi\u0119ki zastosowaniu technologii<\/strong> czopowania i ko\u0142kowania do po\u0142\u0105czenia element\u00f3w pionowych i poziomych, drzwi staj\u0105 si\u0119 odporne na wypaczanie oraz opuszczanie si\u0119 w trakcie d\u0142ugotrwa\u0142ego u\u017cytkowania. To gwarantuje nie tylko trwa\u0142o\u015b\u0107, ale tak\u017ce utrzymanie doskona\u0142ej funkcjonalno\u015bci przez wiele lat.<\/p>\n<p>&nbsp;<\/p>","protected":false},"excerpt":{"rendered":"<p><em>* Najni\u017csza cena w ci\u0105gu ostatnich 30 dni przed obni\u017ck\u0105 (482,16 z\u0142)<\/em><\/p>\n<p><strong>Drzwi Limes \u0142azienkowe<\/strong>, w nowoczesnej stylistyce. Wiele odcieni okleiny, pozwala na dopasowanie drzwi do r\u00f3\u017cnych aran\u017cacji pomieszcze\u0144.<\/p>\n<p><strong>Dzi\u0119ki zastosowaniu technologii<\/strong> czopowania i ko\u0142kowania do po\u0142\u0105czenia element\u00f3w pionowych i poziomych, drzwi staj\u0105 si\u0119 odporne na wypaczanie oraz opuszczanie si\u0119 w trakcie d\u0142ugotrwa\u0142ego u\u017cytkowania. To gwarantuje nie tylko trwa\u0142o\u015b\u0107, ale tak\u017ce utrzymanie doskona\u0142ej funkcjonalno\u015bci przez wiele lat.<\/p>\n<p><a title=\"DOPASUJ O\u015aCIE\u017bNIC\u0118 DO TYCH DRZWI\" href=\"https:\/\/studiodrzwi.com\/en\/wszystkie-akcesoria\/?btsf-filter=1&amp;filter_producent=windoor&amp;query_type_producent=and&amp;product_cat=wszystkie-akcesoria&amp;query_type_product_cat=and&amp;min_price=38&amp;max_price=726\">DOPASUJ O\u015aCIE\u017bNICE DO TYCH DRZWI<\/a><\/p>\n<p>Klamka nie jest uwzgl\u0119dniona w komplecie z drzwiami.<\/p>\n<p><a title=\"DOPASUJ KLAMK\u0118 DO TYCH DRZWI\" href=\"https:\/\/studiodrzwi.com\/en\/wszystkie-akcesoria\/?btsf-filter=1&amp;product_cat=wszystkie-akcesoria%2Cklamki-drzwi&amp;query_type_product_cat=and\">DOPASUJ KLAMK\u0118 DO TYCH DRZWI<\/a><\/p>","protected":false},"featured_media":28970,"template":"","meta":[],"product_brand":[],"product_cat":[43,229,44],"product_tag":[],"class_list":{"0":"post-22835","1":"product","2":"type-product","3":"status-publish","4":"has-post-thumbnail","6":"product_cat-wszystkie-drzwi","7":"product_cat-lazienka","8":"product_cat-drzwi-wewnetrzne","9":"product_shipping_class-drzwi","11":"first","12":"instock","13":"sale","14":"taxable","15":"shipping-taxable","16":"purchasable","17":"product-type-simple"},"blog_post_layout_featured_media_urls":{"thumbnail":["https:\/\/studiodrzwi.com\/wp-content\/uploads\/2025\/02\/Limes-dab-country-lazienka-Windoor-150x150.jpg",150,150,true],"full":["https:\/\/studiodrzwi.com\/wp-content\/uploads\/2025\/02\/Limes-dab-country-lazienka-Windoor.jpg",650,1024,false]},"categories":null,"categories_names":null,"comments_number":"0","_links":{"self":[{"href":"https:\/\/studiodrzwi.com\/en\/wp-json\/wp\/v2\/product\/22835","targetHints":{"allow":["GET"]}}],"collection":[{"href":"https:\/\/studiodrzwi.com\/en\/wp-json\/wp\/v2\/product"}],"about":[{"href":"https:\/\/studiodrzwi.com\/en\/wp-json\/wp\/v2\/types\/product"}],"wp:featuredmedia":[{"embeddable":true,"href":"https:\/\/studiodrzwi.com\/en\/wp-json\/wp\/v2\/media\/28970"}],"wp:attachment":[{"href":"https:\/\/studiodrzwi.com\/en\/wp-json\/wp\/v2\/media?parent=22835"}],"wp:term":[{"taxonomy":"product_brand","embeddable":true,"href":"https:\/\/studiodrzwi.com\/en\/wp-json\/wp\/v2\/product_brand?post=22835"},{"taxonomy":"product_cat","embeddable":true,"href":"https:\/\/studiodrzwi.com\/en\/wp-json\/wp\/v2\/product_cat?post=22835"},{"taxonomy":"product_tag","embeddable":true,"href":"https:\/\/studiodrzwi.com\/en\/wp-json\/wp\/v2\/product_tag?post=22835"}],"curies":[{"name":"wp","href":"https:\/\/api.w.org\/{rel}","templated":true}]}}