{"id":22809,"date":"2024-01-18T20:40:17","date_gmt":"2024-01-18T19:40:17","guid":{"rendered":"https:\/\/test.studiodrzwi.com\/?post_type=product&#038;p=22809"},"modified":"2026-04-16T12:18:58","modified_gmt":"2026-04-16T10:18:58","slug":"drzwi-chicago-black-windoor-pokoj","status":"publish","type":"product","link":"https:\/\/studiodrzwi.com\/en\/drzwi-chicago-black-windoor-pokoj\/","title":{"rendered":"Chicago Windoor czarna wstawka- pok\u00f3j"},"content":{"rendered":"<p><strong>Drzwi Chicago Black Windoor <\/strong>pokojowe z czarn\u0105 wstawk\u0105, skrzyd\u0142a o bardzo<strong>\u00a0wysokiej jako\u015bci<\/strong>\u00a0i\u00a0<strong>odporno\u015bci<\/strong>\u00a0na uszkodzenia mechaniczne, a tak\u017ce gwarancja uzyskania\u00a0<strong>nowoczesnej<\/strong>\u00a0stylizacji wn\u0119trz w kt\u00f3rych zostan\u0105 one zastosowane.<\/p>\n<p>Pokrycie w folii finish, 3 zawiasy w kolorze srebra z regulacj\u0105 2D. Ramiak wykonany jest z wysokiej jako\u015bci <strong>pe\u0142nej p\u0142yty MDF<\/strong>. Zastosowano <strong>technologi\u0119<\/strong> czopowania i ko\u0142kowania (<strong>SOFTLine<\/strong>) do \u0142\u0105czenia element\u00f3w pionowych i poziomych, co <strong>skutecznie przeciwdzia\u0142a deformacjom oraz opadaniu drzwi<\/strong> podczas d\u0142ugotrwa\u0142ego u\u017cytkowania.<\/p>\n<figure id=\"attachment_24651\" aria-describedby=\"caption-attachment-24651\" style=\"width: 300px\" class=\"wp-caption alignnone\"><img fetchpriority=\"high\" decoding=\"async\" class=\"size-medium wp-image-24651\" src=\"https:\/\/studiodrzwi.com\/wp-content\/uploads\/2024\/01\/Drzwi-Windoor-Chicago-Black-beton-ciemny-aranzacja-1-300x225.webp\" alt=\"Drzwi Windoor Chicago Black kolor okleiny: beton ciemny aran\u017cacja\" width=\"300\" height=\"225\" srcset=\"https:\/\/studiodrzwi.com\/wp-content\/uploads\/2024\/01\/Drzwi-Windoor-Chicago-Black-beton-ciemny-aranzacja-1-300x225.webp 300w, https:\/\/studiodrzwi.com\/wp-content\/uploads\/2024\/01\/Drzwi-Windoor-Chicago-Black-beton-ciemny-aranzacja-1-205x154.webp 205w, https:\/\/studiodrzwi.com\/wp-content\/uploads\/2024\/01\/Drzwi-Windoor-Chicago-Black-beton-ciemny-aranzacja-1-1024x768.webp 1024w, https:\/\/studiodrzwi.com\/wp-content\/uploads\/2024\/01\/Drzwi-Windoor-Chicago-Black-beton-ciemny-aranzacja-1-768x576.webp 768w, https:\/\/studiodrzwi.com\/wp-content\/uploads\/2024\/01\/Drzwi-Windoor-Chicago-Black-beton-ciemny-aranzacja-1.webp 1078w\" sizes=\"(max-width: 300px) 100vw, 300px\" \/><figcaption id=\"caption-attachment-24651\" class=\"wp-caption-text\">Drzwi Windoor Chicago Black beton ciemny aran\u017cacja<\/figcaption><\/figure>","protected":false},"excerpt":{"rendered":"<p><strong>Drzwi Chicago Black Windoor <\/strong>pokojowe z czarn\u0105 wstawk\u0105, pokrycie w folii finish, 3 zawiasy w kolorze srebra z regulacj\u0105 2D. Ramiak wykonany jest z wysokiej jako\u015bci <strong>pe\u0142nej p\u0142yty MDF<\/strong>. Zastosowano <strong>technologi\u0119<\/strong> czopowania i ko\u0142kowania (<strong>SOFTLine<\/strong>) do \u0142\u0105czenia element\u00f3w pionowych i poziomych, co <strong>skutecznie przeciwdzia\u0142a deformacjom oraz opadaniu drzwi<\/strong> podczas d\u0142ugotrwa\u0142ego u\u017cytkowania.<\/p>\n<p><a title=\"DOPASUJ O\u015aCIE\u017bNICE DO TYCH DRZWI\" href=\"https:\/\/studiodrzwi.com\/en\/wszystkie-akcesoria\/?btsf-filter=1&amp;filter_producent=windoor&amp;query_type_producent=and&amp;product_cat=wszystkie-akcesoria&amp;query_type_product_cat=and&amp;min_price=38&amp;max_price=726\">DOPASUJ O\u015aCIE\u017bNICE DO TYCH DRZWI<\/a><\/p>\n<p>Klamka nie jest zawarta w komplecie z drzwiami.<\/p>\n<p><a title=\"DOPASUJ KLAMK\u0118 DO TYCH DRZWI\" href=\"https:\/\/studiodrzwi.com\/en\/wszystkie-akcesoria\/?btsf-filter=1&amp;product_cat=wszystkie-akcesoria%2Cklamki-drzwi&amp;query_type_product_cat=and\" rel=\"nofollow\">DOPASUJ KLAMK\u0118 DO TYCH DRZWI<\/a><\/p>","protected":false},"featured_media":22963,"template":"","meta":[],"product_brand":[],"product_cat":[43,226,44],"product_tag":[],"class_list":{"0":"post-22809","1":"product","2":"type-product","3":"status-publish","4":"has-post-thumbnail","6":"product_cat-wszystkie-drzwi","7":"product_cat-pokojowe","8":"product_cat-drzwi-wewnetrzne","9":"product_shipping_class-drzwi","11":"first","12":"instock","13":"taxable","14":"shipping-taxable","15":"purchasable","16":"product-type-simple"},"blog_post_layout_featured_media_urls":{"thumbnail":["https:\/\/studiodrzwi.com\/wp-content\/uploads\/2024\/01\/Drzwi-Chicago-Black-Windoor-bialy-pokoj-glowne-e1706174281746-150x150.webp",150,150,true],"full":["https:\/\/studiodrzwi.com\/wp-content\/uploads\/2024\/01\/Drzwi-Chicago-Black-Windoor-bialy-pokoj-glowne-e1706174281746.webp",550,866,false]},"categories":null,"categories_names":null,"comments_number":"0","_links":{"self":[{"href":"https:\/\/studiodrzwi.com\/en\/wp-json\/wp\/v2\/product\/22809","targetHints":{"allow":["GET"]}}],"collection":[{"href":"https:\/\/studiodrzwi.com\/en\/wp-json\/wp\/v2\/product"}],"about":[{"href":"https:\/\/studiodrzwi.com\/en\/wp-json\/wp\/v2\/types\/product"}],"wp:featuredmedia":[{"embeddable":true,"href":"https:\/\/studiodrzwi.com\/en\/wp-json\/wp\/v2\/media\/22963"}],"wp:attachment":[{"href":"https:\/\/studiodrzwi.com\/en\/wp-json\/wp\/v2\/media?parent=22809"}],"wp:term":[{"taxonomy":"product_brand","embeddable":true,"href":"https:\/\/studiodrzwi.com\/en\/wp-json\/wp\/v2\/product_brand?post=22809"},{"taxonomy":"product_cat","embeddable":true,"href":"https:\/\/studiodrzwi.com\/en\/wp-json\/wp\/v2\/product_cat?post=22809"},{"taxonomy":"product_tag","embeddable":true,"href":"https:\/\/studiodrzwi.com\/en\/wp-json\/wp\/v2\/product_tag?post=22809"}],"curies":[{"name":"wp","href":"https:\/\/api.w.org\/{rel}","templated":true}]}}