{"id":21859,"date":"2023-11-27T16:38:11","date_gmt":"2023-11-27T15:38:11","guid":{"rendered":"https:\/\/test.studiodrzwi.com\/?post_type=product&#038;p=21859"},"modified":"2026-04-15T18:52:14","modified_gmt":"2026-04-15T16:52:14","slug":"oscieznica-przylgowa-regulowana-windoor","status":"publish","type":"product","link":"https:\/\/studiodrzwi.com\/en\/oscieznica-przylgowa-regulowana-windoor\/","title":{"rendered":"O\u015bcie\u017cnica przylgowa regulowana Windoor"},"content":{"rendered":"<p>O\u015bcie\u017cnica do <strong>drzwi wewn\u0119trznych przylgowych od producenta Windoor. <\/strong>W zestawie: <strong>trzy zawiasy<\/strong> wkr\u0119cane, <strong>uszczelka gumowa<\/strong>. Cz\u0119\u015b\u0107 czo\u0142ow\u0105 z obu stron stanowi\u0105 p\u0142askie\u00a0<strong>opaski maskuj\u0105ce\u00a0<\/strong>o szeroko\u015bci 6 cm lub 8 cm. O\u015bcie\u017cnica regulowana, szeroki zakres regulacji. Mo\u017cliwo\u015b\u0107 obsadzenia drzwi w \u015bcianie o grubo\u015bci do 36 cm.<\/p>","protected":false},"excerpt":{"rendered":"<p><strong>O\u015bcie\u017cnica regulowana<\/strong>, przeznaczona do <strong>drzwi wewn\u0119trznych przylgowych. <\/strong>O\u015bcie\u017cnica, to inaczej rama dla drzwi, zamiennie stosuje si\u0119 okre\u015blenia takie jak: framuga, futryna drzwi.<\/p>\n<p>Wybierz interesuj\u0105cy Ci\u0119 wariant dopasowany do wybranych wcze\u015bniej drzwi, oferujemy szeroki wyb\u00f3r kolorystyczny okleiny. Pami\u0119taj, \u017ce o\u015bcie\u017cnica musi by\u0107 od tego samego producenta co drzwi.<\/p>\n<ul>\n<li><strong>Materia\u0142:\u00a0<\/strong>MDF oklejony foli\u0105 finish<\/li>\n<li><strong>Producent:<\/strong> WINDOOR<\/li>\n<\/ul>\n<p><a title=\"DOPASUJ DRZWI DO O\u015aCIE\u017bNICY\" href=\"https:\/\/studiodrzwi.com\/en\/wszystkie-drzwi\/?btsf-filter=1&amp;filter_producent=windoor&amp;query_type_producent=and\">DOPASUJ DRZWI DO O\u015aCIE\u017bNICY<\/a><\/p>","protected":false},"featured_media":22705,"template":"","meta":[],"product_brand":[],"product_cat":[120,225,47],"product_tag":[],"class_list":{"0":"post-21859","1":"product","2":"type-product","3":"status-publish","4":"has-post-thumbnail","6":"product_cat-wszystkie-akcesoria","7":"product_cat-oscieznice","8":"product_cat-oscieznice-regulowane","10":"first","11":"instock","12":"taxable","13":"shipping-taxable","14":"purchasable","15":"product-type-simple"},"blog_post_layout_featured_media_urls":{"thumbnail":["https:\/\/studiodrzwi.com\/wp-content\/uploads\/2023\/11\/Oscieznica-Przylgowa-Regulowana-Windoor-rozne-kolory-150x150.webp",150,150,true],"full":["https:\/\/studiodrzwi.com\/wp-content\/uploads\/2023\/11\/Oscieznica-Przylgowa-Regulowana-Windoor-rozne-kolory.webp",600,600,false]},"categories":null,"categories_names":null,"comments_number":"0","_links":{"self":[{"href":"https:\/\/studiodrzwi.com\/en\/wp-json\/wp\/v2\/product\/21859","targetHints":{"allow":["GET"]}}],"collection":[{"href":"https:\/\/studiodrzwi.com\/en\/wp-json\/wp\/v2\/product"}],"about":[{"href":"https:\/\/studiodrzwi.com\/en\/wp-json\/wp\/v2\/types\/product"}],"wp:featuredmedia":[{"embeddable":true,"href":"https:\/\/studiodrzwi.com\/en\/wp-json\/wp\/v2\/media\/22705"}],"wp:attachment":[{"href":"https:\/\/studiodrzwi.com\/en\/wp-json\/wp\/v2\/media?parent=21859"}],"wp:term":[{"taxonomy":"product_brand","embeddable":true,"href":"https:\/\/studiodrzwi.com\/en\/wp-json\/wp\/v2\/product_brand?post=21859"},{"taxonomy":"product_cat","embeddable":true,"href":"https:\/\/studiodrzwi.com\/en\/wp-json\/wp\/v2\/product_cat?post=21859"},{"taxonomy":"product_tag","embeddable":true,"href":"https:\/\/studiodrzwi.com\/en\/wp-json\/wp\/v2\/product_tag?post=21859"}],"curies":[{"name":"wp","href":"https:\/\/api.w.org\/{rel}","templated":true}]}}