{"id":18340,"date":"2023-05-11T07:17:50","date_gmt":"2023-05-11T07:17:50","guid":{"rendered":"https:\/\/demos.codezeel.com\/wordpress\/WCM05\/WCM050122\/?post_type=product&#038;p=18340"},"modified":"2026-04-15T18:52:14","modified_gmt":"2026-04-15T16:52:14","slug":"oscieznica-bezprzylgowa-regulowana-windoor","status":"publish","type":"product","link":"https:\/\/studiodrzwi.com\/en\/oscieznica-bezprzylgowa-regulowana-windoor\/","title":{"rendered":"O\u015bcie\u017cnica bezprzylgowa regulowana Windoor"},"content":{"rendered":"<p><strong>O\u015bcie\u017cnica regulowana<\/strong>, przeznaczona do <strong>drzwi wewn\u0119trznych bezprzylgowych<\/strong>, jest z\u0142o\u017cona z dw\u00f3ch g\u0142\u00f3wnych s\u0142up\u00f3w pionowych (baz) i jednej belki poziomej (g\u0142\u00f3wki). Komplet o\u015bcie\u017cnicy obejmuje dwa ukryte zawiasy i uszczelk\u0119 gumow\u0105 (mo\u017cliwo\u015b\u0107 trzeciego zawiasu za dop\u0142ata) . P\u0142askie opaski maskuj\u0105ce o szeroko\u015bci 6 cm lub 8 cm tworz\u0105 cz\u0119\u015b\u0107 czo\u0142ow\u0105 z obu stron. Dzi\u0119ki szerokiemu zakresowi regulacji, o\u015bcie\u017cnica pozwala na zamontowanie drzwi w \u015bcianie o grubo\u015bci do 35 cm.<\/p>","protected":false},"excerpt":{"rendered":"<p><strong>O\u015bcie\u017cnica regulowana<\/strong>, przeznaczona do <strong>drzwi wewn\u0119trznych bezprzylgowych. <\/strong>O\u015bcie\u017cnica, to inaczej rama dla drzwi, zamiennie stosuje si\u0119 okre\u015blenia takie jak: framuga, futryna drzwi.<\/p>\n<p>Wybierz interesuj\u0105cy Ci\u0119 wariant dopasowany do wybranych wcze\u015bniej drzwi, oferujemy szeroki wyb\u00f3r kolorystyczny okleiny. Pami\u0119taj, \u017ce o\u015bcie\u017cnica musi by\u0107 tego samego producenta co drzwi.<\/p>\n<ul>\n<li><strong>Materia\u0142:\u00a0<\/strong>MDF oklejony foli\u0105 finish<\/li>\n<li><strong>Producent:<\/strong> WINDOOR<\/li>\n<\/ul>\n<p><a title=\"DOPASYJ DRZWI DO O\u015aCIE\u017bNICY\" href=\"https:\/\/studiodrzwi.com\/en\/wszystkie-drzwi\/?btsf-filter=1&amp;filter_producent=windoor&amp;query_type_producent=and\">DOPASUJ DRZWI DO O\u015aCIE\u017bNICY<\/a><\/p>","protected":false},"featured_media":22703,"template":"","meta":[],"product_brand":[],"product_cat":[120,225,47],"product_tag":[],"class_list":{"0":"post-18340","1":"product","2":"type-product","3":"status-publish","4":"has-post-thumbnail","6":"product_cat-wszystkie-akcesoria","7":"product_cat-oscieznice","8":"product_cat-oscieznice-regulowane","10":"first","11":"instock","12":"taxable","13":"shipping-taxable","14":"purchasable","15":"product-type-simple"},"blog_post_layout_featured_media_urls":{"thumbnail":["https:\/\/studiodrzwi.com\/wp-content\/uploads\/2023\/05\/Oscieznica-Bezprzylgowa-Regulowana-Windoor-rozne-kolory.webp",150,150,false],"full":["https:\/\/studiodrzwi.com\/wp-content\/uploads\/2023\/05\/Oscieznica-Bezprzylgowa-Regulowana-Windoor-rozne-kolory.webp",600,600,false]},"categories":null,"categories_names":null,"comments_number":"0","_links":{"self":[{"href":"https:\/\/studiodrzwi.com\/en\/wp-json\/wp\/v2\/product\/18340","targetHints":{"allow":["GET"]}}],"collection":[{"href":"https:\/\/studiodrzwi.com\/en\/wp-json\/wp\/v2\/product"}],"about":[{"href":"https:\/\/studiodrzwi.com\/en\/wp-json\/wp\/v2\/types\/product"}],"wp:featuredmedia":[{"embeddable":true,"href":"https:\/\/studiodrzwi.com\/en\/wp-json\/wp\/v2\/media\/22703"}],"wp:attachment":[{"href":"https:\/\/studiodrzwi.com\/en\/wp-json\/wp\/v2\/media?parent=18340"}],"wp:term":[{"taxonomy":"product_brand","embeddable":true,"href":"https:\/\/studiodrzwi.com\/en\/wp-json\/wp\/v2\/product_brand?post=18340"},{"taxonomy":"product_cat","embeddable":true,"href":"https:\/\/studiodrzwi.com\/en\/wp-json\/wp\/v2\/product_cat?post=18340"},{"taxonomy":"product_tag","embeddable":true,"href":"https:\/\/studiodrzwi.com\/en\/wp-json\/wp\/v2\/product_tag?post=18340"}],"curies":[{"name":"wp","href":"https:\/\/api.w.org\/{rel}","templated":true}]}}