{"id":703,"date":"2021-05-20T18:51:43","date_gmt":"2021-05-20T18:51:43","guid":{"rendered":"https:\/\/wpthemetestdata.wordpress.com\/?page_id=703"},"modified":"2025-08-26T00:18:55","modified_gmt":"2025-08-25T22:18:55","slug":"porady","status":"publish","type":"page","link":"https:\/\/studiodrzwi.com\/en\/porady\/","title":{"rendered":"Guides"},"content":{"rendered":"<div id=\"cv-grid-post-layout\" class=\"block-5e87cb98-1426-412b-b983-45ae48fb52ea cv-block cv-block-grid--layout-one\"><h2 class=\"cv-block-title align--center layout--two\"><span>Guides<\/span><\/h2>    <div class=\"cv-post-wrapper cv-post--imagemargin column--two\">\r\n                        <article post-id=\"post-31313\" class=\"cv-post post-format--standard cv-icon\" itemscope itemtype=\"http:\/\/schema.org\/articleBody\">\r\n                                        <div class=\"cv-post-thumb\">\r\n                        <a href=\"https:\/\/studiodrzwi.com\/en\/kat-laczenia-w-oscieznicy-regulowanej\/\"><img decoding=\"async\" src=\"https:\/\/studiodrzwi.com\/wp-content\/uploads\/2025\/07\/BLOG_IMAGE_11.webp\" alt=\"K\u0105t \u0142\u0105czenia w o\u015bcie\u017cnicy regulowanej\"\/><\/a>\r\n                    <\/div>\r\n                    <h2 class=\"cv-post-title\">\r\n                        <a href=\"https:\/\/studiodrzwi.com\/en\/kat-laczenia-w-oscieznicy-regulowanej\/\" target=\"_self\">\r\n                            K\u0105t \u0142\u0105czenia w o\u015bcie\u017cnicy regulowanej                        <\/a>\r\n                    <\/h2>\r\n                    <div class=\"cv-post-meta cv-meta-icon-show\">\r\n                        <span class=\"cv-post-tags-wrap cv-post-meta-item\"><span class=\"cv-post-tag\"><a href=\"https:\/\/studiodrzwi.com\/en\/tag\/oscieznica\/\">o\u015bcie\u017cnica<\/a><\/span><span class=\"cv-post-tag\"><a href=\"https:\/\/studiodrzwi.com\/en\/tag\/oscieznice\/\">O\u015bcie\u017cnice<\/a><\/span><span class=\"cv-post-tag\"><a href=\"https:\/\/studiodrzwi.com\/en\/tag\/porady-praktyczne\/\">Porady praktyczne<\/a><\/span><\/span>                    <\/div>\r\n                <div class=\"cv-post-content\" itemprop=\"description\">Rozr\u00f3\u017cniamy dwa warianty \u0142\u0105czenia o\u015bcie\u017cnicy: Wybierz rodzaj \u0142\u0105czenia przy zakupie, pami\u0119taj jednak ,\u017ce w przypadku wyboru o\u015bcie\u017cnic z odwr\u00f3con\u0105 przylg\u0105 mo\u017cesz wybra\u0107 tylko&hellip;<\/div><div class=\"cv-read-more\"><a href=\"https:\/\/studiodrzwi.com\/en\/kat-laczenia-w-oscieznicy-regulowanej\/\">Czytaj dalej&#8230;<i class=\"fas fa-arrow-right\"><\/i><\/a><\/div>                <\/article>\r\n                        <article post-id=\"post-27148\" class=\"cv-post post-format--standard cv-icon\" itemscope itemtype=\"http:\/\/schema.org\/articleBody\">\r\n                                        <div class=\"cv-post-thumb\">\r\n                        <a href=\"https:\/\/studiodrzwi.com\/en\/drzwi-w-kolorze-bialym\/\"><img decoding=\"async\" src=\"https:\/\/studiodrzwi.com\/wp-content\/uploads\/2024\/10\/BLOG_IMAGE_1.webp\" alt=\"Drzwi w kolorze bia\u0142ym\"\/><\/a>\r\n                    <\/div>\r\n                    <h2 class=\"cv-post-title\">\r\n                        <a href=\"https:\/\/studiodrzwi.com\/en\/drzwi-w-kolorze-bialym\/\" target=\"_self\">\r\n                            Drzwi w kolorze bia\u0142ym                        <\/a>\r\n                    <\/h2>\r\n                    <div class=\"cv-post-meta cv-meta-icon-show\">\r\n                                            <\/div>\r\n                <div class=\"cv-post-content\" itemprop=\"description\">Bia\u0142e drzwi staj\u0105 si\u0119 coraz bardziej popularne w aran\u017cacjach wn\u0119trz. Ich neutralny kolor pasuje do r\u00f3\u017cnych styl\u00f3w, od nowoczesnych po klasyczne. Bia\u0142e drzwi&hellip;<\/div><div class=\"cv-read-more\"><a href=\"https:\/\/studiodrzwi.com\/en\/drzwi-w-kolorze-bialym\/\">Czytaj dalej&#8230;<i class=\"fas fa-arrow-right\"><\/i><\/a><\/div>                <\/article>\r\n                        <article post-id=\"post-27140\" class=\"cv-post post-format--standard cv-icon\" itemscope itemtype=\"http:\/\/schema.org\/articleBody\">\r\n                                        <div class=\"cv-post-thumb\">\r\n                        <a href=\"https:\/\/studiodrzwi.com\/en\/jaki-otwor-pod-montaz-drzwi-bedzie-odpowiedni\/\"><img decoding=\"async\" src=\"https:\/\/studiodrzwi.com\/wp-content\/uploads\/2024\/10\/BLOG_IMAGE_7.webp\" alt=\"Jaki otw\u00f3r pod monta\u017c drzwi b\u0119dzie odpowiedni?\"\/><\/a>\r\n                    <\/div>\r\n                    <h2 class=\"cv-post-title\">\r\n                        <a href=\"https:\/\/studiodrzwi.com\/en\/jaki-otwor-pod-montaz-drzwi-bedzie-odpowiedni\/\" target=\"_self\">\r\n                            Jaki otw\u00f3r pod monta\u017c drzwi b\u0119dzie odpowiedni?                        <\/a>\r\n                    <\/h2>\r\n                    <div class=\"cv-post-meta cv-meta-icon-show\">\r\n                                            <\/div>\r\n                <div class=\"cv-post-content\" itemprop=\"description\">Zasady dotycz\u0105ce wymiar\u00f3w otwor\u00f3w monta\u017cowych pod drzwi:<\/div><div class=\"cv-read-more\"><a href=\"https:\/\/studiodrzwi.com\/en\/jaki-otwor-pod-montaz-drzwi-bedzie-odpowiedni\/\">Czytaj dalej&#8230;<i class=\"fas fa-arrow-right\"><\/i><\/a><\/div>                <\/article>\r\n                        <article post-id=\"post-27131\" class=\"cv-post post-format--standard cv-icon\" itemscope itemtype=\"http:\/\/schema.org\/articleBody\">\r\n                                        <div class=\"cv-post-thumb\">\r\n                        <a href=\"https:\/\/studiodrzwi.com\/en\/jak-odroznic-drzwi-prawe-od-lewych\/\"><img decoding=\"async\" src=\"https:\/\/studiodrzwi.com\/wp-content\/uploads\/2024\/10\/BLOG_IMAGE_8.webp\" alt=\"Jak odr\u00f3\u017cni\u0107 drzwi prawe od lewych?\"\/><\/a>\r\n                    <\/div>\r\n                    <h2 class=\"cv-post-title\">\r\n                        <a href=\"https:\/\/studiodrzwi.com\/en\/jak-odroznic-drzwi-prawe-od-lewych\/\" target=\"_self\">\r\n                            Jak odr\u00f3\u017cni\u0107 drzwi prawe od lewych?                        <\/a>\r\n                    <\/h2>\r\n                    <div class=\"cv-post-meta cv-meta-icon-show\">\r\n                                            <\/div>\r\n                <div class=\"cv-post-content\" itemprop=\"description\">Aby odr\u00f3\u017cni\u0107 drzwi prawe od lewych, post\u0119puj wed\u0142ug tych krok\u00f3w:<\/div><div class=\"cv-read-more\"><a href=\"https:\/\/studiodrzwi.com\/en\/jak-odroznic-drzwi-prawe-od-lewych\/\">Czytaj dalej&#8230;<i class=\"fas fa-arrow-right\"><\/i><\/a><\/div>                <\/article>\r\n                        <article post-id=\"post-27105\" class=\"cv-post post-format--standard cv-icon\" itemscope itemtype=\"http:\/\/schema.org\/articleBody\">\r\n                                        <div class=\"cv-post-thumb\">\r\n                        <a href=\"https:\/\/studiodrzwi.com\/en\/drzwi-ukryte-jakie-daja-mozliwosci\/\"><img decoding=\"async\" src=\"https:\/\/studiodrzwi.com\/wp-content\/uploads\/2024\/10\/BLOG_IMAGE_9.webp\" alt=\"Drzwi ukryte &#8211; jakie daj\u0105 mo\u017cliwo\u015bci\"\/><\/a>\r\n                    <\/div>\r\n                    <h2 class=\"cv-post-title\">\r\n                        <a href=\"https:\/\/studiodrzwi.com\/en\/drzwi-ukryte-jakie-daja-mozliwosci\/\" target=\"_self\">\r\n                            Drzwi ukryte &#8211; jakie daj\u0105 mo\u017cliwo\u015bci                        <\/a>\r\n                    <\/h2>\r\n                    <div class=\"cv-post-meta cv-meta-icon-show\">\r\n                                            <\/div>\r\n                <div class=\"cv-post-content\" itemprop=\"description\">Oto kilka powod\u00f3w, dla kt\u00f3rych warto rozwa\u017cy\u0107 wyb\u00f3r drzwi ukrytych: Podsumowuj\u0105c, drzwi ukryte to \u015bwietny wyb\u00f3r dla os\u00f3b, kt\u00f3re ceni\u0105 sobie nowoczesny design,&hellip;<\/div><div class=\"cv-read-more\"><a href=\"https:\/\/studiodrzwi.com\/en\/drzwi-ukryte-jakie-daja-mozliwosci\/\">Czytaj dalej&#8230;<i class=\"fas fa-arrow-right\"><\/i><\/a><\/div>                <\/article>\r\n                        <article post-id=\"post-22310\" class=\"cv-post post-format--standard cv-icon\" itemscope itemtype=\"http:\/\/schema.org\/articleBody\">\r\n                                        <div class=\"cv-post-thumb\">\r\n                        <a href=\"https:\/\/studiodrzwi.com\/en\/oscieznice-drzwiowe-co-to-jest-i-jakie-sa-ich-rodzaje\/\"><img decoding=\"async\" src=\"https:\/\/studiodrzwi.com\/wp-content\/uploads\/2023\/12\/BLOG_IMAGE_4.webp\" alt=\"O\u015bcie\u017cnice drzwiowe &#8211; co to i jakie s\u0105 ich rodzaje?\"\/><\/a>\r\n                    <\/div>\r\n                    <h2 class=\"cv-post-title\">\r\n                        <a href=\"https:\/\/studiodrzwi.com\/en\/oscieznice-drzwiowe-co-to-jest-i-jakie-sa-ich-rodzaje\/\" target=\"_self\">\r\n                            O\u015bcie\u017cnice drzwiowe &#8211; co to i jakie s\u0105 ich rodzaje?                        <\/a>\r\n                    <\/h2>\r\n                    <div class=\"cv-post-meta cv-meta-icon-show\">\r\n                        <span class=\"cv-post-tags-wrap cv-post-meta-item\"><span class=\"cv-post-tag\"><a href=\"https:\/\/studiodrzwi.com\/en\/tag\/oscieznice\/\">O\u015bcie\u017cnice<\/a><\/span><span class=\"cv-post-tag\"><a href=\"https:\/\/studiodrzwi.com\/en\/tag\/porady-praktyczne\/\">Porady praktyczne<\/a><\/span><\/span>                    <\/div>\r\n                <div class=\"cv-post-content\" itemprop=\"description\">O\u015bcie\u017cnica drzwiowa to element, kt\u00f3ry \u0142\u0105czy skrzyd\u0142o drzwiowe ze \u015bcian\u0105.\u00a0Jest to nieruchoma rama, kt\u00f3ra okala skrzyd\u0142o z trzech stron i na kt\u00f3rej montowane&hellip;<\/div><div class=\"cv-read-more\"><a href=\"https:\/\/studiodrzwi.com\/en\/oscieznice-drzwiowe-co-to-jest-i-jakie-sa-ich-rodzaje\/\">Czytaj dalej&#8230;<i class=\"fas fa-arrow-right\"><\/i><\/a><\/div>                <\/article>\r\n                        <article post-id=\"post-22267\" class=\"cv-post post-format--standard cv-icon\" itemscope itemtype=\"http:\/\/schema.org\/articleBody\">\r\n                                        <div class=\"cv-post-thumb\">\r\n                        <a href=\"https:\/\/studiodrzwi.com\/en\/latwy-dobor-drzwi-slownik\/\"><img decoding=\"async\" src=\"https:\/\/studiodrzwi.com\/wp-content\/uploads\/2023\/12\/BLOG_IMAGE_10.webp\" alt=\"\u0141atwy dob\u00f3r drzwi &#8211; s\u0142ownik\"\/><\/a>\r\n                    <\/div>\r\n                    <h2 class=\"cv-post-title\">\r\n                        <a href=\"https:\/\/studiodrzwi.com\/en\/latwy-dobor-drzwi-slownik\/\" target=\"_self\">\r\n                            \u0141atwy dob\u00f3r drzwi &#8211; s\u0142ownik                        <\/a>\r\n                    <\/h2>\r\n                    <div class=\"cv-post-meta cv-meta-icon-show\">\r\n                                            <\/div>\r\n                <div class=\"cv-post-content\" itemprop=\"description\">Na kt\u00f3rym etapie prac wybra\u0107 skrzyd\u0142o drzwiowe do domu lub mieszkania? Najlepiej jest to zrobi\u0107 w trakcie opracowywania planu przestrzennego i funkcjonalnego uk\u0142adu&hellip;<\/div><div class=\"cv-read-more\"><a href=\"https:\/\/studiodrzwi.com\/en\/latwy-dobor-drzwi-slownik\/\">Czytaj dalej&#8230;<i class=\"fas fa-arrow-right\"><\/i><\/a><\/div>                <\/article>\r\n                        <article post-id=\"post-22264\" class=\"cv-post post-format--standard cv-icon\" itemscope itemtype=\"http:\/\/schema.org\/articleBody\">\r\n                                        <div class=\"cv-post-thumb\">\r\n                        <a href=\"https:\/\/studiodrzwi.com\/en\/jak-skutecznie-przygotowac-sie-do-remontu-mieszkania\/\"><img decoding=\"async\" src=\"https:\/\/studiodrzwi.com\/wp-content\/uploads\/2023\/12\/BLOG_IMAGE_6.webp\" alt=\"Jak skutecznie przygotowa\u0107 si\u0119 do remontu mieszkania?\"\/><\/a>\r\n                    <\/div>\r\n                    <h2 class=\"cv-post-title\">\r\n                        <a href=\"https:\/\/studiodrzwi.com\/en\/jak-skutecznie-przygotowac-sie-do-remontu-mieszkania\/\" target=\"_self\">\r\n                            Jak skutecznie przygotowa\u0107 si\u0119 do remontu mieszkania?                        <\/a>\r\n                    <\/h2>\r\n                    <div class=\"cv-post-meta cv-meta-icon-show\">\r\n                                            <\/div>\r\n                <div class=\"cv-post-content\" itemprop=\"description\">Remont mieszkania to ekscytuj\u0105ce wyzwanie, ale dobrze zaplanowany proces mo\u017ce u\u0142atwi\u0107 i przyspieszy\u0107 ca\u0142\u0105 operacj\u0119. Przed rozpocz\u0119ciem prac warto skupi\u0107 si\u0119 na przygotowaniu,&hellip;<\/div><div class=\"cv-read-more\"><a href=\"https:\/\/studiodrzwi.com\/en\/jak-skutecznie-przygotowac-sie-do-remontu-mieszkania\/\">Czytaj dalej&#8230;<i class=\"fas fa-arrow-right\"><\/i><\/a><\/div>                <\/article>\r\n                        <article post-id=\"post-22257\" class=\"cv-post post-format--standard cv-icon\" itemscope itemtype=\"http:\/\/schema.org\/articleBody\">\r\n                                        <div class=\"cv-post-thumb\">\r\n                        <a href=\"https:\/\/studiodrzwi.com\/en\/wspolpraca-z-architektem-o-czym-powinnismy-pamietac\/\"><img decoding=\"async\" src=\"https:\/\/studiodrzwi.com\/wp-content\/uploads\/2023\/12\/BLOG_IMAGE_5.webp\" alt=\"Wsp\u00f3\u0142praca z architektem &#8211; o czym powinni\u015bmy pami\u0119ta\u0107?\"\/><\/a>\r\n                    <\/div>\r\n                    <h2 class=\"cv-post-title\">\r\n                        <a href=\"https:\/\/studiodrzwi.com\/en\/wspolpraca-z-architektem-o-czym-powinnismy-pamietac\/\" target=\"_self\">\r\n                            Wsp\u00f3\u0142praca z architektem &#8211; o czym powinni\u015bmy pami\u0119ta\u0107?                        <\/a>\r\n                    <\/h2>\r\n                    <div class=\"cv-post-meta cv-meta-icon-show\">\r\n                                            <\/div>\r\n                <div class=\"cv-post-content\" itemprop=\"description\">Wsp\u00f3\u0142praca z projektantem wn\u0119trz mo\u017ce by\u0107 satysfakcjonuj\u0105cym i przyjemnym do\u015bwiadczeniem, ale wymaga r\u00f3wnie\u017c pewnego przygotowania i komunikacji z obu stron. Oto kilka wskaz\u00f3wek,&hellip;<\/div><div class=\"cv-read-more\"><a href=\"https:\/\/studiodrzwi.com\/en\/wspolpraca-z-architektem-o-czym-powinnismy-pamietac\/\">Czytaj dalej&#8230;<i class=\"fas fa-arrow-right\"><\/i><\/a><\/div>                <\/article>\r\n                        <article post-id=\"post-562\" class=\"cv-post post-format--chat cv-icon\" itemscope itemtype=\"http:\/\/schema.org\/articleBody\">\r\n                                        <div class=\"cv-post-thumb\">\r\n                        <a href=\"https:\/\/studiodrzwi.com\/en\/czym-jest-oscieznica\/\"><img decoding=\"async\" src=\"https:\/\/studiodrzwi.com\/wp-content\/uploads\/2023\/11\/BLOG_IMAGE_2.webp\" alt=\"Czym jest o\u015bcie\u017cnica i jak j\u0105 dobra\u0107?\"\/><\/a>\r\n                    <\/div>\r\n                    <h2 class=\"cv-post-title\">\r\n                        <a href=\"https:\/\/studiodrzwi.com\/en\/czym-jest-oscieznica\/\" target=\"_self\">\r\n                            Czym jest o\u015bcie\u017cnica i jak j\u0105 dobra\u0107?                        <\/a>\r\n                    <\/h2>\r\n                    <div class=\"cv-post-meta cv-meta-icon-show\">\r\n                        <span class=\"cv-post-tags-wrap cv-post-meta-item\"><span class=\"cv-post-tag\"><a href=\"https:\/\/studiodrzwi.com\/en\/tag\/oscieznica\/\">o\u015bcie\u017cnica<\/a><\/span><span class=\"cv-post-tag\"><a href=\"https:\/\/studiodrzwi.com\/en\/tag\/porady-praktyczne\/\">Porady praktyczne<\/a><\/span><\/span>                    <\/div>\r\n                <div class=\"cv-post-content\" itemprop=\"description\">O\u015bcie\u017cnica to nieod\u0142\u0105czny element drzwi, kt\u00f3ry nie tylko zapewnia stabilno\u015b\u0107 skrzyd\u0142a drzwiowego, ale r\u00f3wnie\u017c dodaje estetyki. Jest to rodzaj ramy, kt\u00f3ra jest umieszczana&hellip;<\/div><div class=\"cv-read-more\"><a href=\"https:\/\/studiodrzwi.com\/en\/czym-jest-oscieznica\/\">Czytaj dalej&#8230;<i class=\"fas fa-arrow-right\"><\/i><\/a><\/div>                <\/article>\r\n            <\/div><\/div>","protected":false},"excerpt":{"rendered":"","protected":false},"author":1,"featured_media":0,"parent":0,"menu_order":0,"comment_status":"closed","ping_status":"closed","template":"","meta":{"footnotes":""},"class_list":["post-703","page","type-page","status-publish","hentry"],"blog_post_layout_featured_media_urls":{"thumbnail":"","full":""},"categories_names":null,"comments_number":"0","_links":{"self":[{"href":"https:\/\/studiodrzwi.com\/en\/wp-json\/wp\/v2\/pages\/703","targetHints":{"allow":["GET"]}}],"collection":[{"href":"https:\/\/studiodrzwi.com\/en\/wp-json\/wp\/v2\/pages"}],"about":[{"href":"https:\/\/studiodrzwi.com\/en\/wp-json\/wp\/v2\/types\/page"}],"author":[{"embeddable":true,"href":"https:\/\/studiodrzwi.com\/en\/wp-json\/wp\/v2\/users\/1"}],"replies":[{"embeddable":true,"href":"https:\/\/studiodrzwi.com\/en\/wp-json\/wp\/v2\/comments?post=703"}],"version-history":[{"count":0,"href":"https:\/\/studiodrzwi.com\/en\/wp-json\/wp\/v2\/pages\/703\/revisions"}],"wp:attachment":[{"href":"https:\/\/studiodrzwi.com\/en\/wp-json\/wp\/v2\/media?parent=703"}],"curies":[{"name":"wp","href":"https:\/\/api.w.org\/{rel}","templated":true}]}}