{"id":27195,"date":"2024-10-22T20:22:33","date_gmt":"2024-10-22T18:22:33","guid":{"rendered":"https:\/\/studiodrzwi.com\/?page_id=27195"},"modified":"2025-08-25T23:38:32","modified_gmt":"2025-08-25T21:38:32","slug":"gwarancja-satysfakcji","status":"publish","type":"page","link":"https:\/\/studiodrzwi.com\/en\/gwarancja-satysfakcji\/","title":{"rendered":"Gwarancja satysfakcji z zakup\u00f3w w Studio Drzwi"},"content":{"rendered":"<div class=\"at-block at-block-017b70db-09f2-4d41-bff1-2f2cb37ec5b0 at-block-heading wp-block-athemes-blocks-heading\"><style>.at-block-017b70db-09f2-4d41-bff1-2f2cb37ec5b0 h1 { line-height: 1em } .at-block-017b70db-09f2-4d41-bff1-2f2cb37ec5b0 h2 { line-height: 1em } .at-block-017b70db-09f2-4d41-bff1-2f2cb37ec5b0 h3 { line-height: 1em } .at-block-017b70db-09f2-4d41-bff1-2f2cb37ec5b0 h4 { line-height: 1em } .at-block-017b70db-09f2-4d41-bff1-2f2cb37ec5b0 h5 { line-height: 1em } .at-block-017b70db-09f2-4d41-bff1-2f2cb37ec5b0 h6 { line-height: 1em } .at-block-017b70db-09f2-4d41-bff1-2f2cb37ec5b0 p { line-height: 1em } .at-block-017b70db-09f2-4d41-bff1-2f2cb37ec5b0 span { line-height: 1em } .at-block-017b70db-09f2-4d41-bff1-2f2cb37ec5b0 div { line-height: 1em } @media (max-width: 1024px) { .at-block-017b70db-09f2-4d41-bff1-2f2cb37ec5b0 h1 { line-height: 1em  } .at-block-017b70db-09f2-4d41-bff1-2f2cb37ec5b0 h2 { line-height: 1em  } .at-block-017b70db-09f2-4d41-bff1-2f2cb37ec5b0 h3 { line-height: 1em  } .at-block-017b70db-09f2-4d41-bff1-2f2cb37ec5b0 h4 { line-height: 1em  } .at-block-017b70db-09f2-4d41-bff1-2f2cb37ec5b0 h5 { line-height: 1em  } .at-block-017b70db-09f2-4d41-bff1-2f2cb37ec5b0 h6 { line-height: 1em  } .at-block-017b70db-09f2-4d41-bff1-2f2cb37ec5b0 p { line-height: 1em  } .at-block-017b70db-09f2-4d41-bff1-2f2cb37ec5b0 span { line-height: 1em  } .at-block-017b70db-09f2-4d41-bff1-2f2cb37ec5b0 div { line-height: 1em  }  } @media (max-width: 767px) { .at-block-017b70db-09f2-4d41-bff1-2f2cb37ec5b0 h1 { line-height: 1em  } .at-block-017b70db-09f2-4d41-bff1-2f2cb37ec5b0 h2 { line-height: 1em  } .at-block-017b70db-09f2-4d41-bff1-2f2cb37ec5b0 h3 { line-height: 1em  } .at-block-017b70db-09f2-4d41-bff1-2f2cb37ec5b0 h4 { line-height: 1em  } .at-block-017b70db-09f2-4d41-bff1-2f2cb37ec5b0 h5 { line-height: 1em  } .at-block-017b70db-09f2-4d41-bff1-2f2cb37ec5b0 h6 { line-height: 1em  } .at-block-017b70db-09f2-4d41-bff1-2f2cb37ec5b0 p { line-height: 1em  } .at-block-017b70db-09f2-4d41-bff1-2f2cb37ec5b0 span { line-height: 1em  } .at-block-017b70db-09f2-4d41-bff1-2f2cb37ec5b0 div { line-height: 1em  }  } .at-block-017b70db-09f2-4d41-bff1-2f2cb37ec5b0 { text-align: center;z-index: 0; position: relative;  } @media (max-width: 1024px) { .at-block-017b70db-09f2-4d41-bff1-2f2cb37ec5b0 { text-align: left  }  } @media (max-width: 767px) { .at-block-017b70db-09f2-4d41-bff1-2f2cb37ec5b0 { text-align: center  }  } <\/style><h2>Dlaczego warto nam zaufa\u0107?<\/h2><\/div>\n\n<div class=\"wp-block-image is-style-rounded\">\n<figure class=\"aligncenter size-large is-resized\" style=\"margin-top:var(--wp--preset--spacing--50);margin-bottom:var(--wp--preset--spacing--50)\"><img fetchpriority=\"high\" decoding=\"async\" width=\"1024\" height=\"683\" src=\"https:\/\/staging.studiodrzwi.com\/wp-content\/uploads\/2024\/10\/AdobeStock_257096859-1024x683.jpeg\" alt=\"wizualizacja drzwi wewn\u0119trzne kolor szary\" class=\"wp-image-27126\" style=\"width:500px\" srcset=\"https:\/\/studiodrzwi.com\/wp-content\/uploads\/2024\/10\/AdobeStock_257096859-1024x683.jpeg 1024w, https:\/\/studiodrzwi.com\/wp-content\/uploads\/2024\/10\/AdobeStock_257096859-scaled-205x137.jpeg 205w, https:\/\/studiodrzwi.com\/wp-content\/uploads\/2024\/10\/AdobeStock_257096859-300x200.jpeg 300w, https:\/\/studiodrzwi.com\/wp-content\/uploads\/2024\/10\/AdobeStock_257096859-768x512.jpeg 768w, https:\/\/studiodrzwi.com\/wp-content\/uploads\/2024\/10\/AdobeStock_257096859-1536x1024.jpeg 1536w, https:\/\/studiodrzwi.com\/wp-content\/uploads\/2024\/10\/AdobeStock_257096859-2048x1365.jpeg 2048w, https:\/\/studiodrzwi.com\/wp-content\/uploads\/2024\/10\/AdobeStock_257096859-930x620.jpeg 930w\" sizes=\"(max-width: 1024px) 100vw, 1024px\" \/><\/figure>\n<\/div>\n\n\n<div id=\"athemes-blocks-block-c0793670\" class=\"wp-block-athemes-athemes-blocks-block-container athemes-blocks-block athemes-blocks-block-c0793670 athemes-blocks-block-container alignfull\"><div class=\"athemes-blocks-block-container-wrapper athemes-blocks-block-container-bg-cover athemes-blocks-block-container-bg-effect-scroll\"><div class=\"athemes-blocks-block-container-wrapper-content\"><div class=\"at-block at-block-5e27159f-9272-4797-8c18-0dbc3b0b84f9 at-block-icon at-block-icon--has-icon atb-has-font-size wp-block-athemes-blocks-icon\"><style>.at-block-5e27159f-9272-4797-8c18-0dbc3b0b84f9 { justify-content: center;font-size: 60px;z-index: 0; position: relative;  } .at-block-5e27159f-9272-4797-8c18-0dbc3b0b84f9 .at-block-icon__icon svg { fill: #4BA592  } .at-block-5e27159f-9272-4797-8c18-0dbc3b0b84f9 .at-block-icon__icon { transform: rotate(0deg);  } <\/style><div class=\"at-block-icon__icon\"><svg xmlns=\"http:\/\/www.w3.org\/2000\/svg\" width=\"24\" height=\"24\" viewbox=\"0 0 24 24\"><path d=\"M12 2C6.486 2 2 6.486 2 12s4.486 10 10 10 10-4.486 10-10S17.514 2 12 2zm0 18c-4.411 0-8-3.589-8-8s3.589-8 8-8 8 3.589 8 8-3.589 8-8 8z\" \/><path d=\"M14.829 14.828a4.055 4.055 0 0 1-1.272.858 4.002 4.002 0 0 1-4.875-1.45l-1.658 1.119a6.063 6.063 0 0 0 1.621 1.62 5.963 5.963 0 0 0 2.148.903 6.042 6.042 0 0 0 2.415 0 5.972 5.972 0 0 0 2.148-.903c.313-.212.612-.458.886-.731.272-.271.52-.571.734-.889l-1.658-1.119a4.017 4.017 0 0 1-.489.592z\" \/><circle cx=\"8.5\" cy=\"10.5\" r=\"1.5\" \/><circle cx=\"15.493\" cy=\"10.493\" r=\"1.493\" \/><\/svg><\/div><\/div>\n\n\n<h3 class=\"wp-block-heading has-text-align-center\">Obs\u0142uga klienta<\/h3>\n\n\n\n<p class=\"has-text-align-center has-larger-font-size\">Doradzamy przy doborze i zakupie drzwi.<\/p>\n<\/div><\/div><\/div>\n\n\n\n<div style=\"height:20px\" aria-hidden=\"true\" class=\"wp-block-spacer\"><\/div>\n\n\n\n<div id=\"athemes-blocks-block-3edd1f95\" class=\"wp-block-athemes-athemes-blocks-block-container athemes-blocks-block athemes-blocks-block-3edd1f95 athemes-blocks-block-container alignfull\"><div class=\"athemes-blocks-block-container-wrapper athemes-blocks-block-container-bg-cover athemes-blocks-block-container-bg-effect-scroll\"><div class=\"athemes-blocks-block-container-wrapper-content\"><div class=\"at-block at-block-42efa530-72b4-40b5-860c-16e47c13ee54 at-block-icon at-block-icon--has-icon atb-has-font-size wp-block-athemes-blocks-icon\"><style>.at-block-42efa530-72b4-40b5-860c-16e47c13ee54 { justify-content: center;font-size: 60px;z-index: 0; position: relative;  } .at-block-42efa530-72b4-40b5-860c-16e47c13ee54 .at-block-icon__icon svg { fill: #4BA592  } .at-block-42efa530-72b4-40b5-860c-16e47c13ee54 .at-block-icon__icon { transform: rotate(0deg);  } <\/style><div class=\"at-block-icon__icon\"><svg xmlns=\"http:\/\/www.w3.org\/2000\/svg\" width=\"24\" height=\"24\" viewbox=\"0 0 24 24\"><path d=\"m21.224 15.543-.813-1.464-1.748.972.812 1.461c.048.085.082.173.104.264a1.024 1.024 0 0 1-.014.5.988.988 0 0 1-.104.235 1 1 0 0 1-.347.352.978.978 0 0 1-.513.137H14v-2l-4 3 4 3v-2h4.601c.278 0 .552-.037.811-.109a2.948 2.948 0 0 0 1.319-.776c.178-.179.332-.38.456-.593a2.992 2.992 0 0 0 .336-2.215 3.163 3.163 0 0 0-.299-.764zM5.862 11.039l-2.31 4.62a3.06 3.06 0 0 0-.261.755 2.997 2.997 0 0 0 .851 2.735c.178.174.376.326.595.453A3.022 3.022 0 0 0 6.236 20H8v-2H6.236a1.016 1.016 0 0 1-.5-.13.974.974 0 0 1-.353-.349 1 1 0 0 1-.149-.468.933.933 0 0 1 .018-.245c.018-.087.048-.173.089-.256l2.256-4.512 1.599.923L8.598 8 4 9.964l1.862 1.075zm12.736 1.925L19.196 8l-1.638.945-2.843-5.117a2.95 2.95 0 0 0-1.913-1.459 3.227 3.227 0 0 0-.772-.083 3.003 3.003 0 0 0-1.498.433A2.967 2.967 0 0 0 9.41 3.944l-.732 1.464 1.789.895.732-1.465c.045-.09.101-.171.166-.242a.933.933 0 0 1 .443-.27 1.053 1.053 0 0 1 .53-.011.963.963 0 0 1 .63.485l2.858 5.146L14 11l4.598 1.964z\" \/><\/svg><\/div><\/div>\n\n\n<h3 class=\"wp-block-heading has-text-align-center\">Wymiana<\/h3>\n\n\n\n<p class=\"has-text-align-center has-larger-font-size\">Je\u015bli oka\u017ce, si\u0119, \u017ce z jakiego\u015b powodu drzwi nie odpowiadaj\u0105 Ci oferujemy wymian\u0119 na inne.<\/p>\n<\/div><\/div><\/div>\n\n\n\n<div style=\"height:20px\" aria-hidden=\"true\" class=\"wp-block-spacer\"><\/div>\n\n\n\n<div id=\"athemes-blocks-block-a0dcdc75\" class=\"wp-block-athemes-athemes-blocks-block-container athemes-blocks-block athemes-blocks-block-a0dcdc75 athemes-blocks-block-container alignfull\"><div class=\"athemes-blocks-block-container-wrapper athemes-blocks-block-container-bg-cover athemes-blocks-block-container-bg-effect-scroll\"><div class=\"athemes-blocks-block-container-wrapper-content\"><div class=\"at-block at-block-ac6b1a7f-dcf2-4f6c-b69c-2ea82eaba7bd at-block-icon at-block-icon--has-icon atb-has-font-size wp-block-athemes-blocks-icon\"><style>.at-block-ac6b1a7f-dcf2-4f6c-b69c-2ea82eaba7bd { justify-content: center;font-size: 60px;z-index: 0; position: relative;  } .at-block-ac6b1a7f-dcf2-4f6c-b69c-2ea82eaba7bd .at-block-icon__icon svg { fill: #4BA592  } .at-block-ac6b1a7f-dcf2-4f6c-b69c-2ea82eaba7bd .at-block-icon__icon { transform: rotate(0deg);  } <\/style><div class=\"at-block-icon__icon\"><svg xmlns=\"http:\/\/www.w3.org\/2000\/svg\" width=\"24\" height=\"24\" viewbox=\"0 0 24 24\"><path d=\"M19.15 8a2 2 0 0 0-1.72-1H15V5a1 1 0 0 0-1-1H4a2 2 0 0 0-2 2v10a2 2 0 0 0 1 1.73 3.49 3.49 0 0 0 7 .27h3.1a3.48 3.48 0 0 0 6.9 0 2 2 0 0 0 2-2v-3a1.07 1.07 0 0 0-.14-.52zM15 9h2.43l1.8 3H15zM6.5 19A1.5 1.5 0 1 1 8 17.5 1.5 1.5 0 0 1 6.5 19zm10 0a1.5 1.5 0 1 1 1.5-1.5 1.5 1.5 0 0 1-1.5 1.5z\" \/><\/svg><\/div><\/div>\n\n\n<h3 class=\"wp-block-heading has-text-align-center\">Dostawa<\/h3>\n\n\n\n<p class=\"has-text-align-center has-larger-font-size\">Dostarczamy w\u0142asnym transportem.<\/p>\n<\/div><\/div><\/div>\n\n\n\n<div style=\"height:20px\" aria-hidden=\"true\" class=\"wp-block-spacer\"><\/div>\n\n\n\n<div id=\"athemes-blocks-block-27984dd9\" class=\"wp-block-athemes-athemes-blocks-block-container athemes-blocks-block athemes-blocks-block-27984dd9 athemes-blocks-block-container alignfull\"><div class=\"athemes-blocks-block-container-wrapper athemes-blocks-block-container-bg-cover athemes-blocks-block-container-bg-effect-scroll\"><div class=\"athemes-blocks-block-container-wrapper-content\"><div class=\"at-block at-block-f103775e-e192-4b47-9141-c973f95aa002 at-block-icon at-block-icon--has-icon atb-has-font-size wp-block-athemes-blocks-icon\"><style>.at-block-f103775e-e192-4b47-9141-c973f95aa002 { justify-content: center;font-size: 60px;z-index: 0; position: relative;  } .at-block-f103775e-e192-4b47-9141-c973f95aa002 .at-block-icon__icon svg { fill: #4BA592  } .at-block-f103775e-e192-4b47-9141-c973f95aa002 .at-block-icon__icon { transform: rotate(0deg);  } <\/style><div class=\"at-block-icon__icon\"><svg xmlns=\"http:\/\/www.w3.org\/2000\/svg\" width=\"24\" height=\"24\" viewbox=\"0 0 24 24\"><path d=\"m21.743 12.331-9-10c-.379-.422-1.107-.422-1.486 0l-9 10a.998.998 0 0 0-.17 1.076c.16.361.518.593.913.593h2v7a1 1 0 0 0 1 1h3a1 1 0 0 0 1-1v-4h4v4a1 1 0 0 0 1 1h3a1 1 0 0 0 1-1v-7h2a.998.998 0 0 0 .743-1.669z\" \/><\/svg><\/div><\/div>\n\n\n<h3 class=\"wp-block-heading has-text-align-center\">Zap\u0142a\u0107 przy odbiorze<\/h3>\n\n\n\n<p class=\"has-text-align-center has-larger-font-size\">Oferujemy p\u0142atno\u015b\u0107 w formie zaliczki 20% przy zam\u00f3wieniu i 80% przy odbiorze.<\/p>\n<\/div><\/div><\/div>\n\n\n\n<p><\/p>","protected":false},"excerpt":{"rendered":"","protected":false},"author":1,"featured_media":0,"parent":0,"menu_order":0,"comment_status":"closed","ping_status":"closed","template":"","meta":{"footnotes":""},"class_list":["post-27195","page","type-page","status-publish","hentry"],"blog_post_layout_featured_media_urls":{"thumbnail":"","full":""},"categories_names":null,"comments_number":"0","_links":{"self":[{"href":"https:\/\/studiodrzwi.com\/en\/wp-json\/wp\/v2\/pages\/27195","targetHints":{"allow":["GET"]}}],"collection":[{"href":"https:\/\/studiodrzwi.com\/en\/wp-json\/wp\/v2\/pages"}],"about":[{"href":"https:\/\/studiodrzwi.com\/en\/wp-json\/wp\/v2\/types\/page"}],"author":[{"embeddable":true,"href":"https:\/\/studiodrzwi.com\/en\/wp-json\/wp\/v2\/users\/1"}],"replies":[{"embeddable":true,"href":"https:\/\/studiodrzwi.com\/en\/wp-json\/wp\/v2\/comments?post=27195"}],"version-history":[{"count":1,"href":"https:\/\/studiodrzwi.com\/en\/wp-json\/wp\/v2\/pages\/27195\/revisions"}],"predecessor-version":[{"id":35329,"href":"https:\/\/studiodrzwi.com\/en\/wp-json\/wp\/v2\/pages\/27195\/revisions\/35329"}],"wp:attachment":[{"href":"https:\/\/studiodrzwi.com\/en\/wp-json\/wp\/v2\/media?parent=27195"}],"curies":[{"name":"wp","href":"https:\/\/api.w.org\/{rel}","templated":true}]}}