{"id":15,"date":"2023-11-14T13:01:21","date_gmt":"2023-11-14T12:01:21","guid":{"rendered":"https:\/\/demos.codezeel.com\/wordpress\/WCM06\/WCM060128\/?page_id=15"},"modified":"2025-09-26T20:10:12","modified_gmt":"2025-09-26T18:10:12","slug":"regulamin","status":"publish","type":"page","link":"https:\/\/studiodrzwi.com\/en\/regulamin\/","title":{"rendered":"Regulamin"},"content":{"rendered":"<div data-elementor-type=\"wp-page\" data-elementor-id=\"15\" class=\"elementor elementor-15\" data-elementor-post-type=\"page\">\n\t\t\t\t<div class=\"elementor-element elementor-element-d7cf703 e-flex e-con-boxed e-con e-parent\" data-id=\"d7cf703\" data-element_type=\"container\" data-e-type=\"container\">\n\t\t\t\t\t<div class=\"e-con-inner\">\n\t\t\t\t<div class=\"elementor-element elementor-element-292d7ff elementor-widget elementor-widget-heading\" data-id=\"292d7ff\" data-element_type=\"widget\" data-e-type=\"widget\" data-widget_type=\"heading.default\">\n\t\t\t\t\t<h2 class=\"elementor-heading-title elementor-size-default\">Regulamin SKLEPU INTERNETOWEGO STUDIO Drzwi (DORAN ANNA JURKOWSKA)<\/h2>\t\t\t\t<\/div>\n\t\t\t\t\t<\/div>\n\t\t\t\t<\/div>\n\t\t<div class=\"elementor-element elementor-element-52f2bee2 e-flex e-con-boxed e-con e-parent\" data-id=\"52f2bee2\" data-element_type=\"container\" data-e-type=\"container\">\n\t\t\t\t\t<div class=\"e-con-inner\">\n\t\t\t\t<div class=\"elementor-element elementor-element-1c1de938 elementor-widget elementor-widget-text-editor\" data-id=\"1c1de938\" data-element_type=\"widget\" data-e-type=\"widget\" data-widget_type=\"text-editor.default\">\n\t\t\t\t\t\t\t\t\t<p>Regulamin \u015bwiadczenia us\u0142ug drog\u0105 elektroniczn\u0105 przez DORAN ANNA JURKOWSKA<\/p>\n<p>Decyduj\u0105c si\u0119 na korzystanie z us\u0142ug DORAN ANNA JURKOWSKA za po\u015brednictwem strony internetowej <a href=\"https:\/\/studiodrzwi.com\/en\/\" target=\"_new\">www.studiodrzwi.com<\/a>, automatycznie akceptuj\u0105 Pa\u0144stwo warunki okre\u015blone w niniejszym Regulaminie. Je\u015bli nie wyra\u017caj\u0105 Pa\u0144stwo zgody na zawarte w nim warunki, prosimy o nie dokonywanie zamawiania us\u0142ug online.<\/p>\n<p>\u00a71 Informacje og\u00f3lne<\/p>\n<ol>\n<li>\n<p>Niniejszy Regulamin \u015bwiadczenia us\u0142ug drog\u0105 elektroniczn\u0105 (zwany dalej: Regulaminem) okre\u015bla zasady korzystania z us\u0142ug zamawianych online \u015bwiadczonych przez DORAN ANNA JURKOWSKA z siedzib\u0105 w Radomiu (26-600), ul. Klwatecka 30A\/1, zarejestrowan\u0105 w rejestrze przedsi\u0119biorc\u00f3w prowadzonym przez I Urz\u0105d Skarbowy w Radomiu, NIP: 7981440356 (zwan\u0105 dalej: DORAN Anna Jurkowska lub Us\u0142ugodawc\u0105).<\/p>\n<\/li>\n<li>\n<p>Regulamin dost\u0119pny jest za po\u015brednictwem strony internetowej <a href=\"https:\/\/studiodrzwi.com\/en\/\" target=\"_new\">www.studiodrzwi.com<\/a>.<\/p>\n<\/li>\n<li>\n<p>Niniejszy Regulamin jest regulaminem w znaczeniu art. 8 ustawy z dnia 18 lipca 2002 r. o \u015bwiadczeniu us\u0142ug drog\u0105 elektroniczn\u0105 (Dz. U. Nr 144, poz. 1204 z p\u00f3\u017an. zm.).<\/p>\n<\/li>\n<li>\n<p>Niniejszy Regulamin okre\u015bla: rodzaje i zakres us\u0142ug \u015bwiadczonych przez DORAN Anna Jurkowska drog\u0105 elektroniczn\u0105, warunki \u015bwiadczenia tych us\u0142ug, warunki zawierania um\u00f3w o \u015bwiadczenie us\u0142ug drog\u0105 elektroniczn\u0105 oraz tryb post\u0119powania reklamacyjnego.<\/p>\n<\/li>\n<\/ol>\n<p>\u00a72 Definicje<\/p>\n<ol>\n<li>\n<p>Us\u0142ugodawca: DORAN Anna Jurkowska<\/p>\n<\/li>\n<li>\n<p>Strona internetowa: serwis internetowy znajduj\u0105cy si\u0119 pod adresem <a href=\"https:\/\/studiodrzwi.com\/en\/\" target=\"_new\">www.studiodrzwi.com<\/a>, za pomoc\u0105 kt\u00f3rego Klient mo\u017ce zamawia\u0107 24 godziny na dob\u0119, 7 dni w tygodniu, us\u0142ugi \u015bwiadczone drog\u0105 elektroniczn\u0105 przez DORAN Anna Jurkowska.<\/p>\n<\/li>\n<li>\n<p>Klient &#8211; osoba fizyczna posiadaj\u0105ca pe\u0142n\u0105 zdolno\u015b\u0107 do czynno\u015bci prawnych, osoba prawna lub jednostka organizacyjna nie posiadaj\u0105ca osobowo\u015bci prawnej, kt\u00f3rej ustawa przyzna\u0142a zdolno\u015b\u0107 prawn\u0105, kt\u00f3ra u\u017cywa Strony internetowej w celu korzystania z us\u0142ug \u015bwiadczonych drog\u0105 elektroniczn\u0105 przez DORAN Anna Jurkowska.<\/p>\n<\/li>\n<li>\n<p>Us\u0142ugi &#8211; us\u0142ugi \u015bwiadczone przez DORAN Anna Jurkowska drog\u0105 elektroniczn\u0105, wskazane w \u00a73 niniejszego Regulaminu.<\/p>\n<\/li>\n<li>\n<p>Umowa &#8211; umowa zawierana online pomi\u0119dzy Klientem a DORAN Anna Jurkowska.<\/p>\n<\/li>\n<\/ol>\n<p>\u00a73 Us\u0142ugi<\/p>\n<ol>\n<li>\n<p>DORAN Anna Jurkowska \u015bwiadczy za pomoc\u0105 Strony internetowej Us\u0142ugi polegaj\u0105ce na sprzeda\u017cy online towar\u00f3w przez siebie oferowanych, w tym: drzwi, o\u015bcie\u017cnic, akcesori\u00f3w drzwiowych itp., oraz na \u017cyczenie Klienta dostarczeniu ich na terenie ca\u0142ej Polski (mo\u017cliwy jest tak\u017ce osobisty odbi\u00f3r towar\u00f3w w sklepie zlokalizowanym we Wsoli k\/Radomia 26-660 Jedli\u0144sk, ul. Warszawska 65, Radom ul Zegara S\u0142onecznego 1. DORAN Anna Jurkowska nie realizuje zam\u00f3wie\u0144 telefonicznych z numer\u00f3w podanych na stronie internetowej.<\/p>\n<\/li>\n<li>\n<p>Wszelkie informacje, dane i materia\u0142y udost\u0119pniane na Stronie internetowej (w tym m.in. nazwy, logotypy i cenniki) oraz wszelkie inne prawa w\u0142asno\u015bci intelektualnej nale\u017c\u0105 do DORAN Anna Jurkowska lub podmiot\u00f3w wsp\u00f3\u0142pracuj\u0105cych i s\u0105 chronione prawami autorskimi, prawami do znak\u00f3w towarowych, prawami do baz danych lub innymi prawami w\u0142asno\u015bci intelektualnej.<\/p>\n<\/li>\n<li>\n<p>Nie jest dopuszczalne wykorzystywanie zasob\u00f3w Strony internetowej jako podstawy do prowadzenia przez Klienta jakiejkolwiek dzia\u0142alno\u015bci gospodarczej, opartej o zawarte na Stronie internetowej informacje lub narz\u0119dzia.<\/p>\n<\/li>\n<\/ol>\n<p>\u00a74 Zawarcie i warunki Umowy<\/p>\n<ol>\n<li>\n<p>Klient mo\u017ce korzysta\u0107 z Us\u0142ug dost\u0119pnych przez Stron\u0119 internetow\u0105 z zastrze\u017ceniem spe\u0142nienia wymaga\u0144 technicznych, o kt\u00f3rych mowa w \u00a75 Regulaminu, oraz pod warunkiem akceptacji postanowie\u0144 niniejszego Regulaminu.<\/p>\n<\/li>\n<li>\n<p>Postanowienia niniejszego Regulaminu maj\u0105 charakter porozumienia pomi\u0119dzy DORAN Anna Jurkowska a Klientem oraz okre\u015blaj\u0105 podstawy prawne i warunki Umowy.<\/p>\n<\/li>\n<li>\n<p>Ka\u017cdy Klient zobowi\u0105zany jest, w chwili podj\u0119cia czynno\u015bci zmierzaj\u0105cych do zawarcia Umowy, do przestrzegania warunk\u00f3w niniejszego Regulaminu.<\/p>\n<\/li>\n<li>\n<p>Stronami Umowy s\u0105 Klient oraz DORAN Anna Jurkowska.<\/p>\n<\/li>\n<li>\n<p>Klient niniejszym potwierdza, \u017ce posiada pe\u0142n\u0105 zdolno\u015b\u0107 do czynno\u015bci prawnych i do zawierania prawnie wi\u0105\u017c\u0105cych zobowi\u0105za\u0144, akceptuj\u0105c warunki niniejszego Regulaminu, przyjmuje na siebie pe\u0142n\u0105 odpowiedzialno\u015b\u0107 finansow\u0105 za nale\u017cyte wykonanie Umowy. Zabrania si\u0119 Klientowi zawierania Umowy lub dokonywania jakichkolwiek p\u0142atno\u015bci z tytu\u0142u Umowy z u\u017cyciem fa\u0142szywego lub cudzego imienia lub nazwiska\/firmy, z wykorzystaniem fa\u0142szywej b\u0105d\u017a cudzej karty kredytowej lub cudzego konta bankowego, bez zgody w\u0142a\u015bciciela karty kredytowej lub konta bankowego lub w ka\u017cdy inny spos\u00f3b niezgodny z prawem.<\/p>\n<\/li>\n<li>\n<p>Klient zapewnia, \u017ce zawiera Umow\u0119 wy\u0142\u0105cznie w spos\u00f3b zgodny z obowi\u0105zuj\u0105cym prawem.<\/p>\n<\/li>\n<li>\n<p>Warunkami zawarcia Umowy s\u0105: prawid\u0142owy przebieg procesu zam\u00f3wienia towaru, w tym podania kompletnych danych, akceptacja warunk\u00f3w niniejszego Regulaminu i dokonanie op\u0142aty za zam\u00f3wiony towar. Ceny towar\u00f3w zawieraj\u0105 podatek VAT.<\/p>\n<\/li>\n<li>\n<p>Proces zam\u00f3wienia Us\u0142ugi wymaga podj\u0119cia nast\u0119puj\u0105cych krok\u00f3w:<\/p>\n<\/li>\n<\/ol>\n<p>a) wej\u015bcia przez Klienta na Stron\u0119 internetow\u0105;<\/p>\n<p>b) wyboru przez Klienta towaru;<\/p>\n<p>c) zaznaczenia pod wybranym towarem pola &#8222;Do koszyka&#8221;, co spowoduje przeniesienie oznaczonego towaru do &#8222;Koszyka&#8221;;<\/p>\n<p>d) po zako\u0144czeniu wyboru towar\u00f3w zaznaczenia pola &#8222;Zam\u00f3w&#8221; w &#8222;Koszyku&#8221;;<\/p>\n<p>e) podania danych kontaktowych Klienta, ewentualnie danych osoby\/firmy, kt\u00f3rej zam\u00f3wienie ma zosta\u0107 dostarczone;<\/p>\n<p>f) wyboru sposobu odbioru towaru: osobistego lub dostarczenia przez kuriera (wysy\u0142ki na terenie Polski);<\/p>\n<p>g) po wprowadzeniu danych, o kt\u00f3rych mowa powy\u017cej i zaznaczeniu pola &#8222;Przejd\u017a do p\u0142atno\u015bci&#8221; Klient dokonuje wyboru sposobu p\u0142atno\u015bci, potwierdza zam\u00f3wienie i zostaje przekierowany na stron\u0119 odpowiedni\u0105 do dokonania wybranego sposobu p\u0142atno\u015bci;<\/p>\n<p>P\u0142atno\u015bci online obs\u0142ugiwane przez Autopay (dawne BlueMedia):<\/p>\n<p><img fetchpriority=\"high\" decoding=\"async\" class=\"size-full wp-image-23186\" src=\"https:\/\/studiodrzwi.com\/wp-content\/uploads\/2024\/02\/Autopay-platnosci-online-300x203-B-bankpay.webp\" alt=\"Autopay p\u0142atno\u015bci online - obs\u0142ugiwane metody\" width=\"300\" height=\"203\" srcset=\"https:\/\/studiodrzwi.com\/wp-content\/uploads\/2024\/02\/Autopay-platnosci-online-300x203-B-bankpay.webp 300w, https:\/\/studiodrzwi.com\/wp-content\/uploads\/2024\/02\/Autopay-platnosci-online-300x203-B-bankpay-205x139.webp 205w\" sizes=\"(max-width: 300px) 100vw, 300px\" \/><\/p>\n<p>h) po prawid\u0142owym dokonaniu p\u0142atno\u015bci za zam\u00f3wiony towar, na podany przez Klienta adres e-mail przes\u0142ana zostanie wiadomo\u015b\u0107 z potwierdzeniem dokonania zam\u00f3wienia.<\/p>\n<p>W przypadku zam\u00f3wie\u0144 telefonicznych Us\u0142ugodawca poinformuje Klienta o czynno\u015bciach koniecznych do podj\u0119cia w celu zawarcia Umowy.<\/p>\n<ol start=\"9\">\n<li>\n<p>Moment zawarcia Umowy nast\u0119puje w chwili prawid\u0142owego dokonania przez Klienta op\u0142aty za Us\u0142ug\u0119, a dowodem zawarcia Umowy jest wydrukowana w formie papierowej wiadomo\u015b\u0107 przes\u0142ana na wskazany przez Klienta adres e-mail i dow\u00f3d dokonania op\u0142aty.<\/p>\n<\/li>\n<li>\n<p>Ostatnim etapem realizacji Us\u0142ugi jest dostarczenie zam\u00f3wionego towaru osobie wskazanej przez Klienta, ewentualnie osobisty odbi\u00f3r towaru.<\/p>\n<\/li>\n<li>\n<p>Na podstawie Umowy DORAN Anna Jurkowska jest zobowi\u0105zany do wydania lub dostarczenia zam\u00f3wionego towaru w terminie wskazanym przez Us\u0142ugodawc\u0119 w czasie zamawiania towaru. Czas realizacji od 3 do 50 dni w zale\u017cno\u015bci od wybranego produktu .Przy czym towar b\u0119dzie dost\u0119py\/dostarczony w zale\u017cno\u015bci od dost\u0119pno\u015bci towaru ,o terminie klient zostaje poinformowany droga elektroniczn\u0105 w chwili zawarcia Umowy, chyba \u017ce Strony postanowi\u0105 inaczej. W przypadku towar\u00f3w podlegaj\u0105cych wycenie indywidualnej, mo\u017cliwy termin odbioru\/dostarczenia towaru zostanie podany Klientowi wraz z wycen\u0105.<\/p>\n<\/li>\n<li>\n<p>Obs\u0142uga zam\u00f3wie\u0144 przez DORAN Anna Jurkowska nast\u0119puje od poniedzia\u0142ku do pi\u0105tku w godzinach 8.00-18.00 oraz w soboty w godzinach 10.00-16.00.<\/p>\n<\/li>\n<li>\n<p>Drzwi \u015br\u00f3dlokalowe i stalowe nie podlegaj\u0105 zwrotom i wymianie oraz s\u0105 p\u0142atne z g\u00f3ry (przelew).<\/p>\n<\/li>\n<li>\n<p>DORAN Anna Jurkowska zastrzega sobie zmian\u0119 koszt\u00f3w transportu, przy zam\u00f3wieniach gabarytowych oraz przy wysy\u0142kach zagranicznych. Przy wysy\u0142kach poza granice Polski obowi\u0105zuje aktualny cennik firm kurierskich.<\/p>\n<\/li>\n<\/ol>\n<p>\u00a75 Warunki techniczne korzystania z Us\u0142ug<\/p>\n<ol>\n<li>Prawid\u0142owe korzystanie ze Strony internetowej oraz korzystanie z Us\u0142ug mo\u017cliwe jest pod warunkiem spe\u0142nienia przez system teleinformatyczny Klienta co najmniej nast\u0119puj\u0105cych wymaga\u0144 technicznych:<\/li>\n<\/ol>\n<p>a) u\u017cywania przegl\u0105darki: Internet Explorer 9, Firefox 20.0.1, Chrome 8, Opera 10, Safari 5;<\/p>\n<p>b) w\u0142\u0105czenia plik\u00f3w cookies (ciasteczek) w przegl\u0105darce i Javascipt.<\/p>\n<p>\u00a76 Odpowiedzialno\u015b\u0107<\/p>\n<ol>\n<li>\n<p>Niedozwolonym jest korzystanie ze Strony internetowej (w tym z Us\u0142ug \u015bwiadczonych drog\u0105 elektroniczn\u0105) w celu naruszaj\u0105cym obowi\u0105zuj\u0105ce przepisy prawa, postanowienia Regulaminu lub dobre obyczaje.<\/p>\n<\/li>\n<li>\n<p>Zakazane jest przesy\u0142anie przez Klienta do DORAN Anna Jurkowska informacji i tre\u015bci o charakterze bezprawnym, obra\u017aliwym, informacji mog\u0105cych wprowadzi\u0107 w b\u0142\u0105d, a tak\u017ce tre\u015bci mog\u0105cych wywo\u0142a\u0107 zak\u0142\u00f3cenia lub uszkodzenia system\u00f3w komputerowych.<\/p>\n<\/li>\n<li>\n<p>DORAN Anna Jurkowska ma prawo do wstrzymania dost\u0119pu do Us\u0142ug lub rozwi\u0105zania Umowy w przypadku Klienta, kt\u00f3ry:<\/p>\n<\/li>\n<\/ol>\n<p>a) wykorzystuje Us\u0142ugi do cel\u00f3w niezgodnych z ich przeznaczeniem lub na szkod\u0119 os\u00f3b trzecich;<\/p>\n<p>b) narusza obowi\u0105zuj\u0105ce przepisy prawa, postanowienia Regulaminu b\u0105d\u017a dobre obyczaje.<\/p>\n<ol start=\"4\">\n<li>\n<p>Klient ponosi pe\u0142n\u0105 odpowiedzialno\u015b\u0107 za szkody wynikaj\u0105ce z zachowa\u0144 niezgodnych z postanowieniami niniejszego Regulaminu.<\/p>\n<\/li>\n<li>\n<p>DORAN Anna Jurkowska nie ponosi odpowiedzialno\u015bci za korzystanie przez Klienta ze Strony internetowej w spos\u00f3b sprzeczny z postanowieniami niniejszego Regulaminu oraz za konsekwencje decyzji podj\u0119tych na podstawie tre\u015bci zamieszczonych na Stronie internetowej.<\/p>\n<\/li>\n<li>\n<p>W przypadku jakiegokolwiek nieupowa\u017cnionego korzystania ze Strony internetowej lub Us\u0142ug DORAN Anna Jurkowska zastrzega sobie prawo do podj\u0119cia wszelkich niezb\u0119dnych dzia\u0142a\u0144, nie wykluczaj\u0105c wyst\u0105pienia na drog\u0119 s\u0105dow\u0105, bez powiadomienia o tym fakcie Klienta.<\/p>\n<\/li>\n<li>\n<p>Prezentowane na Stronie internetowej materia\u0142y, informacje lub ceny, nie stanowi\u0105 oferty w rozumieniu przepis\u00f3w Kodeksu cywilnego z dnia 23 kwietnia 1964 r. (Dz. U. z 1964 r. Nr 16, poz. 93 z p\u00f3\u017an. zm.).<\/p>\n<\/li>\n<li>\n<p>Wybrane towary mog\u0105 by\u0107 w okre\u015blonym czasie obj\u0119te promocj\u0105, kt\u00f3rej warunki mog\u0105 r\u00f3\u017cni\u0107 si\u0119 od warunk\u00f3w zawartych w niniejszym Regulaminie. Promocje, rabaty, itp., si\u0119 nie \u0142\u0105cz\u0105.<\/p>\n<\/li>\n<li>\n<p>Kolory drzwi mog\u0105 nieznacznie r\u00f3\u017cni\u0107 si\u0119 od kolor\u00f3w prezentowanych na zdj\u0119ciach.<\/p>\n<\/li>\n<li>\n<p>W przypadku braku mo\u017cliwo\u015bci dostarczenia towaru pod wskazany przez Klienta adres z przyczyn niezale\u017cnych od DORAN Anna Jurkowska, jak np. z powodu wskazania b\u0142\u0119dnego adresu, czy niezastania odbiorcy pod wskazanym przez Klienta adresem, Us\u0142ugodawca nie ponosi odpowiedzialno\u015bci za spowodowane takimi okoliczno\u015bciami nieterminowe wykonanie Us\u0142ugi.<\/p>\n<\/li>\n<li>\n<p>W przypadku braku mo\u017cliwo\u015bci zrealizowania Us\u0142ugi z przyczyn le\u017c\u0105cych po stronie Klienta, np. w wyniku wskazania b\u0142\u0119dnych danych, i poniesienia przez Us\u0142ugodawc\u0119 koszt\u00f3w zwi\u0105zanych z realizacj\u0105 Us\u0142ugi, Us\u0142uga zostanie uznana za zrealizowan\u0105. Ponowna pr\u00f3ba realizacji zam\u00f3wienia b\u0119dzie uznawana za nowe zam\u00f3wienie.<\/p>\n<\/li>\n<li>\n<p>DORAN Anna Jurkowska nie ponosi odpowiedzialno\u015bci za problemy techniczne b\u0105d\u017a ograniczenia techniczne Strony internetowej<\/p>\n<\/li>\n<\/ol>\n<p>Reklamacje, zwroty<\/p>\n<ol>\n<li>\n<p>Zakupiony towar mo\u017cna zwr\u00f3ci\u0107 w ci\u0105gu 10 dni. O ile nie jest na indywidualne zam\u00f3wienie .Mo\u017cliwy zwrot tylko produkt\u00f3w dost\u0119pnych na magazynie .Zwrot zakupionego towaru odbywa si\u0119 na koszt klienta .Aby dokona\u0107 zwrotu towaru nale\u017cy wys\u0142a\u0107 maila na adres <a target=\"_new\">kontakt@studiodrzwi.com<\/a>. z informacj\u0105 o zwrocie .Towar powinien by\u0107 zwr\u00f3cony w nienaruszonym opakowaniu fabrycznym. Do zwrotu nale\u017cy do\u0142\u0105czy\u0107 dow\u00f3d zakupu (paragon lub faktur\u0119). Zwrot towaru dokonywany jest na koszt Zamawiaj\u0105cego. Nale\u017cno\u015b\u0107 za zwr\u00f3cony towar b\u0119dzie wp\u0142acana na konto podane przez Zamawiaj\u0105cego, jednak\u017ce pod warunkiem otrzymania towaru w opakowaniu fabrycznym i nienaruszonym.<\/p>\n<\/li>\n<li>\n<p>Drzwi niestandardowe tj. Zapis w punkcie 38 3\/4, podlegaj\u0105 wymianie tylko za dop\u0142at\u0105 150z\u0142 do skrzyd\u0142a. Drzwi ukryte ,brak mo\u017cliwo\u015bci zwrotu .<\/p>\n<\/li>\n<li>\n<p>Odbieraj\u0105c zam\u00f3wiony towar Zamawiaj\u0105cy jest zobowi\u0105zany do sprawdzenia przesy\u0142ki. W przypadku stwierdzenia uszkodzenia przesy\u0142ki, nale\u017cy odm\u00f3wi\u0107 jej przyj\u0119cia i spisa\u0107 protok\u00f3\u0142 szkodowy w obecno\u015bci przedstawiciela Poczty Polskiej lub firmy kurierskiej. Zamawiaj\u0105cy jest zobowi\u0105zany do niezw\u0142ocznego powiadomienia o tym fakcie Sklepu Internetowego oraz przes\u0142ania na adres Sklepu (pocztowy lub e-mailowy) kopii protoko\u0142u szkody.<\/p>\n<\/li>\n<li>\n<p>Reklamacji nie podlegaj\u0105 drzwi lub ich dodatkowe elementy ze zmianami mechanicznymi, dokonanymi przez klienta.<\/p>\n<\/li>\n<li>\n<p>Wszelkie reklamacje dotycz\u0105ce zam\u00f3wionych towar\u00f3w nale\u017cy sk\u0142ada\u0107 w formie pisemnej, przesy\u0142aj\u0105c je na adres e-mail: <a target=\"_new\">kontakt@studiodrzwi.com<\/a> lub listownie na adres:<\/p>\n<\/li>\n<\/ol>\n<p>DORAN Anna Jurkowska<\/p>\n<p>Ul. Ko\u015bcielna 14<\/p>\n<p>26-800 Bia\u0142obrzegi<\/p>\n<p>Reklamacja powinna zawiera\u0107 oznaczenie Zamawiaj\u0105cego, adres do dor\u0119cze\u0144, adres e-mail (je\u015bli Zamawiaj\u0105cy go posiada) oraz zwi\u0119z\u0142y opis zdarzenia uzasadniaj\u0105cego reklamacj\u0119. Odpowied\u017a Sklepu Internetowego na reklamacj\u0119 b\u0119dzie udzielana w terminie 14 dni od otrzymania pisma od Zamawiaj\u0105cego. Reklamacje nieprawid\u0142owe nie b\u0119d\u0105 rozpatrywane.<\/p>\n<p>Reklamacja powinna zosta\u0107 wys\u0142ana na e-mail: <a target=\"_new\">kontakt@studiodrzwi.com<\/a><\/p>\n<p>Postanowienia ko\u0144cowe<\/p>\n<ol>\n<li>\n<p>DORAN Anna Jurkowska zastrzega sobie prawo jednostronnego dokonywania zmian w regulaminie oraz wysoko\u015bci op\u0142at za dor\u0119czenie przesy\u0142ek.<\/p>\n<\/li>\n<li>\n<p>Zmiany w Regulaminie s\u0105 obowi\u0105zuj\u0105ce od chwili zamieszczenia ich na stronie internetowej Sklepu Internetowego w cz\u0119\u015bci Regulamin. Zmiany nie dotycz\u0105 ju\u017c potwierdzonych zam\u00f3wie\u0144.<\/p>\n<\/li>\n<li>\n<p>Drzwi z innych wymiar\u00f3w jak na stronie, ni\u017c zam\u00f3wione, mo\u017cna odebra\u0107 ale wymiana jest mo\u017cliwa po wcze\u015bniejszym ustaleniu i zap\u0142acie za dodatkowe koszty. Wymiana drzwi na inne wymiary jest p\u0142atna.<\/p>\n<\/li>\n<li>\n<p>Niniejszy Regulamin wchodzi w \u017cycie z dniem 1 pa\u017adziernika 2022 roku.<\/p>\n<\/li>\n<li>\n<p>Niniejszy Regulamin zosta\u0142 przyj\u0119ty w wyniku postanowie\u0144 Kodeksu cywilnego z dnia 23 kwietnia 1964 roku (Dz. U. z 1964 r. Nr 16, poz. 93 z p\u00f3\u017an. zm.), ustawy o \u015bwiadczeniu us\u0142ug drog\u0105 elektroniczn\u0105 z dnia 18 lipca 2002 roku (Dz. U. Nr 144, poz. 1204 z p\u00f3\u017an. zm.) oraz innych przepis\u00f3w obowi\u0105zuj\u0105cych w Polsce.<\/p>\n<\/li>\n<li>\n<p>Strony zobowi\u0105zuj\u0105 si\u0119 do rozwi\u0105zywania spor\u00f3w wynik\u0142ych z Umowy na drodze negocjacji, a w przypadku niemo\u017cno\u015bci uzyskania porozumienia, do rozstrzygania sporu przez s\u0105d w\u0142a\u015bciwy dla siedziby DORAN Anna Jurkowska.<\/p>\n<\/li>\n<li>\n<p>Regulamin dost\u0119pny jest dla Klient\u00f3w na stronie internetowej <a href=\"https:\/\/studiodrzwi.com\/en\/\" target=\"_new\">www.studiodrzwi.com<\/a>.<\/p>\n<\/li>\n<\/ol>\n<p>DORAN ANNA JURKOWSKA<\/p>\n<p>Ul. Klwatecka 30A\/1<\/p>\n<p>26-600 Radom<\/p>\n<p>NIP: 7981440356<\/p>\t\t\t\t\t\t\t\t<\/div>\n\t\t\t\t\t<\/div>\n\t\t\t\t<\/div>\n\t\t\t\t<\/div>","protected":false},"excerpt":{"rendered":"<p>Regulamin sklepu internetowego Studio Drzwi (DORAN Anna Jurkowska) Regulamin \u015bwiadczenia us\u0142ug drog\u0105 elektroniczn\u0105 przez DORAN Anna Jurkowska Decyduj\u0105c si\u0119 na korzystanie z us\u0142ug DORAN ANNA JURKOWSKA za po\u015brednictwem strony internetowej [&hellip;]<\/p>\n","protected":false},"author":1,"featured_media":0,"parent":0,"menu_order":0,"comment_status":"closed","ping_status":"closed","template":"","meta":{"footnotes":""},"class_list":["post-15","page","type-page","status-publish","hentry"],"blog_post_layout_featured_media_urls":{"thumbnail":"","full":""},"categories_names":null,"comments_number":"0","_links":{"self":[{"href":"https:\/\/studiodrzwi.com\/en\/wp-json\/wp\/v2\/pages\/15","targetHints":{"allow":["GET"]}}],"collection":[{"href":"https:\/\/studiodrzwi.com\/en\/wp-json\/wp\/v2\/pages"}],"about":[{"href":"https:\/\/studiodrzwi.com\/en\/wp-json\/wp\/v2\/types\/page"}],"author":[{"embeddable":true,"href":"https:\/\/studiodrzwi.com\/en\/wp-json\/wp\/v2\/users\/1"}],"replies":[{"embeddable":true,"href":"https:\/\/studiodrzwi.com\/en\/wp-json\/wp\/v2\/comments?post=15"}],"version-history":[{"count":0,"href":"https:\/\/studiodrzwi.com\/en\/wp-json\/wp\/v2\/pages\/15\/revisions"}],"wp:attachment":[{"href":"https:\/\/studiodrzwi.com\/en\/wp-json\/wp\/v2\/media?parent=15"}],"curies":[{"name":"wp","href":"https:\/\/api.w.org\/{rel}","templated":true}]}}