{"id":11933,"date":"2022-05-03T11:21:36","date_gmt":"2022-05-03T11:21:36","guid":{"rendered":"https:\/\/wp.themedemo.org\/WP01\/WP004\/?page_id=3"},"modified":"2024-12-21T11:53:20","modified_gmt":"2024-12-21T10:53:20","slug":"polityka-prywatnosci","status":"publish","type":"page","link":"https:\/\/studiodrzwi.com\/en\/polityka-prywatnosci\/","title":{"rendered":"Polityka prywatno\u015bci"},"content":{"rendered":"\n<h1 class=\"wp-block-heading has-text-align-center\">Klauzula informacyjna<\/h1>\n\n\n\n<p>Studio Drzwi z siedzib\u0105 w ul. Ko\u015bcielna 14,26-800 Bia\u0142obrzegi jako administrator Pa\u0144stwa danych osobowych dzia\u0142aj\u0105cy w zgodzie z Og\u00f3lnym Rozporz\u0105dzeniem o Ochronie Danych Osobowych (RODO) przetwarza dane osobowe jedynie w celach zgodnych z prawem. Naszym celem jest r\u00f3wnie\u017c nale\u017cyte informowanie Pa\u0144stwa o sprawach zwi\u0105zanych z przetwarzaniem danych osobowych. Mo\u017cna si\u0119 z nami skontaktowa\u0107 pod adresem <a href=\"mailto:sklep@studiodrzwi.com\">sklep@studiodrzwi.com<\/a> lub telefonicznie pod numerem 48 613 01 13.<\/p>\n\n\n\n<p>Dane osobowe naszych klient\u00f3w jak i kontrahent\u00f3w przetwarzamy poniewa\u017c jest to niezb\u0119dne dla celu wykonania umowy oraz przepis\u00f3w prawa wymagaj\u0105cych od nas przetwarzania danych osobowych dla cel\u00f3w podatkowych i rachunkowych.<\/p>\n\n\n\n<p>Podstaw\u0105 prawn\u0105 przetwarzania jest r\u00f3wnie\u017c nale\u017cyte i jak najlepsze wykonanie zawartej umowy, jak i obowi\u0105zk\u00f3w wynikaj\u0105cych z przepis\u00f3w prawa (np. prawa podatkowego lub przepis\u00f3w o rachunkowo\u015bci) oraz usprawiedliwionym interesie administratora na potrzeby obrony przed ewentualnymi roszczeniami lub na potrzeby dochodzenia roszcze\u0144.<\/p>\n\n\n\n<p>Czas, przez jaki przetwarzamy dane osobowe, jest uzale\u017cniony od podstawy prawnej stanowi\u0105cej legaln\u0105 przes\u0142ank\u0119 przetwarzania danych osobowych przez Studio Drzwi. Okres przetwarzania danych osobowych wynika r\u00f3wnie\u017c z realizacji um\u00f3w zawartych z Studio Drzwi, a naszymi klientami czy kontrahentami.<\/p>\n\n\n\n<p>W przypadku, gdy Studio Drzwi przetwarza dane osobowe na podstawie uzasadnionego interesu administratora danych, okres przetwarzania trwa do momentu ustania ww. interesu (np. okres przedawnienia roszcze\u0144 cywilnoprawnych) lub do momentu sprzeciwienia si\u0119 osoby, kt\u00f3rej dane dotycz\u0105, dalszemu takiemu przetwarzaniu \u2013 w sytuacjach, gdy sprzeciw taki zgodnie z przepisami prawa przys\u0142uguje.<\/p>\n\n\n\n<p>W przypadku, gdy Studio Drzwi przetwarza dane osobowe, poniewa\u017c jest to konieczne z uwagi na obowi\u0105zuj\u0105ce przepisy prawa, okresy przetwarzania danych w tym celu okre\u015blaj\u0105 te przepisy.<\/p>\n\n\n\n<p>Odbiorcami danych osobowych, kt\u00f3re Studio Drzwi przetwarza jako administrator danych osobowych mog\u0105 by\u0107:<\/p>\n\n\n\n<ul class=\"wp-block-list\">\n<li>podmioty przetwarzaj\u0105ce dane osobowe na mocy um\u00f3w powierzenia przetwarzania danych osobowych,<\/li>\n\n\n\n<li>podmioty \u015bwiadcz\u0105ce us\u0142ugi hostingowe,<\/li>\n\n\n\n<li>podmioty realizuj\u0105ce kampanie marketingowe lub sprzeda\u017cowe na rzecz Studio Drzwi,<\/li>\n\n\n\n<li>pozostali podwykonawcy Studio Drzwi, \u015bwiadcz\u0105cy us\u0142ugi z zakresu dostarczania oprogramowania, us\u0142ugi serwisowania oprogramowania lub sprz\u0119tu z kt\u00f3rego korzysta Studio Drzwi, a tak\u017ce dostawcy towar\u00f3w i us\u0142ug, z pomocy kt\u00f3rych korzystamy,<\/li>\n\n\n\n<li>firmy windykacyjne,<\/li>\n\n\n\n<li>audytorzy i biegli rewidenci, doradcy prawni,<\/li>\n\n\n\n<li>doradcy podatkowi,<\/li>\n\n\n\n<li>organy nadzoruj\u0105ce przestrzeganie prawa, organy regulacyjne i inne organy administracji publicznej w ramach postepowa\u0144 administracyjnych.<\/li>\n<\/ul>\n\n\n\n<p>Ka\u017cdej osobie fizycznej, kt\u00f3rej dane osobowe przetwarzamy przys\u0142uguj\u0105 nast\u0119puj\u0105ce prawa:<\/p>\n\n\n\n<ul class=\"wp-block-list\">\n<li>dost\u0119pu do danych,<\/li>\n\n\n\n<li>poprawiania swoich danych,<\/li>\n\n\n\n<li>wycofania zgody bez wp\u0142ywu na przetwarzanie danych przed jej wycofaniem,<\/li>\n\n\n\n<li>ograniczenia przetwarzania,<\/li>\n\n\n\n<li>sprzeciwu wobec przetwarzania,<\/li>\n\n\n\n<li>usuni\u0119cia danych osobowych,<\/li>\n\n\n\n<li>przeniesienia danych.<\/li>\n<\/ul>\n\n\n\n<p>Powy\u017csze prawa osoby b\u0119d\u0105 realizowane po rozpatrzeniu wszystkich przes\u0142anek i obowi\u0105zk\u00f3w ci\u0105\u017c\u0105cych na Studio Drzwi jak i po pozytywnym zweryfikowaniu to\u017csamo\u015bci osoby, kt\u00f3ra wyst\u0105pi o realizacje swoich praw.<\/p>\n\n\n\n<p>Dane osobowe nie b\u0119d\u0105 podlega\u0142y zautomatyzowanemu przetwarzaniu, w tym profilowaniu.<\/p>\n\n\n\n<p>W zwi\u0105zku z przetwarzaniem danych osobowych ka\u017cdej osobie przys\u0142uguje prawo wniesienia skargi do organu nadzorczego.<\/p>\n\n\n\n<h2 class=\"wp-block-heading has-text-align-center\">Informacje odno\u015bnie plik\u00f3w cookies<\/h2>\n\n\n\n<p>Polityka cookies sporz\u0105dzona zosta\u0142a zgodnie z obowi\u0105zkami wynikaj\u0105cymi z nowelizacji Prawa Telekomunikacyjnego, kt\u00f3re wesz\u0142y w \u017cycie 22 marca 2013 roku. Obowi\u0105zki te podobnie s\u0105 realizowane w ca\u0142ej Europie wskutek implementowania dyrektywy europejskiej.<\/p>\n\n\n\n<script>window['stg'] = window['stg'] || {};window['stg'].optedOutCheckboxText=\" Zrezygnowa\u0142e\u015b z tej opcji. Odznacz, aby wyrazi\u0107 zgod\u0119.\";window['stg'].optedInCheckboxText=\" Zrezygnuj z gromadzenia i wykorzystywania danych\";window['stg'].isGlobal=false;window['stg'].instanceHostname=\"https:\/\/studiodrzwi.containers.piwik.pro\";<\/script><div id=\"_stg_opt_out_iframe_content\" style=\"display: none;\"><p>Zbieramy i przetwarzamy Twoje dane na tej stronie, aby lepiej zrozumie\u0107, w jaki spos\u00f3b s\u0105 one wykorzystywane. Mo\u017cesz wyrazi\u0107 zgod\u0119 lub zrezygnowa\u0107 w dowolnym momencie.<\/p><input id=\"_stg_optout_checkbox\" onclick=\"window.parent.storeUserOptOutPreferences();\" type=\"checkbox\"><label id=\"_stg_optout_checkbox_label\" for=\"_stg_optout_checkbox\"><\/label><\/div><script src=\"https:\/\/studiodrzwi.containers.piwik.pro\/privacy\/script.v2.js\">\n<\/script>\n","protected":false},"excerpt":{"rendered":"<p>Klauzula informacyjna Studio Drzwi z siedzib\u0105 w ul. Ko\u015bcielna 14,26-800 Bia\u0142obrzegi jako administrator Pa\u0144stwa danych osobowych dzia\u0142aj\u0105cy w zgodzie z Og\u00f3lnym Rozporz\u0105dzeniem o Ochronie Danych Osobowych (RODO) przetwarza dane osobowe [&hellip;]<\/p>\n","protected":false},"author":1,"featured_media":0,"parent":0,"menu_order":0,"comment_status":"closed","ping_status":"open","template":"","meta":{"footnotes":""},"class_list":["post-11933","page","type-page","status-publish","hentry"],"blog_post_layout_featured_media_urls":{"thumbnail":"","full":""},"categories_names":null,"comments_number":"0","_links":{"self":[{"href":"https:\/\/studiodrzwi.com\/en\/wp-json\/wp\/v2\/pages\/11933","targetHints":{"allow":["GET"]}}],"collection":[{"href":"https:\/\/studiodrzwi.com\/en\/wp-json\/wp\/v2\/pages"}],"about":[{"href":"https:\/\/studiodrzwi.com\/en\/wp-json\/wp\/v2\/types\/page"}],"author":[{"embeddable":true,"href":"https:\/\/studiodrzwi.com\/en\/wp-json\/wp\/v2\/users\/1"}],"replies":[{"embeddable":true,"href":"https:\/\/studiodrzwi.com\/en\/wp-json\/wp\/v2\/comments?post=11933"}],"version-history":[{"count":0,"href":"https:\/\/studiodrzwi.com\/en\/wp-json\/wp\/v2\/pages\/11933\/revisions"}],"wp:attachment":[{"href":"https:\/\/studiodrzwi.com\/en\/wp-json\/wp\/v2\/media?parent=11933"}],"curies":[{"name":"wp","href":"https:\/\/api.w.org\/{rel}","templated":true}]}}