{"id":10257,"date":"2022-05-18T06:09:15","date_gmt":"2022-05-18T06:09:15","guid":{"rendered":"https:\/\/wp.themedemo.org\/WCM07\/WCM070164\/?page_id=9022"},"modified":"2026-04-16T21:57:28","modified_gmt":"2026-04-16T19:57:28","slug":"dostawa-drzwi","status":"publish","type":"page","link":"https:\/\/studiodrzwi.com\/en\/dostawa-drzwi\/","title":{"rendered":"Dostawa i monta\u017c"},"content":{"rendered":"<div class=\"wp-block-columns is-layout-flex wp-container-core-columns-is-layout-28f84493 wp-block-columns-is-layout-flex\">\n<div class=\"wp-block-column is-layout-flow wp-block-column-is-layout-flow\">\n<h2 class=\"wp-block-heading has-text-align-left\">Dostawa zam\u00f3wie\u0144<\/h2>\n\n\n\n<p class=\"has-text-align-left\">Koszty transportu obliczamy na etapie finalizacji zam\u00f3wienia w sklepie internetowym. Koszt jest uzale\u017cniony od warto\u015bci zam\u00f3wienia.<\/p>\n\n\n\n<p class=\"has-text-align-left has-larger-font-size\"><strong>Dla zam\u00f3wie\u0144 o warto\u015bci powy\u017cej 8 000 z\u0142 transport gratis.<\/strong><\/p>\n\n\n\n<p class=\"has-text-align-left\">Dostaw\u0119 realizujemy <strong>w\u0142asnym transportem<\/strong>, dzi\u0119ki czemu gwarantujemy najwy\u017csz\u0105 dba\u0142o\u015b\u0107 o zakupione produkty.<\/p>\n\n\n\n<p class=\"has-text-align-left\">Dla produkt\u00f3w oznaczonych od r\u0119ki &#8211; oferujemy skr\u00f3cony czas oczekiwania &#8211; tj. 3-6 dni. Dla pozosta\u0142ych czas oczekiwania na dostaw\u0119 wynosi oko\u0142o 14-21 dni od zaksi\u0119gowania p\u0142atno\u015bci. Dla DRE Supreme oko\u0142o 6 tygodni.<\/p>\n\n\n\n<ul class=\"wp-block-list\">\n<li>Zam\u00f3wienie o warto\u015bci: 100 &#8211; 7 999 z\u0142, koszt dostawy = 247 z\u0142<\/li>\n\n\n\n<li>Zam\u00f3wienie o warto\u015bci <strong>od 8 000 z\u0142 &#8211; darmowa dostawa<\/strong> firmowym transportem<\/li>\n\n\n\n<li>Klamki &#8211; przesy\u0142ka kurierska op\u0142acona z g\u00f3ry. Koszt dostawy = 25 z\u0142<\/li>\n<\/ul>\n\n\n\n<p class=\"has-text-align-left\">W przypadku indywidualnych pyta\u0144, prosimy o kontakt.<\/p>\n\n\n\n<p class=\"has-text-align-left\">Dostawa realizowana na terenie Polski. W przypadku dostawy poza granice kraju, prosimy o kontakt.<\/p>\n\n\n\n<h2 class=\"wp-block-heading has-text-align-left\">Monta\u017c drzwi<\/h2>\n\n\n\n<p class=\"has-text-align-left\">Dla zam\u00f3wie\u0144 (co najmniej 4 komplety drzwi) realizowanych na terenie wojew\u00f3dztwa mazowieckiego oferujemy us\u0142ug\u0119 monta\u017cu.<\/p>\n\n\n\n<p class=\"has-text-align-left\">W celu skorzystania z us\u0142ugi monta\u017cu drzwi, prosimy o kontakt z dzia\u0142em obs\u0142ugi klienta &#8211; szczeg\u00f3\u0142y w zak\u0142adce&nbsp;<a href=\"\/en\/kontakt\/\">kontakt<\/a>.<\/p>\n<\/div>\n\n\n\n<div class=\"wp-block-column is-vertically-aligned-center is-layout-flow wp-block-column-is-layout-flow\"><div class=\"wp-block-image\">\n<figure class=\"aligncenter size-large\"><img fetchpriority=\"high\" decoding=\"async\" width=\"1024\" height=\"1024\" src=\"https:\/\/studiodrzwi.com\/wp-content\/uploads\/2024\/01\/Magazyn-Studio-Drzwi-Bialobrzegi-sklep-online-z-drzwiami-1024x1024.webp\" alt=\"Magazyn Studio Drzwi, Bia\u0142obrzegi - sklep online z drzwiami\" class=\"wp-image-22739\" srcset=\"https:\/\/studiodrzwi.com\/wp-content\/uploads\/2024\/01\/Magazyn-Studio-Drzwi-Bialobrzegi-sklep-online-z-drzwiami-1024x1024.webp 1024w, https:\/\/studiodrzwi.com\/wp-content\/uploads\/2024\/01\/Magazyn-Studio-Drzwi-Bialobrzegi-sklep-online-z-drzwiami-100x100.webp 100w, https:\/\/studiodrzwi.com\/wp-content\/uploads\/2024\/01\/Magazyn-Studio-Drzwi-Bialobrzegi-sklep-online-z-drzwiami-205x205.webp 205w, https:\/\/studiodrzwi.com\/wp-content\/uploads\/2024\/01\/Magazyn-Studio-Drzwi-Bialobrzegi-sklep-online-z-drzwiami-300x300.webp 300w, https:\/\/studiodrzwi.com\/wp-content\/uploads\/2024\/01\/Magazyn-Studio-Drzwi-Bialobrzegi-sklep-online-z-drzwiami-150x150.webp 150w, https:\/\/studiodrzwi.com\/wp-content\/uploads\/2024\/01\/Magazyn-Studio-Drzwi-Bialobrzegi-sklep-online-z-drzwiami-768x768.webp 768w, https:\/\/studiodrzwi.com\/wp-content\/uploads\/2024\/01\/Magazyn-Studio-Drzwi-Bialobrzegi-sklep-online-z-drzwiami.webp 1080w\" sizes=\"(max-width: 1024px) 100vw, 1024px\" \/><figcaption class=\"wp-element-caption\">Magazyn sklepu online studiodrzwi.com, Jedli\u0144sk<\/figcaption><\/figure>\n<\/div><\/div>\n<\/div>\n\n\n\n<p><\/p>\n\n\n\n<p><\/p>","protected":false},"excerpt":{"rendered":"<p>Dostawa zam\u00f3wie\u0144 Koszty transportu obliczamy na etapie finalizacji zam\u00f3wienia w sklepie internetowym. Koszt jest uzale\u017cniony od warto\u015bci zam\u00f3wienia. Dla zam\u00f3wie\u0144 o warto\u015bci powy\u017cej 8 000 z\u0142 transport gratis. Dostaw\u0119 realizujemy [&hellip;]<\/p>\n","protected":false},"author":1,"featured_media":0,"parent":0,"menu_order":0,"comment_status":"closed","ping_status":"closed","template":"","meta":{"footnotes":""},"class_list":["post-10257","page","type-page","status-publish","hentry"],"blog_post_layout_featured_media_urls":{"thumbnail":"","full":""},"categories_names":null,"comments_number":"0","_links":{"self":[{"href":"https:\/\/studiodrzwi.com\/en\/wp-json\/wp\/v2\/pages\/10257","targetHints":{"allow":["GET"]}}],"collection":[{"href":"https:\/\/studiodrzwi.com\/en\/wp-json\/wp\/v2\/pages"}],"about":[{"href":"https:\/\/studiodrzwi.com\/en\/wp-json\/wp\/v2\/types\/page"}],"author":[{"embeddable":true,"href":"https:\/\/studiodrzwi.com\/en\/wp-json\/wp\/v2\/users\/1"}],"replies":[{"embeddable":true,"href":"https:\/\/studiodrzwi.com\/en\/wp-json\/wp\/v2\/comments?post=10257"}],"version-history":[{"count":2,"href":"https:\/\/studiodrzwi.com\/en\/wp-json\/wp\/v2\/pages\/10257\/revisions"}],"predecessor-version":[{"id":37784,"href":"https:\/\/studiodrzwi.com\/en\/wp-json\/wp\/v2\/pages\/10257\/revisions\/37784"}],"wp:attachment":[{"href":"https:\/\/studiodrzwi.com\/en\/wp-json\/wp\/v2\/media?parent=10257"}],"curies":[{"name":"wp","href":"https:\/\/api.w.org\/{rel}","templated":true}]}}